{"id":64012,"date":"2024-10-02T13:00:58","date_gmt":"2024-10-02T16:00:58","guid":{"rendered":"https:\/\/luxuryhomefloripa.com\/?page_id=64012"},"modified":"2025-05-15T20:45:02","modified_gmt":"2025-05-15T23:45:02","slug":"o-que-fazer-em-florianopolis-dicas-imperdiveis-para-sua-primeira-visita","status":"publish","type":"page","link":"https:\/\/luxuryhomefloripa.com.br\/ru\/o-que-fazer-em-florianopolis-dicas-imperdiveis-para-sua-primeira-visita\/","title":{"rendered":"O que fazer em Florian\u00f3polis: Dicas imperd\u00edveis para sua primeira visita"},"content":{"rendered":"<p>Florian\u00f3polis, a capital de Santa Catarina, \u00e9 um destino vasto e cheio de encantos naturais, hist\u00f3ricos e culturais. Sendo assim, para quem visita a cidade pela primeira vez, organizar o roteiro pode ser desafiador devido \u00e0 diversidade de atra\u00e7\u00f5es que a ilha oferece. Por isso, preparamos uma lista com 30 sugest\u00f5es sobre o que fazer em Florian\u00f3polis, organizada por regi\u00f5es, para que voc\u00ea aproveite ao m\u00e1ximo sua estadia na ilha.<\/p>\n\n\n\n<h2 class=\"wp-block-heading\" id=\"h-o-que-fazer-em-florianopolis-regiao-central\">O que fazer em Florian\u00f3polis: Regi\u00e3o Central<\/h2>\n\n\n\n<h3 class=\"wp-block-heading\" id=\"h-1-conhecer-a-ponte-hercilio-luz\">1. Conhecer a Ponte Herc\u00edlio Luz<\/h3>\n\n\n\n<p>A Ponte Herc\u00edlio Luz \u00e9 um dos principais cart\u00f5es-postais de Florian\u00f3polis e um marco na hist\u00f3ria da cidade. A constru\u00e7\u00e3o de 1926 liga o continente \u00e0 ilha, e a travessia proporciona vistas deslumbrantes da ba\u00eda.<\/p>\n\n\n\n<h3 class=\"wp-block-heading\" id=\"h-2-passear-pelo-parque-da-luz\">2. Passear pelo Parque da Luz<\/h3>\n\n\n\n<p>Caminhando pela ponte, voc\u00ea encontrar\u00e1 o Parque da Luz. Ou seja, o local \u00e9 ideal para momentos de lazer em meio \u00e0 natureza, oferecendo um espa\u00e7o verde. Bem como, ciclovia, e um mirante com vista privilegiada para a Ponte Herc\u00edlio Luz.<\/p>\n\n\n\n<h3 class=\"wp-block-heading\" id=\"h-3-visitar-o-mercado-publico\">3. Visitar o Mercado P\u00fablico<\/h3>\n\n\n\n<p>O Mercado P\u00fablico de Florian\u00f3polis \u00e9 parada obrigat\u00f3ria para quem deseja conhecer a gastronomia local, especialmente os frutos do mar. Al\u00e9m disso, o local \u00e9 recheado de hist\u00f3ria, cultura e anima\u00e7\u00e3o, especialmente nos finais de semana.<\/p>\n\n\n\n<h3 class=\"wp-block-heading\" id=\"h-4-museu-historico-de-santa-catarina\">4. Museu Hist\u00f3rico de Santa Catarina<\/h3>\n\n\n\n<p>Instalado no imponente Pal\u00e1cio Cruz e Sousa, o museu oferece uma imers\u00e3o na hist\u00f3ria catarinense, com exposi\u00e7\u00f5es de m\u00f3veis, documentos e obras de arte dos s\u00e9culos 19 e 20.<\/p>\n\n\n\n<h3 class=\"wp-block-heading\" id=\"h-5-caminhar-pela-avenida-beira-mar-norte\">5. Caminhar pela Avenida Beira-Mar Norte<\/h3>\n\n\n\n<p>A Beira-Mar Norte \u00e9 um dos principais pontos de encontro da cidade. Ou seja, ideal para caminhadas ao longo de sua extensa ciclovia, com o mar de um lado e a vista para os modernos pr\u00e9dios da cidade de outro.<\/p>\n\n\n\n<h2 class=\"wp-block-heading\" id=\"h-o-que-fazer-em-florianopolis-regiao-leste\">O que fazer em Florian\u00f3polis: Regi\u00e3o Leste<\/h2>\n\n\n\n<h3 class=\"wp-block-heading\" id=\"h-6-passar-uma-tarde-na-lagoa-da-conceicao\">6. Passar uma tarde na Lagoa da Concei\u00e7\u00e3o<\/h3>\n\n\n\n<p>A Lagoa da Concei\u00e7\u00e3o \u00e9 um dos lugares mais emblem\u00e1ticos de Florian\u00f3polis. Portanto, ideal para um passeio descontra\u00eddo, o local oferece desde piqueniques at\u00e9 badalados bares e restaurantes na famosa Avenida das Rendeiras.<\/p>\n\n\n\n<h3 class=\"wp-block-heading\" id=\"h-7-praticar-sandboard-nas-dunas-da-praia-da-joaquina\">7. Praticar sandboard nas dunas da Praia da Joaquina<\/h3>\n\n\n\n<p>Para os aventureiros, o sandboard nas dunas da Joaquina \u00e9 uma experi\u00eancia \u00fanica. A praia, famosa pelas suas grandes ondas, tamb\u00e9m \u00e9 um reduto de surfistas e cen\u00e1rio para lindas fotos.<\/p>\n\n\n\n<h3 class=\"wp-block-heading\" id=\"h-8-andar-de-barco-pela-barra-da-lagoa\">8. Andar de barco pela Barra da Lagoa<\/h3>\n\n\n\n<p>Explore o canal da Barra da Lagoa em um passeio de barco ou canoa havaiana, ou seja, desfrutando das \u00e1guas calmas e das belas paisagens. Sendo assim, os passeios incluem paradas para banho nas piscinas naturais formadas entre as rochas.<\/p>\n\n\n\n<h3 class=\"wp-block-heading\" id=\"h-9-visitar-o-projeto-tamar\">9. Visitar o Projeto Tamar<\/h3>\n\n\n\n<p>Na Barra da Lagoa, voc\u00ea tamb\u00e9m encontra o Projeto Tamar, ou seja, dedicado \u00e0 preserva\u00e7\u00e3o das tartarugas marinhas. A visita \u00e9 educativa, especialmente para as crian\u00e7as, que ir\u00e3o acompanhar a alimenta\u00e7\u00e3o dos animais e conhecer mais sobre o trabalho dos bi\u00f3logos.<\/p>\n\n\n\n<h3 class=\"wp-block-heading\" id=\"h-10-almocar-na-costa-da-lagoa\">10. Almo\u00e7ar na Costa da Lagoa<\/h3>\n\n\n\n<p>Chegue \u00e0 Costa da Lagoa de barco ou trilha e desfrute de uma aut\u00eantica refei\u00e7\u00e3o manezinha \u00e0 base de frutos do mar em um dos restaurantes familiares. Al\u00e9m disso, o trajeto \u00e9 uma atra\u00e7\u00e3o \u00e0 parte, com vistas incr\u00edveis e contato com a natureza.<\/p>\n\n\n\n<h2 class=\"wp-block-heading\" id=\"h-o-que-fazer-em-florianopolis-regiao-sul\">O que fazer em Florian\u00f3polis: Regi\u00e3o Sul<\/h2>\n\n\n\n<h3 class=\"wp-block-heading\" id=\"h-11-explorar-a-ilha-do-campeche\">11. Explorar a Ilha do Campeche<\/h3>\n\n\n\n<p>Conhecida como o &#8220;Caribe catarinense&#8221;, a Ilha do Campeche \u00e9 uma das atra\u00e7\u00f5es mais paradis\u00edacas de Florian\u00f3polis, com suas \u00e1guas cristalinas e areia branquinha. Portanto, ideal para mergulho, trilhas e relaxamento.<\/p>\n\n\n\n<h3 class=\"wp-block-heading\" id=\"h-12-banho-na-lagoa-do-peri\">12. Banho na Lagoa do Peri<\/h3>\n\n\n\n<p>A Lagoa do Peri \u00e9 um \u00f3timo destino para quem busca contato com a natureza. Ou seja, o local \u00e9 ideal para piqueniques, trilhas e esportes aqu\u00e1ticos, al\u00e9m de ser um ref\u00fagio de tranquilidade.<\/p>\n\n\n\n<h3 class=\"wp-block-heading\" id=\"h-13-conhecer-a-praia-do-matadeiro\">13. Conhecer a Praia do Matadeiro<\/h3>\n\n\n\n<p>Se voc\u00ea busca uma praia mais reservada e com uma natureza exuberante, a Praia do Matadeiro \u00e9 a escolha perfeita. O acesso \u00e9 feito por uma trilha que oferece vistas deslumbrantes.<\/p>\n\n\n\n<h3 class=\"wp-block-heading\" id=\"h-14-comer-ostras-no-ribeirao-da-ilha\">14. Comer ostras no Ribeir\u00e3o da Ilha<\/h3>\n\n\n\n<p>O Ribeir\u00e3o da Ilha \u00e9 famoso pelo cultivo de ostras, um dos pratos t\u00edpicos de Florian\u00f3polis. Portanto, n\u00e3o deixe de provar essa iguaria manezinha, servida in natura, ao bafo ou gratinada.<\/p>\n\n\n\n<h2 class=\"wp-block-heading\" id=\"h-o-que-fazer-em-florianopolis-regiao-norte\">O que fazer em Florian\u00f3polis: Regi\u00e3o Norte<\/h2>\n\n\n\n<h3 class=\"wp-block-heading\" id=\"h-15-assistir-ao-por-do-sol-em-santo-antonio-de-lisboa\">15. Assistir ao p\u00f4r do sol em Santo Ant\u00f4nio de Lisboa<\/h3>\n\n\n\n<p>Santo Ant\u00f4nio de Lisboa \u00e9 uma das localidades mais charmosas de Floripa, com sua arquitetura a\u00e7oriana preservada e uma vista espetacular para o p\u00f4r do sol. Dessa forma, o local \u00e9 perfeito para quem quer relaxar e apreciar a beleza da cidade.<\/p>\n\n\n\n<h3 class=\"wp-block-heading\" id=\"h-16-visitar-jurere-internacional\">16. Visitar Jurer\u00ea Internacional<\/h3>\n\n\n\n<p>Conhecida como a &#8220;Miami brasileira&#8221;, Jurer\u00ea Internacional \u00e9 sin\u00f4nimo de sofistica\u00e7\u00e3o. Sendo assim, a praia com \u00e1guas calmas e quentes \u00e9 ideal para um dia relaxante, al\u00e9m das op\u00e7\u00f5es de bares e beach clubs badalados.<\/p>\n\n\n\n<h3 class=\"wp-block-heading\" id=\"h-17-fortaleza-de-sao-jose-da-ponta-grossa\">17. Fortaleza de S\u00e3o Jos\u00e9 da Ponta Grossa<\/h3>\n\n\n\n<p>Perto de Jurer\u00ea, a Fortaleza de S\u00e3o Jos\u00e9 da Ponta Grossa oferece uma combina\u00e7\u00e3o de hist\u00f3ria e vistas incr\u00edveis do alto de suas muralhas. Ou seja, um \u00f3timo ponto de visita\u00e7\u00e3o para quem quer conhecer mais sobre a defesa de Floripa no s\u00e9culo XVIII.<\/p>\n\n\n\n<h3 class=\"wp-block-heading\" id=\"h-18-passear-pela-praia-dos-ingleses\">18. Passear pela Praia dos Ingleses<\/h3>\n\n\n\n<p>A Praia dos Ingleses \u00e9 uma das mais conhecidas de Florian\u00f3polis, com suas \u00e1guas perfeitas tanto para surfistas quanto para banhistas. Bem como, as dunas e as oficinas l\u00edticas, resqu\u00edcios de povos ind\u00edgenas, adicionam um toque hist\u00f3rico ao local.<\/p>\n\n\n\n<h2 class=\"wp-block-heading\" id=\"h-o-que-fazer-em-florianopolis\">O que fazer em Florian\u00f3polis?<\/h2>\n\n\n\n<p>Florian\u00f3polis \u00e9 um destino que vai muito al\u00e9m das praias. Sendo assim, da hist\u00f3ria ao ecoturismo, a capital catarinense oferece atra\u00e7\u00f5es para todos os gostos e perfis de viajantes. Portanto, aproveite essa lista de 30 dicas e planeje um roteiro inesquec\u00edvel para sua primeira visita a essa ilha encantadora!<\/p>","protected":false},"excerpt":{"rendered":"<p>Florian\u00f3polis, a capital de Santa Catarina, \u00e9 um destino vasto e cheio de encantos naturais, hist\u00f3ricos e culturais. Sendo assim, para quem visita a cidade pela primeira vez, organizar o roteiro pode ser desafiador devido \u00e0 diversidade de atra\u00e7\u00f5es que a ilha oferece. Por isso, preparamos uma lista com 30 sugest\u00f5es sobre o que fazer &#8230;<\/p>","protected":false},"author":10,"featured_media":60693,"parent":0,"menu_order":0,"comment_status":"closed","ping_status":"closed","template":"","meta":{"_daextam_enable_autolinks":"1","footnotes":""},"categories":[312],"class_list":["post-64012","page","type-page","status-publish","has-post-thumbnail","hentry","category-landings"],"yoast_head":"<!-- This site is optimized with the Yoast SEO Premium plugin v27.5 (Yoast SEO v27.6) - https:\/\/yoast.com\/product\/yoast-seo-premium-wordpress\/ -->\n<title>O que fazer em Florian\u00f3polis: Dicas imperd\u00edveis para sua visita<\/title>\n<meta name=\"description\" content=\"O que fazer em Florian\u00f3polis: De hist\u00f3ria ao ecoturismo, a capital catarinense oferece atra\u00e7\u00f5es para todos os gostos e perfis de viajantes.\" \/>\n<meta name=\"robots\" content=\"index, follow, max-snippet:-1, max-image-preview:large, max-video-preview:-1\" \/>\n<link rel=\"canonical\" href=\"https:\/\/luxuryhomefloripa.com.br\/ru\/o-que-fazer-em-florianopolis-dicas-imperdiveis-para-sua-primeira-visita\/\" \/>\n<meta property=\"og:locale\" content=\"ru_RU\" \/>\n<meta property=\"og:type\" content=\"article\" \/>\n<meta property=\"og:title\" content=\"O que fazer em Florian\u00f3polis: Dicas imperd\u00edveis para sua primeira visita\" \/>\n<meta property=\"og:description\" content=\"Imobili\u00e1ria com Im\u00f3veis de alto padr\u00e3o \u00e0 venda em Florian\u00f3polis. Apartamentos, Casas, Coberturas, Terrenos e Lan\u00e7amentos de luxo.\" \/>\n<meta property=\"og:url\" content=\"https:\/\/luxuryhomefloripa.com.br\/ru\/o-que-fazer-em-florianopolis-dicas-imperdiveis-para-sua-primeira-visita\/\" \/>\n<meta property=\"og:site_name\" content=\"Luxury Home Floripa\" \/>\n<meta property=\"article:publisher\" content=\"https:\/\/www.facebook.com\/luxuryhomefloripa\" \/>\n<meta property=\"article:modified_time\" content=\"2025-05-15T23:45:02+00:00\" \/>\n<meta property=\"og:image\" content=\"https:\/\/luxuryhomefloripa.com.br\/wp-content\/uploads\/2024\/06\/Ponte-Hercilio-Luz-1.webp\" \/>\n\t<meta property=\"og:image:width\" content=\"1600\" \/>\n\t<meta property=\"og:image:height\" content=\"960\" \/>\n\t<meta property=\"og:image:type\" content=\"image\/webp\" \/>\n<meta name=\"twitter:card\" content=\"summary_large_image\" \/>\n<meta name=\"twitter:label1\" content=\"\u041f\u0440\u0438\u043c\u0435\u0440\u043d\u043e\u0435 \u0432\u0440\u0435\u043c\u044f \u0434\u043b\u044f \u0447\u0442\u0435\u043d\u0438\u044f\" \/>\n\t<meta name=\"twitter:data1\" content=\"6 \u043c\u0438\u043d\u0443\u0442\" \/>\n<script type=\"application\/ld+json\" class=\"yoast-schema-graph\">{\"@context\":\"https:\\\/\\\/schema.org\",\"@graph\":[{\"@type\":\"WebPage\",\"@id\":\"https:\\\/\\\/luxuryhomefloripa.com.br\\\/o-que-fazer-em-florianopolis-dicas-imperdiveis-para-sua-primeira-visita\\\/\",\"url\":\"https:\\\/\\\/luxuryhomefloripa.com.br\\\/o-que-fazer-em-florianopolis-dicas-imperdiveis-para-sua-primeira-visita\\\/\",\"name\":\"O que fazer em Florian\u00f3polis: Dicas imperd\u00edveis para sua visita\",\"isPartOf\":{\"@id\":\"https:\\\/\\\/luxuryhomefloripa.com.br\\\/#website\"},\"primaryImageOfPage\":{\"@id\":\"https:\\\/\\\/luxuryhomefloripa.com.br\\\/o-que-fazer-em-florianopolis-dicas-imperdiveis-para-sua-primeira-visita\\\/#primaryimage\"},\"image\":{\"@id\":\"https:\\\/\\\/luxuryhomefloripa.com.br\\\/o-que-fazer-em-florianopolis-dicas-imperdiveis-para-sua-primeira-visita\\\/#primaryimage\"},\"thumbnailUrl\":\"https:\\\/\\\/luxuryhomefloripa.com.br\\\/wp-content\\\/uploads\\\/2024\\\/06\\\/Ponte-Hercilio-Luz-1.webp\",\"datePublished\":\"2024-10-02T16:00:58+00:00\",\"dateModified\":\"2025-05-15T23:45:02+00:00\",\"description\":\"O que fazer em Florian\u00f3polis: De hist\u00f3ria ao ecoturismo, a capital catarinense oferece atra\u00e7\u00f5es para todos os gostos e perfis de viajantes.\",\"breadcrumb\":{\"@id\":\"https:\\\/\\\/luxuryhomefloripa.com.br\\\/o-que-fazer-em-florianopolis-dicas-imperdiveis-para-sua-primeira-visita\\\/#breadcrumb\"},\"inLanguage\":\"ru-RU\",\"potentialAction\":[{\"@type\":\"ReadAction\",\"target\":[\"https:\\\/\\\/luxuryhomefloripa.com.br\\\/o-que-fazer-em-florianopolis-dicas-imperdiveis-para-sua-primeira-visita\\\/\"]}]},{\"@type\":\"ImageObject\",\"inLanguage\":\"ru-RU\",\"@id\":\"https:\\\/\\\/luxuryhomefloripa.com.br\\\/o-que-fazer-em-florianopolis-dicas-imperdiveis-para-sua-primeira-visita\\\/#primaryimage\",\"url\":\"https:\\\/\\\/luxuryhomefloripa.com.br\\\/wp-content\\\/uploads\\\/2024\\\/06\\\/Ponte-Hercilio-Luz-1.webp\",\"contentUrl\":\"https:\\\/\\\/luxuryhomefloripa.com.br\\\/wp-content\\\/uploads\\\/2024\\\/06\\\/Ponte-Hercilio-Luz-1.webp\",\"width\":1600,\"height\":960,\"caption\":\"Centro de Florian\u00f3polis: Estilo de Vida Pulsante e Dicas de Passeios na Ponte Herc\u00edlio Luz\"},{\"@type\":\"BreadcrumbList\",\"@id\":\"https:\\\/\\\/luxuryhomefloripa.com.br\\\/o-que-fazer-em-florianopolis-dicas-imperdiveis-para-sua-primeira-visita\\\/#breadcrumb\",\"itemListElement\":[{\"@type\":\"ListItem\",\"position\":1,\"name\":\"In\u00edcio\",\"item\":\"https:\\\/\\\/luxuryhomefloripa.com.br\\\/\"},{\"@type\":\"ListItem\",\"position\":2,\"name\":\"O que fazer em Florian\u00f3polis: Dicas imperd\u00edveis para sua primeira visita\"}]},{\"@type\":\"WebSite\",\"@id\":\"https:\\\/\\\/luxuryhomefloripa.com.br\\\/#website\",\"url\":\"https:\\\/\\\/luxuryhomefloripa.com.br\\\/\",\"name\":\"Luxury Home Floripa - Imobili\u00e1ria com Im\u00f3veis de alto padr\u00e3o em Florian\u00f3polis\",\"description\":\"Imobili\u00e1ria em Jurer\u00ea - Florian\u00f3polis com Im\u00f3veis de alto padr\u00e3o \u00e0 venda em Florian\u00f3polis. Apartamentos, casas, coberturas, terrenos e lan\u00e7amentos de luxo.\",\"publisher\":{\"@id\":\"https:\\\/\\\/luxuryhomefloripa.com.br\\\/#organization\"},\"alternateName\":\"Luxury Home Floripa\",\"potentialAction\":[{\"@type\":\"SearchAction\",\"target\":{\"@type\":\"EntryPoint\",\"urlTemplate\":\"https:\\\/\\\/luxuryhomefloripa.com.br\\\/?s={search_term_string}\"},\"query-input\":{\"@type\":\"PropertyValueSpecification\",\"valueRequired\":true,\"valueName\":\"search_term_string\"}}],\"inLanguage\":\"ru-RU\"},{\"@type\":\"Organization\",\"@id\":\"https:\\\/\\\/luxuryhomefloripa.com.br\\\/#organization\",\"name\":\"Luxury Home Floripa - Imobili\u00e1ria com Im\u00f3veis de alto padr\u00e3o em Florian\u00f3polis\",\"alternateName\":\"Luxury Home Floripa\",\"url\":\"https:\\\/\\\/luxuryhomefloripa.com.br\\\/\",\"logo\":{\"@type\":\"ImageObject\",\"inLanguage\":\"ru-RU\",\"@id\":\"https:\\\/\\\/luxuryhomefloripa.com.br\\\/#\\\/schema\\\/logo\\\/image\\\/\",\"url\":\"https:\\\/\\\/luxuryhomefloripa.com.br\\\/wp-content\\\/uploads\\\/2025\\\/11\\\/luxury-home-floripa.png\",\"contentUrl\":\"https:\\\/\\\/luxuryhomefloripa.com.br\\\/wp-content\\\/uploads\\\/2025\\\/11\\\/luxury-home-floripa.png\",\"width\":1200,\"height\":675,\"caption\":\"Luxury Home Floripa - Imobili\u00e1ria com Im\u00f3veis de alto padr\u00e3o em Florian\u00f3polis\"},\"image\":\"https:\\\/\\\/luxuryhomefloripa.com.br\\\/wp-content\\\/uploads\\\/2025\\\/11\\\/luxury-home-floripa.png\",\"sameAs\":[\"https:\\\/\\\/www.facebook.com\\\/luxuryhomefloripa\",\"https:\\\/\\\/www.instagram.com\\\/luxuryhomefloripa\\\/\",\"https:\\\/\\\/pinterest.com\\\/luxuryhomefloripa\\\/\"],\"description\":\"Imobili\u00e1ria em Jurer\u00ea, focada em lan\u00e7amentos e im\u00f3veis de alto padr\u00e3o e luxo na cidade de Florian\u00f3polis e em toda a regi\u00e3o da grande Florian\u00f3polis. Equipe especializada no mercado de Florian\u00f3polis com mais de 20 anos de experi\u00eancia.\",\"email\":\"dayrocco@luxuryhomefloripa.com.br\",\"telephone\":\"+5548996606799\",\"legalName\":\"LUXURY HOME FLORIPA\",\"foundingDate\":\"2021-01-23\",\"vatID\":\"57.909.495\\\/0001-93\",\"numberOfEmployees\":{\"@type\":\"QuantitativeValue\",\"minValue\":\"11\",\"maxValue\":\"50\"},\"address\":{\"@type\":\"PostalAddress\",\"streetAddress\":\"R. Prof. Heinz Braunsperger, 88 - Loja 3 - Jurer\u00ea Internacional\",\"addressLocality\":\"Florian\u00f3polis\",\"addressRegion\":\"Santa Catarina\",\"postalCode\":\"88053-680\",\"addressCountry\":\"BR\"}}]}<\/script>\n<!-- \/ Yoast SEO Premium plugin. -->","yoast_head_json":{"title":"O que fazer em Florian\u00f3polis: Dicas imperd\u00edveis para sua visita","description":"O que fazer em Florian\u00f3polis: De hist\u00f3ria ao ecoturismo, a capital catarinense oferece atra\u00e7\u00f5es para todos os gostos e perfis de viajantes.","robots":{"index":"index","follow":"follow","max-snippet":"max-snippet:-1","max-image-preview":"max-image-preview:large","max-video-preview":"max-video-preview:-1"},"canonical":"https:\/\/luxuryhomefloripa.com.br\/ru\/o-que-fazer-em-florianopolis-dicas-imperdiveis-para-sua-primeira-visita\/","og_locale":"ru_RU","og_type":"article","og_title":"O que fazer em Florian\u00f3polis: Dicas imperd\u00edveis para sua primeira visita","og_description":"Imobili\u00e1ria com Im\u00f3veis de alto padr\u00e3o \u00e0 venda em Florian\u00f3polis. Apartamentos, Casas, Coberturas, Terrenos e Lan\u00e7amentos de luxo.","og_url":"https:\/\/luxuryhomefloripa.com.br\/ru\/o-que-fazer-em-florianopolis-dicas-imperdiveis-para-sua-primeira-visita\/","og_site_name":"Luxury Home Floripa","article_publisher":"https:\/\/www.facebook.com\/luxuryhomefloripa","article_modified_time":"2025-05-15T23:45:02+00:00","og_image":[{"width":1600,"height":960,"url":"https:\/\/luxuryhomefloripa.com.br\/wp-content\/uploads\/2024\/06\/Ponte-Hercilio-Luz-1.webp","type":"image\/webp"}],"twitter_card":"summary_large_image","twitter_misc":{"\u041f\u0440\u0438\u043c\u0435\u0440\u043d\u043e\u0435 \u0432\u0440\u0435\u043c\u044f \u0434\u043b\u044f \u0447\u0442\u0435\u043d\u0438\u044f":"6 \u043c\u0438\u043d\u0443\u0442"},"schema":{"@context":"https:\/\/schema.org","@graph":[{"@type":"WebPage","@id":"https:\/\/luxuryhomefloripa.com.br\/o-que-fazer-em-florianopolis-dicas-imperdiveis-para-sua-primeira-visita\/","url":"https:\/\/luxuryhomefloripa.com.br\/o-que-fazer-em-florianopolis-dicas-imperdiveis-para-sua-primeira-visita\/","name":"O que fazer em Florian\u00f3polis: Dicas imperd\u00edveis para sua visita","isPartOf":{"@id":"https:\/\/luxuryhomefloripa.com.br\/#website"},"primaryImageOfPage":{"@id":"https:\/\/luxuryhomefloripa.com.br\/o-que-fazer-em-florianopolis-dicas-imperdiveis-para-sua-primeira-visita\/#primaryimage"},"image":{"@id":"https:\/\/luxuryhomefloripa.com.br\/o-que-fazer-em-florianopolis-dicas-imperdiveis-para-sua-primeira-visita\/#primaryimage"},"thumbnailUrl":"https:\/\/luxuryhomefloripa.com.br\/wp-content\/uploads\/2024\/06\/Ponte-Hercilio-Luz-1.webp","datePublished":"2024-10-02T16:00:58+00:00","dateModified":"2025-05-15T23:45:02+00:00","description":"O que fazer em Florian\u00f3polis: De hist\u00f3ria ao ecoturismo, a capital catarinense oferece atra\u00e7\u00f5es para todos os gostos e perfis de viajantes.","breadcrumb":{"@id":"https:\/\/luxuryhomefloripa.com.br\/o-que-fazer-em-florianopolis-dicas-imperdiveis-para-sua-primeira-visita\/#breadcrumb"},"inLanguage":"ru-RU","potentialAction":[{"@type":"ReadAction","target":["https:\/\/luxuryhomefloripa.com.br\/o-que-fazer-em-florianopolis-dicas-imperdiveis-para-sua-primeira-visita\/"]}]},{"@type":"ImageObject","inLanguage":"ru-RU","@id":"https:\/\/luxuryhomefloripa.com.br\/o-que-fazer-em-florianopolis-dicas-imperdiveis-para-sua-primeira-visita\/#primaryimage","url":"https:\/\/luxuryhomefloripa.com.br\/wp-content\/uploads\/2024\/06\/Ponte-Hercilio-Luz-1.webp","contentUrl":"https:\/\/luxuryhomefloripa.com.br\/wp-content\/uploads\/2024\/06\/Ponte-Hercilio-Luz-1.webp","width":1600,"height":960,"caption":"Centro de Florian\u00f3polis: Estilo de Vida Pulsante e Dicas de Passeios na Ponte Herc\u00edlio Luz"},{"@type":"BreadcrumbList","@id":"https:\/\/luxuryhomefloripa.com.br\/o-que-fazer-em-florianopolis-dicas-imperdiveis-para-sua-primeira-visita\/#breadcrumb","itemListElement":[{"@type":"ListItem","position":1,"name":"In\u00edcio","item":"https:\/\/luxuryhomefloripa.com.br\/"},{"@type":"ListItem","position":2,"name":"O que fazer em Florian\u00f3polis: Dicas imperd\u00edveis para sua primeira visita"}]},{"@type":"WebSite","@id":"https:\/\/luxuryhomefloripa.com.br\/#website","url":"https:\/\/luxuryhomefloripa.com.br\/","name":"Luxury Home Floripa \u2014 \u0430\u0433\u0435\u043d\u0442\u0441\u0442\u0432\u043e \u043d\u0435\u0434\u0432\u0438\u0436\u0438\u043c\u043e\u0441\u0442\u0438 \u0441 \u044d\u043b\u0438\u0442\u043d\u043e\u0439 \u043d\u0435\u0434\u0432\u0438\u0436\u0438\u043c\u043e\u0441\u0442\u044c\u044e \u0432\u043e \u0424\u043b\u043e\u0440\u0438\u0430\u043d\u043e\u043f\u043e\u043b\u0438\u0441\u0435","description":"Imobili\u00e1ria em Jurer\u00ea - Florian\u00f3polis com Im\u00f3veis de alto padr\u00e3o \u00e0 venda em Florian\u00f3polis. Apartamentos, casas, coberturas, terrenos e lan\u00e7amentos de luxo.","publisher":{"@id":"https:\/\/luxuryhomefloripa.com.br\/#organization"},"alternateName":"Luxury Home Floripa","potentialAction":[{"@type":"SearchAction","target":{"@type":"EntryPoint","urlTemplate":"https:\/\/luxuryhomefloripa.com.br\/?s={search_term_string}"},"query-input":{"@type":"PropertyValueSpecification","valueRequired":true,"valueName":"search_term_string"}}],"inLanguage":"ru-RU"},{"@type":"Organization","@id":"https:\/\/luxuryhomefloripa.com.br\/#organization","name":"Luxury Home Floripa \u2014 \u0430\u0433\u0435\u043d\u0442\u0441\u0442\u0432\u043e \u043d\u0435\u0434\u0432\u0438\u0436\u0438\u043c\u043e\u0441\u0442\u0438 \u0441 \u044d\u043b\u0438\u0442\u043d\u043e\u0439 \u043d\u0435\u0434\u0432\u0438\u0436\u0438\u043c\u043e\u0441\u0442\u044c\u044e \u0432\u043e \u0424\u043b\u043e\u0440\u0438\u0430\u043d\u043e\u043f\u043e\u043b\u0438\u0441\u0435","alternateName":"Luxury Home Floripa","url":"https:\/\/luxuryhomefloripa.com.br\/","logo":{"@type":"ImageObject","inLanguage":"ru-RU","@id":"https:\/\/luxuryhomefloripa.com.br\/#\/schema\/logo\/image\/","url":"https:\/\/luxuryhomefloripa.com.br\/wp-content\/uploads\/2025\/11\/luxury-home-floripa.png","contentUrl":"https:\/\/luxuryhomefloripa.com.br\/wp-content\/uploads\/2025\/11\/luxury-home-floripa.png","width":1200,"height":675,"caption":"Luxury Home Floripa - Imobili\u00e1ria com Im\u00f3veis de alto padr\u00e3o em Florian\u00f3polis"},"image":"https:\/\/luxuryhomefloripa.com.br\/wp-content\/uploads\/2025\/11\/luxury-home-floripa.png","sameAs":["https:\/\/www.facebook.com\/luxuryhomefloripa","https:\/\/www.instagram.com\/luxuryhomefloripa\/","https:\/\/pinterest.com\/luxuryhomefloripa\/"],"description":"Imobili\u00e1ria em Jurer\u00ea, focada em lan\u00e7amentos e im\u00f3veis de alto padr\u00e3o e luxo na cidade de Florian\u00f3polis e em toda a regi\u00e3o da grande Florian\u00f3polis. Equipe especializada no mercado de Florian\u00f3polis com mais de 20 anos de experi\u00eancia.","email":"dayrocco@luxuryhomefloripa.com.br","telephone":"+5548996606799","legalName":"LUXURY HOME FLORIPA","foundingDate":"2021-01-23","vatID":"57.909.495\/0001-93","numberOfEmployees":{"@type":"QuantitativeValue","minValue":"11","maxValue":"50"},"address":{"@type":"PostalAddress","streetAddress":"R. Prof. Heinz Braunsperger, 88 - Loja 3 - Jurer\u00ea Internacional","addressLocality":"Florian\u00f3polis","addressRegion":"Santa Catarina","postalCode":"88053-680","addressCountry":"BR"}}]}},"_links":{"self":[{"href":"https:\/\/luxuryhomefloripa.com.br\/ru\/wp-json\/wp\/v2\/pages\/64012","targetHints":{"allow":["GET"]}}],"collection":[{"href":"https:\/\/luxuryhomefloripa.com.br\/ru\/wp-json\/wp\/v2\/pages"}],"about":[{"href":"https:\/\/luxuryhomefloripa.com.br\/ru\/wp-json\/wp\/v2\/types\/page"}],"author":[{"embeddable":true,"href":"https:\/\/luxuryhomefloripa.com.br\/ru\/wp-json\/wp\/v2\/users\/10"}],"replies":[{"embeddable":true,"href":"https:\/\/luxuryhomefloripa.com.br\/ru\/wp-json\/wp\/v2\/comments?post=64012"}],"version-history":[{"count":0,"href":"https:\/\/luxuryhomefloripa.com.br\/ru\/wp-json\/wp\/v2\/pages\/64012\/revisions"}],"wp:featuredmedia":[{"embeddable":true,"href":"https:\/\/luxuryhomefloripa.com.br\/ru\/wp-json\/wp\/v2\/media\/60693"}],"wp:attachment":[{"href":"https:\/\/luxuryhomefloripa.com.br\/ru\/wp-json\/wp\/v2\/media?parent=64012"}],"wp:term":[{"taxonomy":"category","embeddable":true,"href":"https:\/\/luxuryhomefloripa.com.br\/ru\/wp-json\/wp\/v2\/categories?post=64012"}],"curies":[{"name":"WP","href":"https:\/\/api.w.org\/{rel}","templated":true}]}}