{"id":49393,"date":"2023-03-23T10:55:05","date_gmt":"2023-03-23T13:55:05","guid":{"rendered":"https:\/\/luxuryhomefloripa.com\/?page_id=49393"},"modified":"2023-03-23T10:55:08","modified_gmt":"2023-03-23T13:55:08","slug":"florianopolis-8-day-travel-itinerary","status":"publish","type":"page","link":"https:\/\/luxuryhomefloripa.com.br\/fr\/florianopolis-8-day-travel-itinerary\/","title":{"rendered":"Florian\u00f3polis : itin\u00e9raire de voyage de 8 jours"},"content":{"rendered":"<p>Jour 1 \u00e0 Florian\u00f3polis : Centre-ville historique<\/p>\n\n\n\n<p><strong>Matin<\/strong>&nbsp;Commencez votre journ\u00e9e par explorer le centre historique. Rendez-vous au march\u00e9 public pour le petit-d\u00e9jeuner et go\u00fbtez aux sp\u00e9cialit\u00e9s locales comme le tapioca et les bols d&#039;a\u00e7a\u00ef. Ensuite, promenez-vous sur le c\u00e9l\u00e8bre pont Hercilio Luz et admirez la vue imprenable sur la baie.<\/p>\n\n\n\n<p><strong>Apr\u00e8s-midi<\/strong>&nbsp;\u2013 Rendez-vous au sud de l&#039;\u00eele pour visiter la plage de Campeche. Vous pourrez vous d\u00e9tendre sur le sable et vous baigner dans les eaux cristallines. Pour le d\u00e9jeuner, faites une halte au restaurant Praia Campeche, tr\u00e8s appr\u00e9ci\u00e9, pour d\u00e9guster des fruits de mer frais.<\/p>\n\n\n\n<p><strong>Soir\u00e9e<\/strong>\u00a0Terminez votre journ\u00e9e par une visite de Lagoa da Concei\u00e7\u00e3o, un lieu pris\u00e9 pour sa vie nocturne. D\u00eenez \u00e0 l&#039;Emp\u00f3rio San Miguel, un restaurant branch\u00e9, puis d\u00e9couvrez les bars et les bo\u00eetes de nuit du quartier.<\/p>\n\n\n<div class=\"wp-block-image\">\n<figure class=\"aligncenter size-large\"><a href=\"https:\/\/luxuryhomefloripa.com\/wp-content\/uploads\/2023\/03\/florianopolis-itinerary-trip-travel-guide.jpg\"><img fetchpriority=\"high\" decoding=\"async\" width=\"1024\" height=\"575\" sizes=\"(max-width: 1024px) 100vw, 1024px\" src=\"https:\/\/luxuryhomefloripa.com\/wp-content\/uploads\/2023\/03\/florianopolis-itinerary-trip-travel-guide-1024x575.jpg\" alt=\"Florian\u00f3polis: 8\u00a0day\u00a0travel itinerary\" class=\"wp-image-49396\" srcset=\"https:\/\/luxuryhomefloripa.com.br\/wp-content\/uploads\/2023\/03\/florianopolis-itinerary-trip-travel-guide-1024x575.jpg 1024w, https:\/\/luxuryhomefloripa.com.br\/wp-content\/uploads\/2023\/03\/florianopolis-itinerary-trip-travel-guide-300x169.jpg 300w, https:\/\/luxuryhomefloripa.com.br\/wp-content\/uploads\/2023\/03\/florianopolis-itinerary-trip-travel-guide-768x432.jpg 768w, https:\/\/luxuryhomefloripa.com.br\/wp-content\/uploads\/2023\/03\/florianopolis-itinerary-trip-travel-guide-805x453.jpg 805w, https:\/\/luxuryhomefloripa.com.br\/wp-content\/uploads\/2023\/03\/florianopolis-itinerary-trip-travel-guide.jpg 1500w\" \/><\/a><\/figure>\n<\/div>\n\n\n<p>Deuxi\u00e8me jour \u00e0 Florian\u00f3polis : Santo Ant\u00f4nio de Lisboa<\/p>\n\n\n\n<p><strong>Matin<\/strong>\u00a0\u2013 Faites une excursion d&#039;une journ\u00e9e sur l&#039;\u00eele voisine de Santa Catarina. Profitez d&#039;une balade pittoresque le long de la c\u00f4te. Visitez le quartier historique de Santo Ant\u00f4nio de Lisboa et explorez ses rues et boutiques charmantes.<\/p>\n\n\n\n<p><strong>Apr\u00e8s-midi<\/strong>&nbsp;\u2013 Rendez-vous \u00e0 la magnifique plage de Lagoinha do Leste, accessible uniquement par un sentier de randonn\u00e9e traversant la for\u00eat atlantique. Profitez du sable immacul\u00e9 et des eaux turquoise, et n&#039;oubliez pas d&#039;emporter un pique-nique.<\/p>\n\n\n\n<p><strong>Soir\u00e9e<\/strong>&nbsp;\u2013 Retour \u00e0 Florian\u00f3polis pour d\u00eener \u00e0 l&#039;Ostradamus, restaurant de renom r\u00e9put\u00e9 pour ses d\u00e9licieuses hu\u00eetres et ses fruits de mer.<\/p>\n\n\n\n<p>Troisi\u00e8me jour \u00e0 Florian\u00f3polis : Journ\u00e9e \u00e0 la plage<\/p>\n\n\n\n<p><strong>Matin<\/strong>\u00a0\u2013 Visitez la c\u00e9l\u00e8bre plage de Joaquina, r\u00e9put\u00e9e pour ses excellentes vagues et ses dunes de sable. Prenez un cours de sandboard et mettez votre technique \u00e0 l&#039;\u00e9preuve sur les dunes.<\/p>\n\n\n\n<p><strong>Apr\u00e8s-midi<\/strong>&nbsp;\u2013 Rendez-vous \u00e0 Praia Mole, toute proche, pour d\u00e9jeuner au restaurant branch\u00e9 Mole Beach Club. Ensuite, faites une courte randonn\u00e9e jusqu&#039;au belv\u00e9d\u00e8re Mirante do Morro das Pedras pour admirer une vue panoramique sur la mer.<\/p>\n\n\n\n<p><strong>Soir\u00e9e<\/strong>&nbsp;\u2013 Savourez un d\u00eener relaxant au chaleureux restaurant italien Pizzeria Basilico.<\/p>\n\n\n\n<p>Jour 4 \u00e0 Florian\u00f3polis :<\/p>\n\n\n\n<p><strong>Matin<\/strong>&nbsp;\u2013 Visitez \u00e0 nouveau le charmant quartier Santo Ant\u00f4nio de Lisboa, cette fois-ci pour explorer le c\u00e9l\u00e8bre mus\u00e9e de la culture des A\u00e7ores. D\u00e9couvrez l&#039;histoire et les traditions des immigrants a\u00e7oriens qui se sont install\u00e9s \u00e0 Florian\u00f3polis.<\/p>\n\n\n\n<p><strong>Apr\u00e8s-midi<\/strong>&nbsp;\u2013 Rendez-vous \u00e0 la plage voisine de Praia do Forte pour profiter du soleil et d\u00e9jeuner au restaurant populaire Bar do Arante.<\/p>\n\n\n\n<p><strong>Soir\u00e9e<\/strong>&nbsp;\u2013 Visitez le quartier anim\u00e9 de Jurere Internacional pour d\u00eener au restaurant La Serena, r\u00e9put\u00e9 pour sa qualit\u00e9. Apr\u00e8s le d\u00eener, fl\u00e2nez sur la rue anim\u00e9e Rua das Tartarugas.<\/p>\n\n\n\n<p>Jour 5 \u00e0 Florian\u00f3polis :<\/p>\n\n\n\n<p><strong>Matin<\/strong>&nbsp;Partez en excursion d&#039;une journ\u00e9e dans le sud de l&#039;\u00eele pour d\u00e9couvrir \u00e0 nouveau la magnifique plage de Lagoinha do Leste, cette fois-ci en empruntant un autre sentier de randonn\u00e9e. Profitez du calme environnant et d\u00e9tendez-vous sur la plage.<\/p>\n\n\n\n<p><strong>Apr\u00e8s-midi<\/strong>&nbsp;\u2013 Rendez-vous \u00e0 la plage de Praia do Matadeiro, toute proche, pour d\u00e9jeuner au restaurant Casar\u00e3o do Matias. Ensuite, faites une courte randonn\u00e9e jusqu&#039;\u00e0 la plage de Naufragados et son phare.<\/p>\n\n\n\n<p><strong>Soir\u00e9e<\/strong>&nbsp;\u2013 Profitez d&#039;un d\u00eener au restaurant de fruits de mer populaire Bar do Arante, situ\u00e9 dans le quartier voisin de P\u00e2ntano do Sul.<\/p>\n\n\n\n<p>Jour 6 \u00e0 Florian\u00f3polis :<\/p>\n\n\n\n<p><strong>Matin<\/strong>&nbsp;\u2013 Visitez l\u2019embl\u00e9matique Praia Brava et prenez un cours de surf avec un moniteur local. Ensuite, savourez un petit-d\u00e9jeuner au chaleureux Caf\u00e9 Cultura.<\/p>\n\n\n\n<p><strong>Apr\u00e8s-midi<\/strong>&nbsp;\u2013 Rendez-vous \u00e0 la plage voisine de Praia da Lagoinha pour profiter encore un peu de la plage et d\u00e9jeuner au restaurant en bord de mer Ponto do Barba.<\/p>\n\n\n\n<p><strong>Soir\u00e9e<\/strong>&nbsp;\u2013 Visitez le quartier anim\u00e9 de Lagoa da Concei\u00e7\u00e3o pour d\u00eener au restaurant fran\u00e7ais Le Proven\u00e7al, une adresse r\u00e9put\u00e9e. Ensuite, d\u00e9couvrez les artistes de rue et le march\u00e9 artisanal.<\/p>\n\n\n\n<p>7e jour \u00e0 Florian\u00f3polis :<\/p>\n\n\n\n<p><strong>Matin<\/strong>&nbsp;Partez en excursion d&#039;une journ\u00e9e sur l&#039;\u00eele voisine d&#039;Ilha do Campeche. Profitez d&#039;une balade en bateau pittoresque, puis d&#039;une randonn\u00e9e jusqu&#039;\u00e0 la plage isol\u00e9e de Praia do Campeche. Pr\u00e9parez un pique-nique ou achetez de quoi grignoter au kiosque en bord de plage.<\/p>\n\n\n\n<p><strong>Apr\u00e8s-midi<\/strong>&nbsp;\u2013 Retournez sur le continent pour un apr\u00e8s-midi de d\u00e9tente \u00e0 la c\u00e9l\u00e8bre Praia da Arma\u00e7\u00e3o. D\u00e9jeunez au restaurant pris\u00e9 Arma\u00e7\u00e3o Beach Club.<\/p>\n\n\n\n<p><strong>Soir\u00e9e<\/strong>&nbsp;\u2013 Rendez-vous dans le quartier voisin de Matadeiro pour d\u00eener au restaurant Ponto do Bode, tr\u00e8s r\u00e9put\u00e9. Ensuite, profitez de la musique live et des boissons dans les bars avoisinants.<\/p>\n\n\n\n<p>8e jour \u00e0 Florian\u00f3polis :<\/p>\n\n\n\n<p><strong>Matin<\/strong>&nbsp;\u2013 Visitez le c\u00e9l\u00e8bre fort colonial de S\u00e3o Jos\u00e9 da Ponta Grossa. D\u00e9couvrez son histoire et admirez la vue imprenable sur l&#039;oc\u00e9an.<\/p>\n\n\n\n<p><strong>Apr\u00e8s-midi<\/strong>&nbsp;\u2013 Rendez-vous \u00e0 la plage voisine de Praia do Jurer\u00ea Internacional pour profiter du soleil et d\u00e9jeuner au restaurant branch\u00e9 Donna.<\/p>\n\n\n\n<p><strong>Soir\u00e9e<\/strong>&nbsp;\u2013 Savourez un d\u00eener au chaleureux restaurant br\u00e9silien La Pachamama.<\/p>","protected":false},"excerpt":{"rendered":"<p>Day 1 in Florian\u00f3polis: Historic city center Morning&nbsp;&#8211; Start your day by exploring the historic city center. Visit the Public Market for breakfast and try some local specialties like tapioca and a\u00e7ai bowls. Afterward, take a walk around the famous Hercilio Luz Bridge and take in the stunning views of the bay. Afternoon&nbsp;&#8211; Head to &#8230;<\/p>","protected":false},"author":10,"featured_media":49396,"parent":0,"menu_order":0,"comment_status":"closed","ping_status":"closed","template":"","meta":{"_daextam_enable_autolinks":"","footnotes":""},"categories":[],"class_list":["post-49393","page","type-page","status-publish","has-post-thumbnail","hentry"],"yoast_head":"<!-- This site is optimized with the Yoast SEO Premium plugin v24.0 (Yoast SEO v27.4) - https:\/\/yoast.com\/product\/yoast-seo-premium-wordpress\/ -->\n<title>Florian\u00f3polis: 8\u00a0day\u00a0travel itinerary<\/title>\n<meta name=\"description\" content=\"Florian\u00f3polis: 8\u00a0day\u00a0travel itinerary\" \/>\n<meta name=\"robots\" content=\"index, follow, max-snippet:-1, max-image-preview:large, max-video-preview:-1\" \/>\n<link rel=\"canonical\" href=\"https:\/\/luxuryhomefloripa.com.br\/fr\/florianopolis-8-day-travel-itinerary\/\" \/>\n<meta property=\"og:locale\" content=\"fr_FR\" \/>\n<meta property=\"og:type\" content=\"article\" \/>\n<meta property=\"og:title\" content=\"Florian\u00f3polis: 8\u00a0day\u00a0travel itinerary\" \/>\n<meta property=\"og:description\" content=\"Imobili\u00e1ria com Im\u00f3veis de alto padr\u00e3o \u00e0 venda em Florian\u00f3polis. Apartamentos, Casas, Coberturas, Terrenos e Lan\u00e7amentos de luxo.\" \/>\n<meta property=\"og:url\" content=\"https:\/\/luxuryhomefloripa.com.br\/fr\/florianopolis-8-day-travel-itinerary\/\" \/>\n<meta property=\"og:site_name\" content=\"Luxury Home Floripa\" \/>\n<meta property=\"article:publisher\" content=\"https:\/\/www.facebook.com\/luxuryhomefloripa\" \/>\n<meta property=\"article:modified_time\" content=\"2023-03-23T13:55:08+00:00\" \/>\n<meta property=\"og:image\" content=\"https:\/\/luxuryhomefloripa.com.br\/wp-content\/uploads\/2023\/03\/florianopolis-itinerary-trip-travel-guide.jpg?v=1679579756\" \/>\n\t<meta property=\"og:image:width\" content=\"1500\" \/>\n\t<meta property=\"og:image:height\" content=\"843\" \/>\n\t<meta property=\"og:image:type\" content=\"image\/jpeg\" \/>\n<meta name=\"twitter:card\" content=\"summary_large_image\" \/>\n<meta name=\"twitter:label1\" content=\"Dur\u00e9e de lecture estim\u00e9e\" \/>\n\t<meta name=\"twitter:data1\" content=\"5 minutes\" \/>\n<script type=\"application\/ld+json\" class=\"yoast-schema-graph\">{\"@context\":\"https:\\\/\\\/schema.org\",\"@graph\":[{\"@type\":\"WebPage\",\"@id\":\"https:\\\/\\\/luxuryhomefloripa.com.br\\\/florianopolis-8-day-travel-itinerary\\\/\",\"url\":\"https:\\\/\\\/luxuryhomefloripa.com.br\\\/florianopolis-8-day-travel-itinerary\\\/\",\"name\":\"Florian\u00f3polis: 8\u00a0day\u00a0travel itinerary\",\"isPartOf\":{\"@id\":\"https:\\\/\\\/luxuryhomefloripa.com.br\\\/#website\"},\"primaryImageOfPage\":{\"@id\":\"https:\\\/\\\/luxuryhomefloripa.com.br\\\/florianopolis-8-day-travel-itinerary\\\/#primaryimage\"},\"image\":{\"@id\":\"https:\\\/\\\/luxuryhomefloripa.com.br\\\/florianopolis-8-day-travel-itinerary\\\/#primaryimage\"},\"thumbnailUrl\":\"https:\\\/\\\/luxuryhomefloripa.com.br\\\/wp-content\\\/uploads\\\/2023\\\/03\\\/florianopolis-itinerary-trip-travel-guide.jpg\",\"datePublished\":\"2023-03-23T13:55:05+00:00\",\"dateModified\":\"2023-03-23T13:55:08+00:00\",\"description\":\"Florian\u00f3polis: 8\u00a0day\u00a0travel itinerary\",\"breadcrumb\":{\"@id\":\"https:\\\/\\\/luxuryhomefloripa.com.br\\\/florianopolis-8-day-travel-itinerary\\\/#breadcrumb\"},\"inLanguage\":\"fr-FR\",\"potentialAction\":[{\"@type\":\"ReadAction\",\"target\":[\"https:\\\/\\\/luxuryhomefloripa.com.br\\\/florianopolis-8-day-travel-itinerary\\\/\"]}]},{\"@type\":\"ImageObject\",\"inLanguage\":\"fr-FR\",\"@id\":\"https:\\\/\\\/luxuryhomefloripa.com.br\\\/florianopolis-8-day-travel-itinerary\\\/#primaryimage\",\"url\":\"https:\\\/\\\/luxuryhomefloripa.com.br\\\/wp-content\\\/uploads\\\/2023\\\/03\\\/florianopolis-itinerary-trip-travel-guide.jpg\",\"contentUrl\":\"https:\\\/\\\/luxuryhomefloripa.com.br\\\/wp-content\\\/uploads\\\/2023\\\/03\\\/florianopolis-itinerary-trip-travel-guide.jpg\",\"width\":1500,\"height\":843,\"caption\":\"Aluguel de short stay e long stay em Floripa: Escolha de investimento, florianopolis itinerary trip travel guide\"},{\"@type\":\"BreadcrumbList\",\"@id\":\"https:\\\/\\\/luxuryhomefloripa.com.br\\\/florianopolis-8-day-travel-itinerary\\\/#breadcrumb\",\"itemListElement\":[{\"@type\":\"ListItem\",\"position\":1,\"name\":\"In\u00edcio\",\"item\":\"https:\\\/\\\/luxuryhomefloripa.com.br\\\/\"},{\"@type\":\"ListItem\",\"position\":2,\"name\":\"Florian\u00f3polis: 8\u00a0day\u00a0travel itinerary\"}]},{\"@type\":\"WebSite\",\"@id\":\"https:\\\/\\\/luxuryhomefloripa.com.br\\\/#website\",\"url\":\"https:\\\/\\\/luxuryhomefloripa.com.br\\\/\",\"name\":\"Luxury Home Floripa - Imobili\u00e1ria com Im\u00f3veis de alto padr\u00e3o em Florian\u00f3polis\",\"description\":\"Imobili\u00e1ria em Jurer\u00ea - Florian\u00f3polis com Im\u00f3veis de alto padr\u00e3o \u00e0 venda em Florian\u00f3polis. Apartamentos, casas, coberturas, terrenos e lan\u00e7amentos de luxo.\",\"publisher\":{\"@id\":\"https:\\\/\\\/luxuryhomefloripa.com.br\\\/#organization\"},\"alternateName\":\"Luxury Home Floripa\",\"potentialAction\":[{\"@type\":\"SearchAction\",\"target\":{\"@type\":\"EntryPoint\",\"urlTemplate\":\"https:\\\/\\\/luxuryhomefloripa.com.br\\\/?s={search_term_string}\"},\"query-input\":{\"@type\":\"PropertyValueSpecification\",\"valueRequired\":true,\"valueName\":\"search_term_string\"}}],\"inLanguage\":\"fr-FR\"},{\"@type\":\"Organization\",\"@id\":\"https:\\\/\\\/luxuryhomefloripa.com.br\\\/#organization\",\"name\":\"Luxury Home Floripa - Imobili\u00e1ria com Im\u00f3veis de alto padr\u00e3o em Florian\u00f3polis\",\"alternateName\":\"Luxury Home Floripa\",\"url\":\"https:\\\/\\\/luxuryhomefloripa.com.br\\\/\",\"logo\":{\"@type\":\"ImageObject\",\"inLanguage\":\"fr-FR\",\"@id\":\"https:\\\/\\\/luxuryhomefloripa.com.br\\\/#\\\/schema\\\/logo\\\/image\\\/\",\"url\":\"https:\\\/\\\/luxuryhomefloripa.com.br\\\/wp-content\\\/uploads\\\/2025\\\/11\\\/luxury-home-floripa.png\",\"contentUrl\":\"https:\\\/\\\/luxuryhomefloripa.com.br\\\/wp-content\\\/uploads\\\/2025\\\/11\\\/luxury-home-floripa.png\",\"width\":1200,\"height\":675,\"caption\":\"Luxury Home Floripa - Imobili\u00e1ria com Im\u00f3veis de alto padr\u00e3o em Florian\u00f3polis\"},\"image\":\"https:\\\/\\\/luxuryhomefloripa.com.br\\\/wp-content\\\/uploads\\\/2025\\\/11\\\/luxury-home-floripa.png\",\"sameAs\":[\"https:\\\/\\\/www.facebook.com\\\/luxuryhomefloripa\",\"https:\\\/\\\/www.instagram.com\\\/luxuryhomefloripa\\\/\",\"https:\\\/\\\/pinterest.com\\\/luxuryhomefloripa\\\/\"],\"description\":\"Imobili\u00e1ria em Jurer\u00ea, focada em lan\u00e7amentos e im\u00f3veis de alto padr\u00e3o e luxo na cidade de Florian\u00f3polis e em toda a regi\u00e3o da grande Florian\u00f3polis. Equipe especializada no mercado de Florian\u00f3polis com mais de 20 anos de experi\u00eancia.\",\"email\":\"dayrocco@luxuryhomefloripa.com.br\",\"telephone\":\"+5548996606799\",\"legalName\":\"LUXURY HOME FLORIPA\",\"foundingDate\":\"2021-01-23\",\"vatID\":\"57.909.495\\\/0001-93\",\"numberOfEmployees\":{\"@type\":\"QuantitativeValue\",\"minValue\":\"11\",\"maxValue\":\"50\"},\"address\":{\"@type\":\"PostalAddress\",\"streetAddress\":\"R. Prof. Heinz Braunsperger, 88 - Loja 3 - Jurer\u00ea Internacional\",\"addressLocality\":\"Florian\u00f3polis\",\"addressRegion\":\"Santa Catarina\",\"postalCode\":\"88053-680\",\"addressCountry\":\"BR\"}}]}<\/script>\n<!-- \/ Yoast SEO Premium plugin. -->","yoast_head_json":{"title":"Florian\u00f3polis : itin\u00e9raire de voyage de 8 jours","description":"Florian\u00f3polis : itin\u00e9raire de voyage de 8 jours","robots":{"index":"index","follow":"follow","max-snippet":"max-snippet:-1","max-image-preview":"max-image-preview:large","max-video-preview":"max-video-preview:-1"},"canonical":"https:\/\/luxuryhomefloripa.com.br\/fr\/florianopolis-8-day-travel-itinerary\/","og_locale":"fr_FR","og_type":"article","og_title":"Florian\u00f3polis: 8\u00a0day\u00a0travel itinerary","og_description":"Imobili\u00e1ria com Im\u00f3veis de alto padr\u00e3o \u00e0 venda em Florian\u00f3polis. Apartamentos, Casas, Coberturas, Terrenos e Lan\u00e7amentos de luxo.","og_url":"https:\/\/luxuryhomefloripa.com.br\/fr\/florianopolis-8-day-travel-itinerary\/","og_site_name":"Luxury Home Floripa","article_publisher":"https:\/\/www.facebook.com\/luxuryhomefloripa","article_modified_time":"2023-03-23T13:55:08+00:00","og_image":[{"width":1500,"height":843,"url":"https:\/\/luxuryhomefloripa.com.br\/wp-content\/uploads\/2023\/03\/florianopolis-itinerary-trip-travel-guide.jpg?v=1679579756","type":"image\/jpeg"}],"twitter_card":"summary_large_image","twitter_misc":{"Dur\u00e9e de lecture estim\u00e9e":"5 minutes"},"schema":{"@context":"https:\/\/schema.org","@graph":[{"@type":"WebPage","@id":"https:\/\/luxuryhomefloripa.com.br\/florianopolis-8-day-travel-itinerary\/","url":"https:\/\/luxuryhomefloripa.com.br\/florianopolis-8-day-travel-itinerary\/","name":"Florian\u00f3polis : itin\u00e9raire de voyage de 8 jours","isPartOf":{"@id":"https:\/\/luxuryhomefloripa.com.br\/#website"},"primaryImageOfPage":{"@id":"https:\/\/luxuryhomefloripa.com.br\/florianopolis-8-day-travel-itinerary\/#primaryimage"},"image":{"@id":"https:\/\/luxuryhomefloripa.com.br\/florianopolis-8-day-travel-itinerary\/#primaryimage"},"thumbnailUrl":"https:\/\/luxuryhomefloripa.com.br\/wp-content\/uploads\/2023\/03\/florianopolis-itinerary-trip-travel-guide.jpg","datePublished":"2023-03-23T13:55:05+00:00","dateModified":"2023-03-23T13:55:08+00:00","description":"Florian\u00f3polis : itin\u00e9raire de voyage de 8 jours","breadcrumb":{"@id":"https:\/\/luxuryhomefloripa.com.br\/florianopolis-8-day-travel-itinerary\/#breadcrumb"},"inLanguage":"fr-FR","potentialAction":[{"@type":"ReadAction","target":["https:\/\/luxuryhomefloripa.com.br\/florianopolis-8-day-travel-itinerary\/"]}]},{"@type":"ImageObject","inLanguage":"fr-FR","@id":"https:\/\/luxuryhomefloripa.com.br\/florianopolis-8-day-travel-itinerary\/#primaryimage","url":"https:\/\/luxuryhomefloripa.com.br\/wp-content\/uploads\/2023\/03\/florianopolis-itinerary-trip-travel-guide.jpg","contentUrl":"https:\/\/luxuryhomefloripa.com.br\/wp-content\/uploads\/2023\/03\/florianopolis-itinerary-trip-travel-guide.jpg","width":1500,"height":843,"caption":"Aluguel de short stay e long stay em Floripa: Escolha de investimento, florianopolis itinerary trip travel guide"},{"@type":"BreadcrumbList","@id":"https:\/\/luxuryhomefloripa.com.br\/florianopolis-8-day-travel-itinerary\/#breadcrumb","itemListElement":[{"@type":"ListItem","position":1,"name":"In\u00edcio","item":"https:\/\/luxuryhomefloripa.com.br\/"},{"@type":"ListItem","position":2,"name":"Florian\u00f3polis: 8\u00a0day\u00a0travel itinerary"}]},{"@type":"WebSite","@id":"https:\/\/luxuryhomefloripa.com.br\/#website","url":"https:\/\/luxuryhomefloripa.com.br\/","name":"Luxury Home Floripa - Agence immobili\u00e8re sp\u00e9cialis\u00e9e dans les propri\u00e9t\u00e9s haut de gamme \u00e0 Florian\u00f3polis","description":"Imobili\u00e1ria em Jurer\u00ea - Florian\u00f3polis com Im\u00f3veis de alto padr\u00e3o \u00e0 venda em Florian\u00f3polis. Apartamentos, casas, coberturas, terrenos e lan\u00e7amentos de luxo.","publisher":{"@id":"https:\/\/luxuryhomefloripa.com.br\/#organization"},"alternateName":"Luxury Home Floripa","potentialAction":[{"@type":"SearchAction","target":{"@type":"EntryPoint","urlTemplate":"https:\/\/luxuryhomefloripa.com.br\/?s={search_term_string}"},"query-input":{"@type":"PropertyValueSpecification","valueRequired":true,"valueName":"search_term_string"}}],"inLanguage":"fr-FR"},{"@type":"Organization","@id":"https:\/\/luxuryhomefloripa.com.br\/#organization","name":"Luxury Home Floripa - Agence immobili\u00e8re sp\u00e9cialis\u00e9e dans les propri\u00e9t\u00e9s haut de gamme \u00e0 Florian\u00f3polis","alternateName":"Luxury Home Floripa","url":"https:\/\/luxuryhomefloripa.com.br\/","logo":{"@type":"ImageObject","inLanguage":"fr-FR","@id":"https:\/\/luxuryhomefloripa.com.br\/#\/schema\/logo\/image\/","url":"https:\/\/luxuryhomefloripa.com.br\/wp-content\/uploads\/2025\/11\/luxury-home-floripa.png","contentUrl":"https:\/\/luxuryhomefloripa.com.br\/wp-content\/uploads\/2025\/11\/luxury-home-floripa.png","width":1200,"height":675,"caption":"Luxury Home Floripa - Imobili\u00e1ria com Im\u00f3veis de alto padr\u00e3o em Florian\u00f3polis"},"image":"https:\/\/luxuryhomefloripa.com.br\/wp-content\/uploads\/2025\/11\/luxury-home-floripa.png","sameAs":["https:\/\/www.facebook.com\/luxuryhomefloripa","https:\/\/www.instagram.com\/luxuryhomefloripa\/","https:\/\/pinterest.com\/luxuryhomefloripa\/"],"description":"Imobili\u00e1ria em Jurer\u00ea, focada em lan\u00e7amentos e im\u00f3veis de alto padr\u00e3o e luxo na cidade de Florian\u00f3polis e em toda a regi\u00e3o da grande Florian\u00f3polis. Equipe especializada no mercado de Florian\u00f3polis com mais de 20 anos de experi\u00eancia.","email":"dayrocco@luxuryhomefloripa.com.br","telephone":"+5548996606799","legalName":"LUXURY HOME FLORIPA","foundingDate":"2021-01-23","vatID":"57.909.495\/0001-93","numberOfEmployees":{"@type":"QuantitativeValue","minValue":"11","maxValue":"50"},"address":{"@type":"PostalAddress","streetAddress":"R. Prof. Heinz Braunsperger, 88 - Loja 3 - Jurer\u00ea Internacional","addressLocality":"Florian\u00f3polis","addressRegion":"Santa Catarina","postalCode":"88053-680","addressCountry":"BR"}}]}},"_links":{"self":[{"href":"https:\/\/luxuryhomefloripa.com.br\/fr\/wp-json\/wp\/v2\/pages\/49393","targetHints":{"allow":["GET"]}}],"collection":[{"href":"https:\/\/luxuryhomefloripa.com.br\/fr\/wp-json\/wp\/v2\/pages"}],"about":[{"href":"https:\/\/luxuryhomefloripa.com.br\/fr\/wp-json\/wp\/v2\/types\/page"}],"author":[{"embeddable":true,"href":"https:\/\/luxuryhomefloripa.com.br\/fr\/wp-json\/wp\/v2\/users\/10"}],"replies":[{"embeddable":true,"href":"https:\/\/luxuryhomefloripa.com.br\/fr\/wp-json\/wp\/v2\/comments?post=49393"}],"version-history":[{"count":0,"href":"https:\/\/luxuryhomefloripa.com.br\/fr\/wp-json\/wp\/v2\/pages\/49393\/revisions"}],"wp:featuredmedia":[{"embeddable":true,"href":"https:\/\/luxuryhomefloripa.com.br\/fr\/wp-json\/wp\/v2\/media\/49396"}],"wp:attachment":[{"href":"https:\/\/luxuryhomefloripa.com.br\/fr\/wp-json\/wp\/v2\/media?parent=49393"}],"wp:term":[{"taxonomy":"category","embeddable":true,"href":"https:\/\/luxuryhomefloripa.com.br\/fr\/wp-json\/wp\/v2\/categories?post=49393"}],"curies":[{"name":"wp","href":"https:\/\/api.w.org\/{rel}","templated":true}]}}