{"id":73880,"date":"2025-09-26T12:04:07","date_gmt":"2025-09-26T15:04:07","guid":{"rendered":"https:\/\/luxuryhomefloripa.com.br\/?page_id=73880"},"modified":"2025-09-26T12:40:31","modified_gmt":"2025-09-26T15:40:31","slug":"bairros","status":"publish","type":"page","link":"https:\/\/luxuryhomefloripa.com.br\/es\/bairros\/","title":{"rendered":"Barrios"},"content":{"rendered":"<div class=\"wpb-content-wrapper\"><div class=\"vc_row wpb_row vc_row-fluid pad wpestate_row vc_row\"><div class=\"wpb_column vc_column_container vc_col-sm-12 vc_column\"><div class=\"vc_column-inner\"><div class=\"wpb_wrapper\"><div class=\"vc_empty_space  vc_empty_space\"   style=\"height: 40px\"><span class=\"vc_empty_space_inner\"><\/span><\/div>\n\t<div class=\"wpb_text_column wpb_content_element perfect vc_column_text\" >\n\t\t<div class=\"wpb_wrapper\">\n\t\t\t<h1 style=\"text-align: left; font-size: 3.4rem;\">Barrios<\/h1>\n\n\t\t<\/div>\n\t<\/div>\n\n\t<div class=\"wpb_raw_code wpb_raw_html wpb_content_element vc_raw_html\" >\n\t\t<div class=\"wpb_wrapper\">\n\t\t\t<ul id=\"lista-bairros\"><li><a href=\"https:\/\/luxuryhomefloripa.com.br\/es\/area\/agronomica\/\" aria-label=\"Ver propiedades en el barrio Agron\u00f4mica\">Agronom\u00eda<\/a><\/li><li><a href=\"https:\/\/luxuryhomefloripa.com.br\/es\/area\/armacao-da-piedade\/\" aria-label=\"Ver im\u00f3veis no bairro Arma\u00e7\u00e3o da Piedade\">Arma\u00e7\u00e3o da Piedade<\/a><\/li><li><a href=\"https:\/\/luxuryhomefloripa.com.br\/es\/area\/balneario-estreito\/\" aria-label=\"Ver im\u00f3veis no bairro Balne\u00e1rio Estreito\">Balne\u00e1rio Estreito<\/a><\/li><li><a href=\"https:\/\/luxuryhomefloripa.com.br\/es\/area\/cachoeira-do-bom-jesus\/\" aria-label=\"Ver propiedades en el vecindario Cachoeira do Bom Jesus\">Cascada del Buen Jes\u00fas<\/a><\/li><li><a href=\"https:\/\/luxuryhomefloripa.com.br\/es\/area\/cacupe\/\" aria-label=\"Ver propiedades en el barrio de Cacup\u00e9\">Cacup\u00e9<\/a><\/li><li><a href=\"https:\/\/luxuryhomefloripa.com.br\/es\/area\/campeche\/\" aria-label=\"Ver propiedades en la colonia Campeche\">Campeche<\/a><\/li><li><a href=\"https:\/\/luxuryhomefloripa.com.br\/es\/area\/canasvieiras\/\" aria-label=\"Ver propiedades en el barrio de Canasvieiras\">Canasvieiras<\/a><\/li><li><a href=\"https:\/\/luxuryhomefloripa.com.br\/es\/area\/canto-da-lagoa\/\" aria-label=\"Ver propiedades en el barrio de Canto da Lagoa\">Canto de la Lagoa<\/a><\/li><li><a href=\"https:\/\/luxuryhomefloripa.com.br\/es\/area\/centro\/\" aria-label=\"Ver propiedades en el barrio Centro\">centro<\/a><\/li><li><a href=\"https:\/\/luxuryhomefloripa.com.br\/es\/area\/coqueiros\/\" aria-label=\"Ver propiedades en el vecindario Coqueiros\">Cocoteros<\/a><\/li><li><a href=\"https:\/\/luxuryhomefloripa.com.br\/es\/area\/corrego-grande\/\" aria-label=\"Ver propiedades en el vecindario C\u00f3rrego Grande\">gran corriente<\/a><\/li><li><a href=\"https:\/\/luxuryhomefloripa.com.br\/es\/area\/ingleses\/\" aria-label=\"Ver propiedades en el vecindario Ingleses\">Ingl\u00e9s<\/a><\/li><li><a href=\"https:\/\/luxuryhomefloripa.com.br\/es\/area\/itacorubi\/\" aria-label=\"Vea las propiedades en el barrio de Itacorubi\">itacorubi<\/a><\/li><li><a href=\"https:\/\/luxuryhomefloripa.com.br\/es\/area\/joao-paulo\/\" aria-label=\"Ver propiedades en el vecindario Jo\u00e3o Paulo\">Juan Pablo<\/a><\/li><li><a href=\"https:\/\/luxuryhomefloripa.com.br\/es\/area\/jurere-internacional\/\" aria-label=\"Ver propiedades en el barrio de Jurer\u00ea Internacional\">Jurer\u00ea Internacional<\/a><\/li><li><a href=\"https:\/\/luxuryhomefloripa.com.br\/es\/area\/lagoa-da-conceicao\/\" aria-label=\"Ver propiedades en el barrio de Lagoa da Concei\u00e7\u00e3o\">Laguna de la Concepci\u00f3n<\/a><\/li><li><a href=\"https:\/\/luxuryhomefloripa.com.br\/es\/area\/morro-das-pedras\/\" aria-label=\"Ver propiedades en el barrio Morro das Pedras\">Morro de las Piedras<\/a><\/li><li><a href=\"https:\/\/luxuryhomefloripa.com.br\/es\/area\/novo-campeche\/\" aria-label=\"Ver propiedades en el vecindario Novo Campeche\">Nueva Campeche<\/a><\/li><li><a href=\"https:\/\/luxuryhomefloripa.com.br\/es\/area\/praia-brava\/\" aria-label=\"Ver propiedades en el barrio de Praia Brava\">Playa Brava<\/a><\/li><li><a href=\"https:\/\/luxuryhomefloripa.com.br\/es\/area\/praia-mole\/\" aria-label=\"Ver propiedades en el barrio de Praia Mole\">Playa Topo<\/a><\/li><li><a href=\"https:\/\/luxuryhomefloripa.com.br\/es\/area\/ratones\/\" aria-label=\"Ver propiedades en el barrio de Ratones\">ratas<\/a><\/li><li><a href=\"https:\/\/luxuryhomefloripa.com.br\/es\/area\/rio-tavares\/\" aria-label=\"Ver propiedades en el vecindario Rio Tavares\">R\u00edo Tavares<\/a><\/li><li><a href=\"https:\/\/luxuryhomefloripa.com.br\/es\/area\/saco-grande\/\" aria-label=\"Ver propiedades en el vecindario Saco Grande\">Bolso grande<\/a><\/li><li><a href=\"https:\/\/luxuryhomefloripa.com.br\/es\/area\/sambaqui\/\" aria-label=\"Ver propiedades en el barrio de Sambaqui\">sambaqu\u00ed<\/a><\/li><li><a href=\"https:\/\/luxuryhomefloripa.com.br\/es\/area\/santa-monica\/\" aria-label=\"Ver propiedades en el vecindario de Santa M\u00f3nica\">Santa M\u00f3nica<\/a><\/li><\/ul>\n\t\t<\/div>\n\t<\/div>\n<\/div><\/div><\/div><\/div>\n<\/div>","protected":false},"excerpt":{"rendered":"Bairros Agron\u00f4micaArma\u00e7\u00e3o da PiedadeBalne\u00e1rio EstreitoCachoeira do Bom JesusCacup\u00e9CampecheCanasvieirasCanto da LagoaCentroCoqueirosC\u00f3rrego GrandeInglesesItacorubiJo\u00e3o PauloJurer\u00ea InternacionalLagoa da Concei\u00e7\u00e3oMorro das PedrasNovo CampechePraia BravaPraia MoleRatonesRio TavaresSaco GrandeSambaquiSanta M\u00f4nica","protected":false},"author":10,"featured_media":0,"parent":0,"menu_order":0,"comment_status":"closed","ping_status":"closed","template":"elementor_header_footer","meta":{"_daextam_enable_autolinks":"1","footnotes":""},"categories":[],"class_list":["post-73880","page","type-page","status-publish","hentry"],"yoast_head":"<!-- This site is optimized with the Yoast SEO Premium plugin v24.0 (Yoast SEO v27.3) - https:\/\/yoast.com\/product\/yoast-seo-premium-wordpress\/ -->\n<title>Bairros<\/title>\n<meta name=\"description\" content=\"Imobili\u00e1ria com Im\u00f3veis de alto padr\u00e3o \u00e0 venda em Florian\u00f3polis. Apartamentos, Casas, Coberturas, Terrenos e Lan\u00e7amentos de luxo.\" \/>\n<meta name=\"robots\" content=\"index, follow, max-snippet:-1, max-image-preview:large, max-video-preview:-1\" \/>\n<link rel=\"canonical\" href=\"https:\/\/luxuryhomefloripa.com.br\/es\/bairros\/\" \/>\n<meta property=\"og:locale\" content=\"es_ES\" \/>\n<meta property=\"og:type\" content=\"article\" \/>\n<meta property=\"og:title\" content=\"Bairros\" \/>\n<meta property=\"og:description\" content=\"Imobili\u00e1ria com Im\u00f3veis de alto padr\u00e3o \u00e0 venda em Florian\u00f3polis. Apartamentos, Casas, Coberturas, Terrenos e Lan\u00e7amentos de luxo.\" \/>\n<meta property=\"og:url\" content=\"https:\/\/luxuryhomefloripa.com.br\/es\/bairros\/\" \/>\n<meta property=\"og:site_name\" content=\"Luxury Home Floripa\" \/>\n<meta property=\"article:publisher\" content=\"https:\/\/www.facebook.com\/luxuryhomefloripa\" \/>\n<meta property=\"article:modified_time\" content=\"2025-09-26T15:40:31+00:00\" \/>\n<meta property=\"og:image\" content=\"https:\/\/luxuryhomefloripa.com.br\/wp-content\/uploads\/2025\/11\/luxury-home-floripa.png\" \/>\n\t<meta property=\"og:image:width\" content=\"1200\" \/>\n\t<meta property=\"og:image:height\" content=\"675\" \/>\n\t<meta property=\"og:image:type\" content=\"image\/png\" \/>\n<meta name=\"twitter:card\" content=\"summary_large_image\" \/>\n<meta name=\"twitter:label1\" content=\"Tiempo de lectura\" \/>\n\t<meta name=\"twitter:data1\" content=\"1 minuto\" \/>\n<script type=\"application\/ld+json\" class=\"yoast-schema-graph\">{\"@context\":\"https:\\\/\\\/schema.org\",\"@graph\":[{\"@type\":\"WebPage\",\"@id\":\"https:\\\/\\\/luxuryhomefloripa.com.br\\\/bairros\\\/\",\"url\":\"https:\\\/\\\/luxuryhomefloripa.com.br\\\/bairros\\\/\",\"name\":\"Bairros\",\"isPartOf\":{\"@id\":\"https:\\\/\\\/luxuryhomefloripa.com.br\\\/#website\"},\"datePublished\":\"2025-09-26T15:04:07+00:00\",\"dateModified\":\"2025-09-26T15:40:31+00:00\",\"description\":\"Imobili\u00e1ria com Im\u00f3veis de alto padr\u00e3o \u00e0 venda em Florian\u00f3polis. Apartamentos, Casas, Coberturas, Terrenos e Lan\u00e7amentos de luxo.\",\"breadcrumb\":{\"@id\":\"https:\\\/\\\/luxuryhomefloripa.com.br\\\/bairros\\\/#breadcrumb\"},\"inLanguage\":\"es\",\"potentialAction\":[{\"@type\":\"ReadAction\",\"target\":[\"https:\\\/\\\/luxuryhomefloripa.com.br\\\/bairros\\\/\"]}]},{\"@type\":\"BreadcrumbList\",\"@id\":\"https:\\\/\\\/luxuryhomefloripa.com.br\\\/bairros\\\/#breadcrumb\",\"itemListElement\":[{\"@type\":\"ListItem\",\"position\":1,\"name\":\"In\u00edcio\",\"item\":\"https:\\\/\\\/luxuryhomefloripa.com.br\\\/\"},{\"@type\":\"ListItem\",\"position\":2,\"name\":\"Bairros\"}]},{\"@type\":\"WebSite\",\"@id\":\"https:\\\/\\\/luxuryhomefloripa.com.br\\\/#website\",\"url\":\"https:\\\/\\\/luxuryhomefloripa.com.br\\\/\",\"name\":\"Luxury Home Floripa - Imobili\u00e1ria com Im\u00f3veis de alto padr\u00e3o em Florian\u00f3polis\",\"description\":\"Imobili\u00e1ria em Jurer\u00ea - Florian\u00f3polis com Im\u00f3veis de alto padr\u00e3o \u00e0 venda em Florian\u00f3polis. Apartamentos, casas, coberturas, terrenos e lan\u00e7amentos de luxo.\",\"publisher\":{\"@id\":\"https:\\\/\\\/luxuryhomefloripa.com.br\\\/#organization\"},\"alternateName\":\"Luxury Home Floripa\",\"potentialAction\":[{\"@type\":\"SearchAction\",\"target\":{\"@type\":\"EntryPoint\",\"urlTemplate\":\"https:\\\/\\\/luxuryhomefloripa.com.br\\\/?s={search_term_string}\"},\"query-input\":{\"@type\":\"PropertyValueSpecification\",\"valueRequired\":true,\"valueName\":\"search_term_string\"}}],\"inLanguage\":\"es\"},{\"@type\":\"Organization\",\"@id\":\"https:\\\/\\\/luxuryhomefloripa.com.br\\\/#organization\",\"name\":\"Luxury Home Floripa - Imobili\u00e1ria com Im\u00f3veis de alto padr\u00e3o em Florian\u00f3polis\",\"alternateName\":\"Luxury Home Floripa\",\"url\":\"https:\\\/\\\/luxuryhomefloripa.com.br\\\/\",\"logo\":{\"@type\":\"ImageObject\",\"inLanguage\":\"es\",\"@id\":\"https:\\\/\\\/luxuryhomefloripa.com.br\\\/#\\\/schema\\\/logo\\\/image\\\/\",\"url\":\"https:\\\/\\\/luxuryhomefloripa.com.br\\\/wp-content\\\/uploads\\\/2025\\\/11\\\/luxury-home-floripa.png\",\"contentUrl\":\"https:\\\/\\\/luxuryhomefloripa.com.br\\\/wp-content\\\/uploads\\\/2025\\\/11\\\/luxury-home-floripa.png\",\"width\":1200,\"height\":675,\"caption\":\"Luxury Home Floripa - Imobili\u00e1ria com Im\u00f3veis de alto padr\u00e3o em Florian\u00f3polis\"},\"image\":\"https:\\\/\\\/luxuryhomefloripa.com.br\\\/wp-content\\\/uploads\\\/2025\\\/11\\\/luxury-home-floripa.png\",\"sameAs\":[\"https:\\\/\\\/www.facebook.com\\\/luxuryhomefloripa\",\"https:\\\/\\\/www.instagram.com\\\/luxuryhomefloripa\\\/\",\"https:\\\/\\\/pinterest.com\\\/luxuryhomefloripa\\\/\"],\"description\":\"Imobili\u00e1ria em Jurer\u00ea, focada em lan\u00e7amentos e im\u00f3veis de alto padr\u00e3o e luxo na cidade de Florian\u00f3polis e em toda a regi\u00e3o da grande Florian\u00f3polis. Equipe especializada no mercado de Florian\u00f3polis com mais de 20 anos de experi\u00eancia.\",\"email\":\"dayrocco@luxuryhomefloripa.com.br\",\"telephone\":\"+5548996606799\",\"legalName\":\"LUXURY HOME FLORIPA\",\"foundingDate\":\"2021-01-23\",\"vatID\":\"57.909.495\\\/0001-93\",\"numberOfEmployees\":{\"@type\":\"QuantitativeValue\",\"minValue\":\"11\",\"maxValue\":\"50\"},\"address\":{\"@type\":\"PostalAddress\",\"streetAddress\":\"R. Prof. Heinz Braunsperger, 88 - Loja 3 - Jurer\u00ea Internacional\",\"addressLocality\":\"Florian\u00f3polis\",\"addressRegion\":\"Santa Catarina\",\"postalCode\":\"88053-680\",\"addressCountry\":\"BR\"}}]}<\/script>\n<!-- \/ Yoast SEO Premium plugin. -->","yoast_head_json":{"title":"Barrios","description":"Agencia inmobiliaria con propiedades de lujo en venta en Florian\u00f3polis. Apartamentos, casas, \u00e1ticos, terrenos y promociones de obra nueva de lujo.","robots":{"index":"index","follow":"follow","max-snippet":"max-snippet:-1","max-image-preview":"max-image-preview:large","max-video-preview":"max-video-preview:-1"},"canonical":"https:\/\/luxuryhomefloripa.com.br\/es\/bairros\/","og_locale":"es_ES","og_type":"article","og_title":"Bairros","og_description":"Imobili\u00e1ria com Im\u00f3veis de alto padr\u00e3o \u00e0 venda em Florian\u00f3polis. Apartamentos, Casas, Coberturas, Terrenos e Lan\u00e7amentos de luxo.","og_url":"https:\/\/luxuryhomefloripa.com.br\/es\/bairros\/","og_site_name":"Luxury Home Floripa","article_publisher":"https:\/\/www.facebook.com\/luxuryhomefloripa","article_modified_time":"2025-09-26T15:40:31+00:00","og_image":[{"width":1200,"height":675,"url":"https:\/\/luxuryhomefloripa.com.br\/wp-content\/uploads\/2025\/11\/luxury-home-floripa.png","type":"image\/png"}],"twitter_card":"summary_large_image","twitter_misc":{"Tiempo de lectura":"1 minuto"},"schema":{"@context":"https:\/\/schema.org","@graph":[{"@type":"WebPage","@id":"https:\/\/luxuryhomefloripa.com.br\/bairros\/","url":"https:\/\/luxuryhomefloripa.com.br\/bairros\/","name":"Barrios","isPartOf":{"@id":"https:\/\/luxuryhomefloripa.com.br\/#website"},"datePublished":"2025-09-26T15:04:07+00:00","dateModified":"2025-09-26T15:40:31+00:00","description":"Agencia inmobiliaria con propiedades de lujo en venta en Florian\u00f3polis. Apartamentos, casas, \u00e1ticos, terrenos y promociones de obra nueva de lujo.","breadcrumb":{"@id":"https:\/\/luxuryhomefloripa.com.br\/bairros\/#breadcrumb"},"inLanguage":"es","potentialAction":[{"@type":"ReadAction","target":["https:\/\/luxuryhomefloripa.com.br\/bairros\/"]}]},{"@type":"BreadcrumbList","@id":"https:\/\/luxuryhomefloripa.com.br\/bairros\/#breadcrumb","itemListElement":[{"@type":"ListItem","position":1,"name":"In\u00edcio","item":"https:\/\/luxuryhomefloripa.com.br\/"},{"@type":"ListItem","position":2,"name":"Bairros"}]},{"@type":"WebSite","@id":"https:\/\/luxuryhomefloripa.com.br\/#website","url":"https:\/\/luxuryhomefloripa.com.br\/","name":"Luxury Home Floripa - Agencia inmobiliaria con propiedades de alta gama en Florian\u00f3polis","description":"Imobili\u00e1ria em Jurer\u00ea - Florian\u00f3polis com Im\u00f3veis de alto padr\u00e3o \u00e0 venda em Florian\u00f3polis. Apartamentos, casas, coberturas, terrenos e lan\u00e7amentos de luxo.","publisher":{"@id":"https:\/\/luxuryhomefloripa.com.br\/#organization"},"alternateName":"Luxury Home Floripa","potentialAction":[{"@type":"SearchAction","target":{"@type":"EntryPoint","urlTemplate":"https:\/\/luxuryhomefloripa.com.br\/?s={search_term_string}"},"query-input":{"@type":"PropertyValueSpecification","valueRequired":true,"valueName":"search_term_string"}}],"inLanguage":"es"},{"@type":"Organization","@id":"https:\/\/luxuryhomefloripa.com.br\/#organization","name":"Luxury Home Floripa - Agencia inmobiliaria con propiedades de alta gama en Florian\u00f3polis","alternateName":"Luxury Home Floripa","url":"https:\/\/luxuryhomefloripa.com.br\/","logo":{"@type":"ImageObject","inLanguage":"es","@id":"https:\/\/luxuryhomefloripa.com.br\/#\/schema\/logo\/image\/","url":"https:\/\/luxuryhomefloripa.com.br\/wp-content\/uploads\/2025\/11\/luxury-home-floripa.png","contentUrl":"https:\/\/luxuryhomefloripa.com.br\/wp-content\/uploads\/2025\/11\/luxury-home-floripa.png","width":1200,"height":675,"caption":"Luxury Home Floripa - Imobili\u00e1ria com Im\u00f3veis de alto padr\u00e3o em Florian\u00f3polis"},"image":"https:\/\/luxuryhomefloripa.com.br\/wp-content\/uploads\/2025\/11\/luxury-home-floripa.png","sameAs":["https:\/\/www.facebook.com\/luxuryhomefloripa","https:\/\/www.instagram.com\/luxuryhomefloripa\/","https:\/\/pinterest.com\/luxuryhomefloripa\/"],"description":"Agencia inmobiliaria en Jurer\u00ea, especializada en promociones de obra nueva y propiedades de lujo de alta gama en la ciudad de Florian\u00f3polis y su \u00e1rea metropolitana. Nuestro equipo se ha especializado en el mercado florian\u00f3polis y cuenta con m\u00e1s de 20 a\u00f1os de experiencia.","email":"dayrocco@luxuryhomefloripa.com.br","telephone":"+5548996606799","legalName":"LUXURY HOME FLORIPA","foundingDate":"2021-01-23","vatID":"57.909.495\/0001-93","numberOfEmployees":{"@type":"QuantitativeValue","minValue":"11","maxValue":"50"},"address":{"@type":"PostalAddress","streetAddress":"R. Prof. Heinz Braunsperger, 88 - Loja 3 - Jurer\u00ea Internacional","addressLocality":"Florian\u00f3polis","addressRegion":"Santa Catarina","postalCode":"88053-680","addressCountry":"BR"}}]}},"_links":{"self":[{"href":"https:\/\/luxuryhomefloripa.com.br\/es\/wp-json\/wp\/v2\/pages\/73880","targetHints":{"allow":["GET"]}}],"collection":[{"href":"https:\/\/luxuryhomefloripa.com.br\/es\/wp-json\/wp\/v2\/pages"}],"about":[{"href":"https:\/\/luxuryhomefloripa.com.br\/es\/wp-json\/wp\/v2\/types\/page"}],"author":[{"embeddable":true,"href":"https:\/\/luxuryhomefloripa.com.br\/es\/wp-json\/wp\/v2\/users\/10"}],"replies":[{"embeddable":true,"href":"https:\/\/luxuryhomefloripa.com.br\/es\/wp-json\/wp\/v2\/comments?post=73880"}],"version-history":[{"count":16,"href":"https:\/\/luxuryhomefloripa.com.br\/es\/wp-json\/wp\/v2\/pages\/73880\/revisions"}],"predecessor-version":[{"id":73927,"href":"https:\/\/luxuryhomefloripa.com.br\/es\/wp-json\/wp\/v2\/pages\/73880\/revisions\/73927"}],"wp:attachment":[{"href":"https:\/\/luxuryhomefloripa.com.br\/es\/wp-json\/wp\/v2\/media?parent=73880"}],"wp:term":[{"taxonomy":"category","embeddable":true,"href":"https:\/\/luxuryhomefloripa.com.br\/es\/wp-json\/wp\/v2\/categories?post=73880"}],"curies":[{"name":"wp","href":"https:\/\/api.w.org\/{rel}","templated":true}]}}