{"id":64012,"date":"2024-10-02T13:00:58","date_gmt":"2024-10-02T16:00:58","guid":{"rendered":"https:\/\/luxuryhomefloripa.com\/?page_id=64012"},"modified":"2025-05-15T20:45:02","modified_gmt":"2025-05-15T23:45:02","slug":"o-que-fazer-em-florianopolis-dicas-imperdiveis-para-sua-primeira-visita","status":"publish","type":"page","link":"https:\/\/luxuryhomefloripa.com.br\/es\/o-que-fazer-em-florianopolis-dicas-imperdiveis-para-sua-primeira-visita\/","title":{"rendered":"Qu\u00e9 hacer en Florian\u00f3polis: Consejos imperdibles para tu primera visita"},"content":{"rendered":"<p>Florian\u00f3polis, capital de Santa Catarina, es un vasto destino lleno de encanto natural, hist\u00f3rico y cultural. Por lo tanto, para quienes la visitan por primera vez, organizar un itinerario puede ser un desaf\u00edo debido a la diversidad de atracciones de la isla. Por ello, hemos preparado una lista de 30 sugerencias de qu\u00e9 hacer en Florian\u00f3polis, organizadas por regi\u00f3n, para que aproveches al m\u00e1ximo tu estancia en la isla.<\/p>\n\n\n\n<h2 class=\"wp-block-heading\" id=\"h-o-que-fazer-em-florianopolis-regiao-central\">Qu\u00e9 hacer en Florian\u00f3polis: Regi\u00f3n Central<\/h2>\n\n\n\n<h3 class=\"wp-block-heading\" id=\"h-1-conhecer-a-ponte-hercilio-luz\">1. Conozca el Puente Herc\u00edlio Luz<\/h3>\n\n\n\n<p>El Puente Herc\u00edlio Luz es uno de los monumentos m\u00e1s emblem\u00e1ticos de Florian\u00f3polis y un hito en la historia de la ciudad. Construido en 1926, conecta el continente con la isla, y el cruce ofrece impresionantes vistas de la bah\u00eda.<\/p>\n\n\n\n<h3 class=\"wp-block-heading\" id=\"h-2-passear-pelo-parque-da-luz\">2. Pasear por el Parque da Luz<\/h3>\n\n\n\n<p>Cruzando el puente, encontrar\u00e1 el Parque da Luz. Este espacio verde es ideal para disfrutar del tiempo libre rodeado de naturaleza. Tambi\u00e9n cuenta con un carril bici y un mirador con una vista privilegiada del Puente Herc\u00edlio Luz.<\/p>\n\n\n\n<h3 class=\"wp-block-heading\" id=\"h-3-visitar-o-mercado-publico\">3. Visita el Mercado P\u00fablico<\/h3>\n\n\n\n<p>El Mercado P\u00fablico de Florian\u00f3polis es una visita obligada para quienes disfrutan de la gastronom\u00eda local, especialmente de los mariscos. El lugar tambi\u00e9n est\u00e1 repleto de historia, cultura y emoci\u00f3n, especialmente los fines de semana.<\/p>\n\n\n\n<h3 class=\"wp-block-heading\" id=\"h-4-museu-historico-de-santa-catarina\">4. Museo Hist\u00f3rico de Santa Catarina<\/h3>\n\n\n\n<p>Ubicado en el imponente Palacio Cruz e Sousa, el museo ofrece una inmersi\u00f3n en la historia de Santa Catarina, con exposiciones de muebles, documentos y obras de arte de los siglos XIX y XX.<\/p>\n\n\n\n<h3 class=\"wp-block-heading\" id=\"h-5-caminhar-pela-avenida-beira-mar-norte\">5. Caminar por la Avenida Beira-Mar Norte<\/h3>\n\n\n\n<p>Beira-Mar Norte es uno de los principales puntos de encuentro de la ciudad. Es ideal para pasear por su extenso carril bici, con el mar a un lado y vistas a los modernos edificios de la ciudad al otro.<\/p>\n\n\n\n<h2 class=\"wp-block-heading\" id=\"h-o-que-fazer-em-florianopolis-regiao-leste\">Qu\u00e9 hacer en Florian\u00f3polis: Regi\u00f3n Este<\/h2>\n\n\n\n<h3 class=\"wp-block-heading\" id=\"h-6-passar-uma-tarde-na-lagoa-da-conceicao\">6. Pasa una tarde en Lagoa da Concei\u00e7\u00e3o<\/h3>\n\n\n\n<p>La Lagoa da Concei\u00e7\u00e3o es uno de los lugares m\u00e1s emblem\u00e1ticos de Florian\u00f3polis. Ideal para un paseo relajante, ofrece de todo, desde picnics hasta bares y restaurantes de moda en la famosa Avenida das Rendeiras.<\/p>\n\n\n\n<h3 class=\"wp-block-heading\" id=\"h-7-praticar-sandboard-nas-dunas-da-praia-da-joaquina\">7. Sandboarding en las dunas de la Playa Joaquina<\/h3>\n\n\n\n<p>Para los aventureros, el sandboarding en las dunas de Joaquina es una experiencia \u00fanica. La playa, famosa por sus grandes olas, tambi\u00e9n es un lugar predilecto para el surf y un escenario perfecto para fotos espectaculares.<\/p>\n\n\n\n<h3 class=\"wp-block-heading\" id=\"h-8-andar-de-barco-pela-barra-da-lagoa\">8. Paseo en barco por Barra da Lagoa<\/h3>\n\n\n\n<p>Explore el canal de Barra da Lagoa en un paseo en barco o en una canoa hawaiana, disfrutando de las tranquilas aguas y el hermoso paisaje. Los recorridos incluyen paradas para nadar en las piscinas naturales formadas entre las rocas.<\/p>\n\n\n\n<h3 class=\"wp-block-heading\" id=\"h-9-visitar-o-projeto-tamar\">9. Visita el Proyecto Tamar<\/h3>\n\n\n\n<p>En Barra da Lagoa, tambi\u00e9n se encuentra el Proyecto Tamar, dedicado a la conservaci\u00f3n de las tortugas marinas. La visita es educativa, especialmente para los ni\u00f1os, quienes podr\u00e1n observar c\u00f3mo alimentan a los animales y aprender m\u00e1s sobre el trabajo de los bi\u00f3logos.<\/p>\n\n\n\n<h3 class=\"wp-block-heading\" id=\"h-10-almocar-na-costa-da-lagoa\">10. Almuerzo en la Costa de la Laguna<\/h3>\n\n\n\n<p>Llega a Costa da Lagoa en barco o a pie y disfruta de una aut\u00e9ntica comida marinera en uno de sus restaurantes familiares. El viaje es una atracci\u00f3n en s\u00ed mismo, con vistas incre\u00edbles y contacto con la naturaleza.<\/p>\n\n\n\n<h2 class=\"wp-block-heading\" id=\"h-o-que-fazer-em-florianopolis-regiao-sul\">Qu\u00e9 hacer en Florian\u00f3polis: Regi\u00f3n Sur<\/h2>\n\n\n\n<h3 class=\"wp-block-heading\" id=\"h-11-explorar-a-ilha-do-campeche\">11. Explora la isla de Campeche<\/h3>\n\n\n\n<p>Conocida como el &quot;Caribe de Santa Catarina&quot;, la isla de Campeche es uno de los atractivos m\u00e1s id\u00edlicos de Florian\u00f3polis, con sus aguas cristalinas y arena blanca. Es ideal para bucear, hacer senderismo y relajarse.<\/p>\n\n\n\n<h3 class=\"wp-block-heading\" id=\"h-12-banho-na-lagoa-do-peri\">12. Ba\u00f1arse en Lagoa do Peri<\/h3>\n\n\n\n<p>Lagoa do Peri es un destino ideal para quienes buscan contacto con la naturaleza. Es ideal para picnics, senderismo y deportes acu\u00e1ticos, adem\u00e1s de ser un remanso de paz.<\/p>\n\n\n\n<h3 class=\"wp-block-heading\" id=\"h-13-conhecer-a-praia-do-matadeiro\">13. Visita la playa de Matadeiro<\/h3>\n\n\n\n<p>Si buscas una playa m\u00e1s aislada rodeada de exuberante naturaleza, la Playa de Matadeiro es la opci\u00f3n perfecta. Se accede a ella a trav\u00e9s de un sendero que ofrece vistas impresionantes.<\/p>\n\n\n\n<h3 class=\"wp-block-heading\" id=\"h-14-comer-ostras-no-ribeirao-da-ilha\">14. Comer ostras en Ribeir\u00e3o da Ilha<\/h3>\n\n\n\n<p>Ribeir\u00e3o da Ilha es famoso por su cultivo de ostras, un plato t\u00edpico de Florian\u00f3polis. As\u00ed que no deje de probar esta exquisitez local, servida cruda, al vapor o gratinada.<\/p>\n\n\n\n<h2 class=\"wp-block-heading\" id=\"h-o-que-fazer-em-florianopolis-regiao-norte\">Qu\u00e9 hacer en Florian\u00f3polis: Regi\u00f3n Norte<\/h2>\n\n\n\n<h3 class=\"wp-block-heading\" id=\"h-15-assistir-ao-por-do-sol-em-santo-antonio-de-lisboa\">15. Ver la puesta de sol en Santo Ant\u00f4nio de Lisboa<\/h3>\n\n\n\n<p>Santo Ant\u00f4nio de Lisboa es uno de los lugares m\u00e1s encantadores de Floripa, con su arquitectura azoriana preservada y espectaculares vistas del atardecer. Esto lo convierte en el lugar perfecto para quienes buscan relajarse y disfrutar de la belleza de la ciudad.<\/p>\n\n\n\n<h3 class=\"wp-block-heading\" id=\"h-16-visitar-jurere-internacional\">16. Visita Jurer\u00ea Internacional<\/h3>\n\n\n\n<p>Conocida como la &quot;Miami brasile\u00f1a&quot;, Jurer\u00ea Internacional es sin\u00f3nimo de sofisticaci\u00f3n. La playa, con sus aguas tranquilas y c\u00e1lidas, es ideal para un d\u00eda de relax, adem\u00e1s de ofrecer una selecci\u00f3n de bares y clubes de playa de moda.<\/p>\n\n\n\n<h3 class=\"wp-block-heading\" id=\"h-17-fortaleza-de-sao-jose-da-ponta-grossa\">17. Fortaleza de San Jos\u00e9 de Ponta Grossa<\/h3>\n\n\n\n<p>Cerca de Jurer\u00ea, la Fortaleza de S\u00e3o Jos\u00e9 da Ponta Grossa ofrece una combinaci\u00f3n de historia y vistas incre\u00edbles desde lo alto de sus murallas. Es un lugar ideal para quienes deseen aprender m\u00e1s sobre las defensas de Floripa en el siglo XVIII.<\/p>\n\n\n\n<h3 class=\"wp-block-heading\" id=\"h-18-passear-pela-praia-dos-ingleses\">18. Pasea por la playa Ingleses<\/h3>\n\n\n\n<p>Praia dos Ingleses es una de las playas m\u00e1s conocidas de Florian\u00f3polis, con aguas ideales tanto para surfistas como para nadadores. Las dunas y los talleres de piedra, vestigios de pueblos ind\u00edgenas, tambi\u00e9n aportan un toque hist\u00f3rico a la zona.<\/p>\n\n\n\n<h2 class=\"wp-block-heading\" id=\"h-o-que-fazer-em-florianopolis\">\u00bfQu\u00e9 hacer en Florian\u00f3polis?<\/h2>\n\n\n\n<p>Florian\u00f3polis es un destino que va mucho m\u00e1s all\u00e1 de las playas. Desde historia hasta ecoturismo, la capital de Santa Catarina ofrece atracciones para todos los gustos y perfiles de viajeros. \u00a1Aprovecha esta lista de 30 consejos y planifica un itinerario inolvidable para tu primera visita a esta encantadora isla!<\/p>","protected":false},"excerpt":{"rendered":"<p>Florian\u00f3polis, capital de Santa Catarina, es un vasto destino lleno de encantos naturales, hist\u00f3ricos y culturales. Por lo tanto, para quienes la visitan por primera vez, organizar un itinerario puede ser un desaf\u00edo debido a la diversidad de atracciones de la isla. Por ello, hemos preparado una lista de 30 sugerencias de qu\u00e9 hacer\u2026<\/p>","protected":false},"author":10,"featured_media":60693,"parent":0,"menu_order":0,"comment_status":"closed","ping_status":"closed","template":"","meta":{"_daextam_enable_autolinks":"1","footnotes":""},"categories":[312],"class_list":["post-64012","page","type-page","status-publish","has-post-thumbnail","hentry","category-landings"],"yoast_head":"<!-- This site is optimized with the Yoast SEO Premium plugin v27.5 (Yoast SEO v27.6) - https:\/\/yoast.com\/product\/yoast-seo-premium-wordpress\/ -->\n<title>O que fazer em Florian\u00f3polis: Dicas imperd\u00edveis para sua visita<\/title>\n<meta name=\"description\" content=\"O que fazer em Florian\u00f3polis: De hist\u00f3ria ao ecoturismo, a capital catarinense oferece atra\u00e7\u00f5es para todos os gostos e perfis de viajantes.\" \/>\n<meta name=\"robots\" content=\"index, follow, max-snippet:-1, max-image-preview:large, max-video-preview:-1\" \/>\n<link rel=\"canonical\" href=\"https:\/\/luxuryhomefloripa.com.br\/es\/o-que-fazer-em-florianopolis-dicas-imperdiveis-para-sua-primeira-visita\/\" \/>\n<meta property=\"og:locale\" content=\"es_ES\" \/>\n<meta property=\"og:type\" content=\"article\" \/>\n<meta property=\"og:title\" content=\"O que fazer em Florian\u00f3polis: Dicas imperd\u00edveis para sua primeira visita\" \/>\n<meta property=\"og:description\" content=\"Imobili\u00e1ria com Im\u00f3veis de alto padr\u00e3o \u00e0 venda em Florian\u00f3polis. Apartamentos, Casas, Coberturas, Terrenos e Lan\u00e7amentos de luxo.\" \/>\n<meta property=\"og:url\" content=\"https:\/\/luxuryhomefloripa.com.br\/es\/o-que-fazer-em-florianopolis-dicas-imperdiveis-para-sua-primeira-visita\/\" \/>\n<meta property=\"og:site_name\" content=\"Luxury Home Floripa\" \/>\n<meta property=\"article:publisher\" content=\"https:\/\/www.facebook.com\/luxuryhomefloripa\" \/>\n<meta property=\"article:modified_time\" content=\"2025-05-15T23:45:02+00:00\" \/>\n<meta property=\"og:image\" content=\"https:\/\/luxuryhomefloripa.com.br\/wp-content\/uploads\/2024\/06\/Ponte-Hercilio-Luz-1.webp\" \/>\n\t<meta property=\"og:image:width\" content=\"1600\" \/>\n\t<meta property=\"og:image:height\" content=\"960\" \/>\n\t<meta property=\"og:image:type\" content=\"image\/webp\" \/>\n<meta name=\"twitter:card\" content=\"summary_large_image\" \/>\n<meta name=\"twitter:label1\" content=\"Tiempo de lectura\" \/>\n\t<meta name=\"twitter:data1\" content=\"6 minutos\" \/>\n<script type=\"application\/ld+json\" class=\"yoast-schema-graph\">{\"@context\":\"https:\\\/\\\/schema.org\",\"@graph\":[{\"@type\":\"WebPage\",\"@id\":\"https:\\\/\\\/luxuryhomefloripa.com.br\\\/o-que-fazer-em-florianopolis-dicas-imperdiveis-para-sua-primeira-visita\\\/\",\"url\":\"https:\\\/\\\/luxuryhomefloripa.com.br\\\/o-que-fazer-em-florianopolis-dicas-imperdiveis-para-sua-primeira-visita\\\/\",\"name\":\"O que fazer em Florian\u00f3polis: Dicas imperd\u00edveis para sua visita\",\"isPartOf\":{\"@id\":\"https:\\\/\\\/luxuryhomefloripa.com.br\\\/#website\"},\"primaryImageOfPage\":{\"@id\":\"https:\\\/\\\/luxuryhomefloripa.com.br\\\/o-que-fazer-em-florianopolis-dicas-imperdiveis-para-sua-primeira-visita\\\/#primaryimage\"},\"image\":{\"@id\":\"https:\\\/\\\/luxuryhomefloripa.com.br\\\/o-que-fazer-em-florianopolis-dicas-imperdiveis-para-sua-primeira-visita\\\/#primaryimage\"},\"thumbnailUrl\":\"https:\\\/\\\/luxuryhomefloripa.com.br\\\/wp-content\\\/uploads\\\/2024\\\/06\\\/Ponte-Hercilio-Luz-1.webp\",\"datePublished\":\"2024-10-02T16:00:58+00:00\",\"dateModified\":\"2025-05-15T23:45:02+00:00\",\"description\":\"O que fazer em Florian\u00f3polis: De hist\u00f3ria ao ecoturismo, a capital catarinense oferece atra\u00e7\u00f5es para todos os gostos e perfis de viajantes.\",\"breadcrumb\":{\"@id\":\"https:\\\/\\\/luxuryhomefloripa.com.br\\\/o-que-fazer-em-florianopolis-dicas-imperdiveis-para-sua-primeira-visita\\\/#breadcrumb\"},\"inLanguage\":\"es\",\"potentialAction\":[{\"@type\":\"ReadAction\",\"target\":[\"https:\\\/\\\/luxuryhomefloripa.com.br\\\/o-que-fazer-em-florianopolis-dicas-imperdiveis-para-sua-primeira-visita\\\/\"]}]},{\"@type\":\"ImageObject\",\"inLanguage\":\"es\",\"@id\":\"https:\\\/\\\/luxuryhomefloripa.com.br\\\/o-que-fazer-em-florianopolis-dicas-imperdiveis-para-sua-primeira-visita\\\/#primaryimage\",\"url\":\"https:\\\/\\\/luxuryhomefloripa.com.br\\\/wp-content\\\/uploads\\\/2024\\\/06\\\/Ponte-Hercilio-Luz-1.webp\",\"contentUrl\":\"https:\\\/\\\/luxuryhomefloripa.com.br\\\/wp-content\\\/uploads\\\/2024\\\/06\\\/Ponte-Hercilio-Luz-1.webp\",\"width\":1600,\"height\":960,\"caption\":\"Centro de Florian\u00f3polis: Estilo de Vida Pulsante e Dicas de Passeios na Ponte Herc\u00edlio Luz\"},{\"@type\":\"BreadcrumbList\",\"@id\":\"https:\\\/\\\/luxuryhomefloripa.com.br\\\/o-que-fazer-em-florianopolis-dicas-imperdiveis-para-sua-primeira-visita\\\/#breadcrumb\",\"itemListElement\":[{\"@type\":\"ListItem\",\"position\":1,\"name\":\"In\u00edcio\",\"item\":\"https:\\\/\\\/luxuryhomefloripa.com.br\\\/\"},{\"@type\":\"ListItem\",\"position\":2,\"name\":\"O que fazer em Florian\u00f3polis: Dicas imperd\u00edveis para sua primeira visita\"}]},{\"@type\":\"WebSite\",\"@id\":\"https:\\\/\\\/luxuryhomefloripa.com.br\\\/#website\",\"url\":\"https:\\\/\\\/luxuryhomefloripa.com.br\\\/\",\"name\":\"Luxury Home Floripa - Imobili\u00e1ria com Im\u00f3veis de alto padr\u00e3o em Florian\u00f3polis\",\"description\":\"Imobili\u00e1ria em Jurer\u00ea - Florian\u00f3polis com Im\u00f3veis de alto padr\u00e3o \u00e0 venda em Florian\u00f3polis. Apartamentos, casas, coberturas, terrenos e lan\u00e7amentos de luxo.\",\"publisher\":{\"@id\":\"https:\\\/\\\/luxuryhomefloripa.com.br\\\/#organization\"},\"alternateName\":\"Luxury Home Floripa\",\"potentialAction\":[{\"@type\":\"SearchAction\",\"target\":{\"@type\":\"EntryPoint\",\"urlTemplate\":\"https:\\\/\\\/luxuryhomefloripa.com.br\\\/?s={search_term_string}\"},\"query-input\":{\"@type\":\"PropertyValueSpecification\",\"valueRequired\":true,\"valueName\":\"search_term_string\"}}],\"inLanguage\":\"es\"},{\"@type\":\"Organization\",\"@id\":\"https:\\\/\\\/luxuryhomefloripa.com.br\\\/#organization\",\"name\":\"Luxury Home Floripa - Imobili\u00e1ria com Im\u00f3veis de alto padr\u00e3o em Florian\u00f3polis\",\"alternateName\":\"Luxury Home Floripa\",\"url\":\"https:\\\/\\\/luxuryhomefloripa.com.br\\\/\",\"logo\":{\"@type\":\"ImageObject\",\"inLanguage\":\"es\",\"@id\":\"https:\\\/\\\/luxuryhomefloripa.com.br\\\/#\\\/schema\\\/logo\\\/image\\\/\",\"url\":\"https:\\\/\\\/luxuryhomefloripa.com.br\\\/wp-content\\\/uploads\\\/2025\\\/11\\\/luxury-home-floripa.png\",\"contentUrl\":\"https:\\\/\\\/luxuryhomefloripa.com.br\\\/wp-content\\\/uploads\\\/2025\\\/11\\\/luxury-home-floripa.png\",\"width\":1200,\"height\":675,\"caption\":\"Luxury Home Floripa - Imobili\u00e1ria com Im\u00f3veis de alto padr\u00e3o em Florian\u00f3polis\"},\"image\":\"https:\\\/\\\/luxuryhomefloripa.com.br\\\/wp-content\\\/uploads\\\/2025\\\/11\\\/luxury-home-floripa.png\",\"sameAs\":[\"https:\\\/\\\/www.facebook.com\\\/luxuryhomefloripa\",\"https:\\\/\\\/www.instagram.com\\\/luxuryhomefloripa\\\/\",\"https:\\\/\\\/pinterest.com\\\/luxuryhomefloripa\\\/\"],\"description\":\"Imobili\u00e1ria em Jurer\u00ea, focada em lan\u00e7amentos e im\u00f3veis de alto padr\u00e3o e luxo na cidade de Florian\u00f3polis e em toda a regi\u00e3o da grande Florian\u00f3polis. Equipe especializada no mercado de Florian\u00f3polis com mais de 20 anos de experi\u00eancia.\",\"email\":\"dayrocco@luxuryhomefloripa.com.br\",\"telephone\":\"+5548996606799\",\"legalName\":\"LUXURY HOME FLORIPA\",\"foundingDate\":\"2021-01-23\",\"vatID\":\"57.909.495\\\/0001-93\",\"numberOfEmployees\":{\"@type\":\"QuantitativeValue\",\"minValue\":\"11\",\"maxValue\":\"50\"},\"address\":{\"@type\":\"PostalAddress\",\"streetAddress\":\"R. Prof. Heinz Braunsperger, 88 - Loja 3 - Jurer\u00ea Internacional\",\"addressLocality\":\"Florian\u00f3polis\",\"addressRegion\":\"Santa Catarina\",\"postalCode\":\"88053-680\",\"addressCountry\":\"BR\"}}]}<\/script>\n<!-- \/ Yoast SEO Premium plugin. -->","yoast_head_json":{"title":"Qu\u00e9 hacer en Florian\u00f3polis: Consejos imperdibles para tu visita","description":"Qu\u00e9 hacer en Florian\u00f3polis: Desde la historia hasta el ecoturismo, la capital de Santa Catarina ofrece atracciones para todos los gustos y perfiles de viajeros.","robots":{"index":"index","follow":"follow","max-snippet":"max-snippet:-1","max-image-preview":"max-image-preview:large","max-video-preview":"max-video-preview:-1"},"canonical":"https:\/\/luxuryhomefloripa.com.br\/es\/o-que-fazer-em-florianopolis-dicas-imperdiveis-para-sua-primeira-visita\/","og_locale":"es_ES","og_type":"article","og_title":"O que fazer em Florian\u00f3polis: Dicas imperd\u00edveis para sua primeira visita","og_description":"Imobili\u00e1ria com Im\u00f3veis de alto padr\u00e3o \u00e0 venda em Florian\u00f3polis. Apartamentos, Casas, Coberturas, Terrenos e Lan\u00e7amentos de luxo.","og_url":"https:\/\/luxuryhomefloripa.com.br\/es\/o-que-fazer-em-florianopolis-dicas-imperdiveis-para-sua-primeira-visita\/","og_site_name":"Luxury Home Floripa","article_publisher":"https:\/\/www.facebook.com\/luxuryhomefloripa","article_modified_time":"2025-05-15T23:45:02+00:00","og_image":[{"width":1600,"height":960,"url":"https:\/\/luxuryhomefloripa.com.br\/wp-content\/uploads\/2024\/06\/Ponte-Hercilio-Luz-1.webp","type":"image\/webp"}],"twitter_card":"summary_large_image","twitter_misc":{"Tiempo de lectura":"6 minutos"},"schema":{"@context":"https:\/\/schema.org","@graph":[{"@type":"WebPage","@id":"https:\/\/luxuryhomefloripa.com.br\/o-que-fazer-em-florianopolis-dicas-imperdiveis-para-sua-primeira-visita\/","url":"https:\/\/luxuryhomefloripa.com.br\/o-que-fazer-em-florianopolis-dicas-imperdiveis-para-sua-primeira-visita\/","name":"Qu\u00e9 hacer en Florian\u00f3polis: Consejos imperdibles para tu visita","isPartOf":{"@id":"https:\/\/luxuryhomefloripa.com.br\/#website"},"primaryImageOfPage":{"@id":"https:\/\/luxuryhomefloripa.com.br\/o-que-fazer-em-florianopolis-dicas-imperdiveis-para-sua-primeira-visita\/#primaryimage"},"image":{"@id":"https:\/\/luxuryhomefloripa.com.br\/o-que-fazer-em-florianopolis-dicas-imperdiveis-para-sua-primeira-visita\/#primaryimage"},"thumbnailUrl":"https:\/\/luxuryhomefloripa.com.br\/wp-content\/uploads\/2024\/06\/Ponte-Hercilio-Luz-1.webp","datePublished":"2024-10-02T16:00:58+00:00","dateModified":"2025-05-15T23:45:02+00:00","description":"Qu\u00e9 hacer en Florian\u00f3polis: Desde la historia hasta el ecoturismo, la capital de Santa Catarina ofrece atracciones para todos los gustos y perfiles de viajeros.","breadcrumb":{"@id":"https:\/\/luxuryhomefloripa.com.br\/o-que-fazer-em-florianopolis-dicas-imperdiveis-para-sua-primeira-visita\/#breadcrumb"},"inLanguage":"es","potentialAction":[{"@type":"ReadAction","target":["https:\/\/luxuryhomefloripa.com.br\/o-que-fazer-em-florianopolis-dicas-imperdiveis-para-sua-primeira-visita\/"]}]},{"@type":"ImageObject","inLanguage":"es","@id":"https:\/\/luxuryhomefloripa.com.br\/o-que-fazer-em-florianopolis-dicas-imperdiveis-para-sua-primeira-visita\/#primaryimage","url":"https:\/\/luxuryhomefloripa.com.br\/wp-content\/uploads\/2024\/06\/Ponte-Hercilio-Luz-1.webp","contentUrl":"https:\/\/luxuryhomefloripa.com.br\/wp-content\/uploads\/2024\/06\/Ponte-Hercilio-Luz-1.webp","width":1600,"height":960,"caption":"Centro de Florian\u00f3polis: Estilo de Vida Pulsante e Dicas de Passeios na Ponte Herc\u00edlio Luz"},{"@type":"BreadcrumbList","@id":"https:\/\/luxuryhomefloripa.com.br\/o-que-fazer-em-florianopolis-dicas-imperdiveis-para-sua-primeira-visita\/#breadcrumb","itemListElement":[{"@type":"ListItem","position":1,"name":"In\u00edcio","item":"https:\/\/luxuryhomefloripa.com.br\/"},{"@type":"ListItem","position":2,"name":"O que fazer em Florian\u00f3polis: Dicas imperd\u00edveis para sua primeira visita"}]},{"@type":"WebSite","@id":"https:\/\/luxuryhomefloripa.com.br\/#website","url":"https:\/\/luxuryhomefloripa.com.br\/","name":"Luxury Home Floripa - Agencia inmobiliaria con propiedades de alta gama en Florian\u00f3polis","description":"Imobili\u00e1ria em Jurer\u00ea - Florian\u00f3polis com Im\u00f3veis de alto padr\u00e3o \u00e0 venda em Florian\u00f3polis. Apartamentos, casas, coberturas, terrenos e lan\u00e7amentos de luxo.","publisher":{"@id":"https:\/\/luxuryhomefloripa.com.br\/#organization"},"alternateName":"Luxury Home Floripa","potentialAction":[{"@type":"SearchAction","target":{"@type":"EntryPoint","urlTemplate":"https:\/\/luxuryhomefloripa.com.br\/?s={search_term_string}"},"query-input":{"@type":"PropertyValueSpecification","valueRequired":true,"valueName":"search_term_string"}}],"inLanguage":"es"},{"@type":"Organization","@id":"https:\/\/luxuryhomefloripa.com.br\/#organization","name":"Luxury Home Floripa - Agencia inmobiliaria con propiedades de alta gama en Florian\u00f3polis","alternateName":"Luxury Home Floripa","url":"https:\/\/luxuryhomefloripa.com.br\/","logo":{"@type":"ImageObject","inLanguage":"es","@id":"https:\/\/luxuryhomefloripa.com.br\/#\/schema\/logo\/image\/","url":"https:\/\/luxuryhomefloripa.com.br\/wp-content\/uploads\/2025\/11\/luxury-home-floripa.png","contentUrl":"https:\/\/luxuryhomefloripa.com.br\/wp-content\/uploads\/2025\/11\/luxury-home-floripa.png","width":1200,"height":675,"caption":"Luxury Home Floripa - Imobili\u00e1ria com Im\u00f3veis de alto padr\u00e3o em Florian\u00f3polis"},"image":"https:\/\/luxuryhomefloripa.com.br\/wp-content\/uploads\/2025\/11\/luxury-home-floripa.png","sameAs":["https:\/\/www.facebook.com\/luxuryhomefloripa","https:\/\/www.instagram.com\/luxuryhomefloripa\/","https:\/\/pinterest.com\/luxuryhomefloripa\/"],"description":"Agencia inmobiliaria en Jurer\u00ea, especializada en promociones de obra nueva y propiedades de lujo de alta gama en la ciudad de Florian\u00f3polis y su \u00e1rea metropolitana. Nuestro equipo se ha especializado en el mercado florian\u00f3polis y cuenta con m\u00e1s de 20 a\u00f1os de experiencia.","email":"dayrocco@luxuryhomefloripa.com.br","telephone":"+5548996606799","legalName":"LUXURY HOME FLORIPA","foundingDate":"2021-01-23","vatID":"57.909.495\/0001-93","numberOfEmployees":{"@type":"QuantitativeValue","minValue":"11","maxValue":"50"},"address":{"@type":"PostalAddress","streetAddress":"R. Prof. Heinz Braunsperger, 88 - Loja 3 - Jurer\u00ea Internacional","addressLocality":"Florian\u00f3polis","addressRegion":"Santa Catarina","postalCode":"88053-680","addressCountry":"BR"}}]}},"_links":{"self":[{"href":"https:\/\/luxuryhomefloripa.com.br\/es\/wp-json\/wp\/v2\/pages\/64012","targetHints":{"allow":["GET"]}}],"collection":[{"href":"https:\/\/luxuryhomefloripa.com.br\/es\/wp-json\/wp\/v2\/pages"}],"about":[{"href":"https:\/\/luxuryhomefloripa.com.br\/es\/wp-json\/wp\/v2\/types\/page"}],"author":[{"embeddable":true,"href":"https:\/\/luxuryhomefloripa.com.br\/es\/wp-json\/wp\/v2\/users\/10"}],"replies":[{"embeddable":true,"href":"https:\/\/luxuryhomefloripa.com.br\/es\/wp-json\/wp\/v2\/comments?post=64012"}],"version-history":[{"count":0,"href":"https:\/\/luxuryhomefloripa.com.br\/es\/wp-json\/wp\/v2\/pages\/64012\/revisions"}],"wp:featuredmedia":[{"embeddable":true,"href":"https:\/\/luxuryhomefloripa.com.br\/es\/wp-json\/wp\/v2\/media\/60693"}],"wp:attachment":[{"href":"https:\/\/luxuryhomefloripa.com.br\/es\/wp-json\/wp\/v2\/media?parent=64012"}],"wp:term":[{"taxonomy":"category","embeddable":true,"href":"https:\/\/luxuryhomefloripa.com.br\/es\/wp-json\/wp\/v2\/categories?post=64012"}],"curies":[{"name":"wp","href":"https:\/\/api.w.org\/{rel}","templated":true}]}}