{"id":59569,"date":"2024-04-04T18:49:49","date_gmt":"2024-04-04T21:49:49","guid":{"rendered":"https:\/\/luxuryhomefloripa.com\/?page_id=59569"},"modified":"2026-03-13T15:15:22","modified_gmt":"2026-03-13T18:15:22","slug":"o-que-sao-commodities-e-quais-sao","status":"publish","type":"page","link":"https:\/\/luxuryhomefloripa.com.br\/es\/o-que-sao-commodities-e-quais-sao\/","title":{"rendered":"\u00bfQu\u00e9 son las materias primas y qu\u00e9 son?"},"content":{"rendered":"\n<p>As <strong>commodities<\/strong> s\u00e3o produtos b\u00e1sicos, muitas vezes mat\u00e9rias-primas, comercializados em larga escala nos mercados financeiros e f\u00edsicos. Elas s\u00e3o essenciais para a economia global, desempenhando um papel fundamental em v\u00e1rias ind\u00fastrias e setores. Dessa forma, exploraremos em detalhes o conceito de commodities, os diferentes tipos dispon\u00edveis e sua import\u00e2ncia nos mercados mundiais.<\/p>\n\n\n\n<p>Os produtos de agroneg\u00f3cios se destacam entre as&nbsp;<em>commodities<\/em>&nbsp;brasileiras devido \u00e0 diversidade de recursos naturais do pa\u00eds. Cerca de 65% das exporta\u00e7\u00f5es brasileiras s\u00e3o&nbsp;<em>commodities<\/em>. Dito isso, conhe\u00e7a as 7 principais&nbsp;<em>commodities<\/em>&nbsp;brasileiras:<\/p>\n\n\n\n<ol class=\"wp-block-list\">\n<li>Soja;<\/li>\n\n\n\n<li>Caf\u00e9;<\/li>\n\n\n\n<li>Petr\u00f3leo;<\/li>\n\n\n\n<li>Alum\u00ednio;<\/li>\n\n\n\n<li>Suco de Laranja;<\/li>\n\n\n\n<li>Min\u00e9rio de Ferro;<\/li>\n\n\n\n<li>Boi Gordo (arroba de carne).<\/li>\n<\/ol>\n\n\n\n<p>Em 2023, o agroneg\u00f3cio e a ind\u00fastria extrativa mineral continuaram a ser os pilares das exporta\u00e7\u00f5es brasileiras, com o complexo soja, \u00f3leos brutos de petr\u00f3leo, min\u00e9rio de ferro, complexo carnes, celulose, a\u00e7\u00facar e caf\u00e9 respondendo por US$ 165,2 bilh\u00f5es, o equivalente a 48,7% do total exportado pelo pa\u00eds.<\/p>\n\n\n\n<div style=\"height:50px\" aria-hidden=\"true\" class=\"wp-block-spacer\"><\/div>\n\n\n\n<figure class=\"wp-block-image size-large\"><a href=\"https:\/\/luxuryhomefloripa.com\/wp-content\/uploads\/2024\/04\/Commodities-soja.webp\"><img fetchpriority=\"high\" decoding=\"async\" width=\"1024\" height=\"683\" sizes=\"(max-width: 1024px) 100vw, 1024px\" src=\"https:\/\/luxuryhomefloripa.com\/wp-content\/uploads\/2024\/04\/Commodities-soja-1024x683.webp\" alt=\"\" class=\"wp-image-59573\" srcset=\"https:\/\/luxuryhomefloripa.com.br\/wp-content\/uploads\/2024\/04\/Commodities-soja-1024x683.webp 1024w, https:\/\/luxuryhomefloripa.com.br\/wp-content\/uploads\/2024\/04\/Commodities-soja-600x400.webp 600w, https:\/\/luxuryhomefloripa.com.br\/wp-content\/uploads\/2024\/04\/Commodities-soja-768x512.webp 768w, https:\/\/luxuryhomefloripa.com.br\/wp-content\/uploads\/2024\/04\/Commodities-soja-18x12.webp 18w, https:\/\/luxuryhomefloripa.com.br\/wp-content\/uploads\/2024\/04\/Commodities-soja-240x160.webp 240w, https:\/\/luxuryhomefloripa.com.br\/wp-content\/uploads\/2024\/04\/Commodities-soja.webp 1224w\" \/><\/a><\/figure>\n\n\n\n<div style=\"height:50px\" aria-hidden=\"true\" class=\"wp-block-spacer\"><\/div>\n\n\n\n<h2 class=\"wp-block-heading\" id=\"h-o-conceito-de-commodities\">O Conceito de Commodities<\/h2>\n\n\n\n<p>As <strong>commodities<\/strong> s\u00e3o bens tang\u00edveis, produzidos em massa e comercializados em grandes quantidades. Sendo assim, elas podem ser categorizadas em diferentes tipos, incluindo:<\/p>\n\n\n\n<h3 class=\"wp-block-heading\" id=\"h-1-commodities-agricolas\">1. Commodities Agr\u00edcolas<\/h3>\n\n\n\n<p>As <strong>commodities agr\u00edcolas<\/strong> s\u00e3o produtos cultivados. Ou seja, gr\u00e3os (soja, trigo, milho, arroz), caf\u00e9, cacau, a\u00e7\u00facar, algod\u00e3o, bem como, outros produtos agr\u00edcolas. Ou seja, esses itens s\u00e3o fundamentais para alimenta\u00e7\u00e3o humana e animal, bem como para a ind\u00fastria de biocombust\u00edveis.<\/p>\n\n\n\n<h3 class=\"wp-block-heading\" id=\"h-2-commodities-energeticas\">2. Commodities Energ\u00e9ticas<\/h3>\n\n\n\n<p>Os recursos utilizados para produzir energia s\u00e3o as <strong>commodities energ\u00e9ticas<\/strong>. Isso inclui petr\u00f3leo bruto, g\u00e1s natural, carv\u00e3o e eletricidade. Portanto, essas commodities desempenham um papel vital na economia global, afetando os pre\u00e7os de muitos outros bens e servi\u00e7os.<\/p>\n\n\n\n<h3 class=\"wp-block-heading\" id=\"h-3-commodities-metalicas\">3. Commodities Met\u00e1licas<\/h3>\n\n\n\n<p>As <strong>commodities met\u00e1licas<\/strong> s\u00e3o metais extra\u00eddos da crosta terrestre. Exemplos incluem ouro, prata, platina, cobre, ferro e alum\u00ednio. Dessa forma, esses metais s\u00e3o usados em uma variedade de ind\u00fastrias, desde a fabrica\u00e7\u00e3o de eletr\u00f4nicos at\u00e9 a constru\u00e7\u00e3o civil.<\/p>\n\n\n\n<h2 class=\"wp-block-heading\" id=\"h-a-importancia\">A Import\u00e2ncia<\/h2>\n\n\n\n<p>Atualmente, as <strong>commodities<\/strong> desempenham um papel crucial na economia mundial por v\u00e1rias raz\u00f5es:<\/p>\n\n\n\n<ul class=\"wp-block-list\">\n<li><strong>Fornecimento de Mat\u00e9rias-Primas<\/strong>: Muitas ind\u00fastrias dependem disto como mat\u00e9ria-prima para a produ\u00e7\u00e3o de bens acabados. Por exemplo, a ind\u00fastria automobil\u00edstica requer metais como a\u00e7o e alum\u00ednio para fabricar carros.<\/li>\n\n\n\n<li><strong>Precifica\u00e7\u00e3o de Produtos Finais<\/strong>: Os pre\u00e7os podem afetar diretamente o custo de muitos produtos finais. Por exemplo, um aumento no pre\u00e7o do petr\u00f3leo pode resultar em pre\u00e7os mais altos de gasolina e transporte.<\/li>\n\n\n\n<li><strong>Diversifica\u00e7\u00e3o de Investimentos<\/strong>: Oferecem aos investidores uma maneira de diversificar suas carteiras. Dessa forma, elas t\u00eam baixa correla\u00e7\u00e3o com outros ativos, como a\u00e7\u00f5es e t\u00edtulos, o que pode ajudar a reduzir o risco de uma carteira de investimentos.<\/li>\n<\/ul>\n\n\n\n<h2 class=\"wp-block-heading\" id=\"h-negociacao-de-commodities\">Negocia\u00e7\u00e3o de Commodities<\/h2>\n\n\n\n<p>Podem ser negociadas em diversos mercados, incluindo bolsas de valores e mercados de balc\u00e3o. Portanto, existem v\u00e1rias maneiras de negociar commodities, incluindo contratos futuros, op\u00e7\u00f5es, ETFs (Exchange-Traded Funds) e CFDs (Contracts for Difference).<\/p>\n\n\n\n<ul class=\"wp-block-list\">\n<li><strong>Contratos Futuros<\/strong>: Os contratos futuros s\u00e3o acordos para comprar ou vender uma determinada quantidade de uma commodity a um pre\u00e7o especificado em uma data futura. Ou seja, s\u00e3o usados por produtores e consumidores para proteger contra flutua\u00e7\u00f5es de pre\u00e7os.<\/li>\n\n\n\n<li><strong>Op\u00e7\u00f5es<\/strong>: As op\u00e7\u00f5es s\u00e3o contratos que d\u00e3o ao titular o direito, mas n\u00e3o a obriga\u00e7\u00e3o, de comprar ou vender uma commodity a um pre\u00e7o espec\u00edfico em uma data futura. Elas oferecem flexibilidade aos investidores. Bem como, podem ser usadas para especular sobre movimentos de pre\u00e7os.<\/li>\n\n\n\n<li><strong>ETFs e CFDs<\/strong>: Os ETFs e CFDs s\u00e3o instrumentos financeiros que permitem aos investidores negociar commodities sem ter que possuir o ativo subjacente. Dessa forma, oferecem uma maneira conveniente de acessar os mercados com alavancagem.<\/li>\n<\/ul>\n\n\n\n<h2 class=\"wp-block-heading\" id=\"h-oportunidades-de-investimento\">Oportunidades de investimento<\/h2>\n\n\n\n<p>As <strong>commodities<\/strong> desempenham um papel vital na economia global, ou seja, fornecendo mat\u00e9rias-primas essenciais para v\u00e1rias ind\u00fastrias e setores. Portanto, podem ser negociadas em diversos mercados financeiros e f\u00edsicos, oferecendo oportunidades de investimento e prote\u00e7\u00e3o contra flutua\u00e7\u00f5es de pre\u00e7os. <\/p>\n\n\n\n<div style=\"height:50px\" aria-hidden=\"true\" class=\"wp-block-spacer\"><\/div>\n\n\n<div class=\"wp-block-image\">\n<figure class=\"aligncenter size-large\"><a href=\"https:\/\/luxuryhomefloripa.com\/wp-content\/uploads\/2023\/04\/1600_G8A9256.webp\"><img decoding=\"async\" src=\"https:\/\/luxuryhomefloripa.com\/wp-content\/uploads\/2023\/04\/1600_G8A9256-1024x683.webp\" alt=\"Aqui na Buzz Luxury Home, ao utilizar commodities como forma de pagamento, facilitamos a sua negocia\u00e7\u00e3o e garantimos a seguran\u00e7a de todo o processo.\n\" class=\"wp-image-51515\"\/><\/a><\/figure>\n<\/div>\n\n\n<div style=\"height:50px\" aria-hidden=\"true\" class=\"wp-block-spacer\"><\/div>\n\n\n\n<h2 class=\"wp-block-heading\" id=\"h-assessoria-imobiliaria-de-luxo-e-alto-padrao-em-florianopolis\">Assessoria Imobili\u00e1ria de Luxo e alto padr\u00e3o em Florian\u00f3polis<\/h2>\n\n\n\n<p><strong>Aqui na Buzz Luxury Home, ao utilizar commodities como forma de pagamento para a compra de im\u00f3veis, facilitamos a sua negocia\u00e7\u00e3o e garantimos a seguran\u00e7a de todo o processo.<\/strong><\/p>\n\n\n\n<p>[+] <a href=\"https:\/\/luxuryhomefloripa.com.br\/action\/frente-mar\/\">Casa a venda em florian\u00f3polis perto da praia <\/a><\/p>\n\n\n\n<p>[+] <a href=\"https:\/\/luxuryhomefloripa.com.br\/area\/jurere-internacional\/\">Casas \u00e0 venda jurere<\/a><\/p>\n\n\n\n<p>[+] <a href=\"https:\/\/luxuryhomefloripa.com.br\/florianopolis-ou-balneario-camboriu-qual-cidade-tem-o-melhor-estilo-de-vida-e-oportunidades\/\">Florian\u00f3polis ou Balner\u00e1rio Cambori\u00fa?<\/a><\/p>\n\n\n\n<p>Oferecemos um espa\u00e7o de im\u00f3veis de alto padr\u00e3o exclusivo para voc\u00ea. Com mais de 20 anos de experi\u00eancia no mercado. Dessa forma, estamos prontos para assessor\u00e1-lo em sua busca pelo im\u00f3vel ideal, seja para investimento, ou seja, moradia em qualquer regi\u00e3o da Ilha de Florian\u00f3polis.<\/p>\n\n\n\n<p>Al\u00e9m disso, estamos localizados em um dos lugares mais lindos e procurados do mundo:&nbsp;<a href=\"https:\/\/luxuryhomefloripa.com\/area\/jurere-internacional\/\">Jurer\u00ea Internacional<\/a>, na Rua Alameda C\u00e9sar Nascimento \u2013 87, Loja 2, no Infinity Blue. Portanto, podemos oferecer uma ampla variedade de op\u00e7\u00f5es que atendem aos seus objetivos de vida e ao seu momento atual.<\/p>\n\n\n\n<p>&#x2660; Siga no Instagram:&nbsp;<a href=\"https:\/\/www.instagram.com\/luxuryhomefloripa\">@luxuryhomefloripa<\/a><br>&#x2660; Clique e entre em&nbsp;<a href=\"https:\/\/luxuryhomefloripa.com\/contato\/\">contato<\/a><br><a href=\"https:\/\/api.whatsapp.com\/send\/?phone=5548996606799\">&#x1f4f1; + 55 48 99660 6799<\/a><\/p>\n\n\n\n<div style=\"height:50px\" aria-hidden=\"true\" class=\"wp-block-spacer\"><\/div>\n","protected":false},"excerpt":{"rendered":"<p>As commodities s\u00e3o produtos b\u00e1sicos, muitas vezes mat\u00e9rias-primas, comercializados em larga escala nos mercados financeiros e f\u00edsicos. Elas s\u00e3o essenciais para a economia global, desempenhando um papel fundamental em v\u00e1rias ind\u00fastrias e setores. Dessa forma, exploraremos em detalhes o conceito de commodities, os diferentes tipos dispon\u00edveis e sua import\u00e2ncia nos mercados mundiais. Os produtos de &#8230;<\/p>","protected":false},"author":10,"featured_media":59573,"parent":0,"menu_order":0,"comment_status":"closed","ping_status":"closed","template":"","meta":{"_daextam_enable_autolinks":"1","footnotes":""},"categories":[312],"class_list":["post-59569","page","type-page","status-publish","has-post-thumbnail","hentry","category-landings"],"yoast_head":"<!-- This site is optimized with the Yoast SEO Premium plugin v24.0 (Yoast SEO v27.3) - https:\/\/yoast.com\/product\/yoast-seo-premium-wordpress\/ -->\n<title>O Que S\u00e3o Commodities e Quais S\u00e3o?<\/title>\n<meta name=\"description\" content=\"Descubra o mundo das commodities: o que s\u00e3o, tipos e sua import\u00e2ncia. Saiba como negoci\u00e1-las nos mercados financeiros.\" \/>\n<meta name=\"robots\" content=\"index, follow, max-snippet:-1, max-image-preview:large, max-video-preview:-1\" \/>\n<link rel=\"canonical\" href=\"https:\/\/luxuryhomefloripa.com.br\/es\/o-que-sao-commodities-e-quais-sao\/\" \/>\n<meta property=\"og:locale\" content=\"es_ES\" \/>\n<meta property=\"og:type\" content=\"article\" \/>\n<meta property=\"og:title\" content=\"O Que S\u00e3o Commodities e Quais S\u00e3o?\" \/>\n<meta property=\"og:description\" content=\"Imobili\u00e1ria com Im\u00f3veis de alto padr\u00e3o \u00e0 venda em Florian\u00f3polis. Apartamentos, Casas, Coberturas, Terrenos e Lan\u00e7amentos de luxo.\" \/>\n<meta property=\"og:url\" content=\"https:\/\/luxuryhomefloripa.com.br\/es\/o-que-sao-commodities-e-quais-sao\/\" \/>\n<meta property=\"og:site_name\" content=\"Luxury Home Floripa\" \/>\n<meta property=\"article:publisher\" content=\"https:\/\/www.facebook.com\/luxuryhomefloripa\" \/>\n<meta property=\"article:modified_time\" content=\"2026-03-13T18:15:22+00:00\" \/>\n<meta property=\"og:image\" content=\"https:\/\/luxuryhomefloripa.com.br\/wp-content\/uploads\/2024\/04\/Commodities-soja.webp\" \/>\n\t<meta property=\"og:image:width\" content=\"1224\" \/>\n\t<meta property=\"og:image:height\" content=\"816\" \/>\n\t<meta property=\"og:image:type\" content=\"image\/webp\" \/>\n<meta name=\"twitter:card\" content=\"summary_large_image\" \/>\n<meta name=\"twitter:label1\" content=\"Tiempo de lectura\" \/>\n\t<meta name=\"twitter:data1\" content=\"5 minutos\" \/>\n<script type=\"application\/ld+json\" class=\"yoast-schema-graph\">{\"@context\":\"https:\\\/\\\/schema.org\",\"@graph\":[{\"@type\":\"WebPage\",\"@id\":\"https:\\\/\\\/luxuryhomefloripa.com.br\\\/o-que-sao-commodities-e-quais-sao\\\/\",\"url\":\"https:\\\/\\\/luxuryhomefloripa.com.br\\\/o-que-sao-commodities-e-quais-sao\\\/\",\"name\":\"O Que S\u00e3o Commodities e Quais S\u00e3o?\",\"isPartOf\":{\"@id\":\"https:\\\/\\\/luxuryhomefloripa.com.br\\\/#website\"},\"primaryImageOfPage\":{\"@id\":\"https:\\\/\\\/luxuryhomefloripa.com.br\\\/o-que-sao-commodities-e-quais-sao\\\/#primaryimage\"},\"image\":{\"@id\":\"https:\\\/\\\/luxuryhomefloripa.com.br\\\/o-que-sao-commodities-e-quais-sao\\\/#primaryimage\"},\"thumbnailUrl\":\"https:\\\/\\\/luxuryhomefloripa.com.br\\\/wp-content\\\/uploads\\\/2024\\\/04\\\/Commodities-soja.webp\",\"datePublished\":\"2024-04-04T21:49:49+00:00\",\"dateModified\":\"2026-03-13T18:15:22+00:00\",\"description\":\"Descubra o mundo das commodities: o que s\u00e3o, tipos e sua import\u00e2ncia. Saiba como negoci\u00e1-las nos mercados financeiros.\",\"breadcrumb\":{\"@id\":\"https:\\\/\\\/luxuryhomefloripa.com.br\\\/o-que-sao-commodities-e-quais-sao\\\/#breadcrumb\"},\"inLanguage\":\"es\",\"potentialAction\":[{\"@type\":\"ReadAction\",\"target\":[\"https:\\\/\\\/luxuryhomefloripa.com.br\\\/o-que-sao-commodities-e-quais-sao\\\/\"]}]},{\"@type\":\"ImageObject\",\"inLanguage\":\"es\",\"@id\":\"https:\\\/\\\/luxuryhomefloripa.com.br\\\/o-que-sao-commodities-e-quais-sao\\\/#primaryimage\",\"url\":\"https:\\\/\\\/luxuryhomefloripa.com.br\\\/wp-content\\\/uploads\\\/2024\\\/04\\\/Commodities-soja.webp\",\"contentUrl\":\"https:\\\/\\\/luxuryhomefloripa.com.br\\\/wp-content\\\/uploads\\\/2024\\\/04\\\/Commodities-soja.webp\",\"width\":1224,\"height\":816,\"caption\":\"O Que S\u00e3o Commodities e Quais S\u00e3o?\"},{\"@type\":\"BreadcrumbList\",\"@id\":\"https:\\\/\\\/luxuryhomefloripa.com.br\\\/o-que-sao-commodities-e-quais-sao\\\/#breadcrumb\",\"itemListElement\":[{\"@type\":\"ListItem\",\"position\":1,\"name\":\"In\u00edcio\",\"item\":\"https:\\\/\\\/luxuryhomefloripa.com.br\\\/\"},{\"@type\":\"ListItem\",\"position\":2,\"name\":\"O Que S\u00e3o Commodities e Quais S\u00e3o?\"}]},{\"@type\":\"WebSite\",\"@id\":\"https:\\\/\\\/luxuryhomefloripa.com.br\\\/#website\",\"url\":\"https:\\\/\\\/luxuryhomefloripa.com.br\\\/\",\"name\":\"Luxury Home Floripa - Imobili\u00e1ria com Im\u00f3veis de alto padr\u00e3o em Florian\u00f3polis\",\"description\":\"Imobili\u00e1ria em Jurer\u00ea - Florian\u00f3polis com Im\u00f3veis de alto padr\u00e3o \u00e0 venda em Florian\u00f3polis. Apartamentos, casas, coberturas, terrenos e lan\u00e7amentos de luxo.\",\"publisher\":{\"@id\":\"https:\\\/\\\/luxuryhomefloripa.com.br\\\/#organization\"},\"alternateName\":\"Luxury Home Floripa\",\"potentialAction\":[{\"@type\":\"SearchAction\",\"target\":{\"@type\":\"EntryPoint\",\"urlTemplate\":\"https:\\\/\\\/luxuryhomefloripa.com.br\\\/?s={search_term_string}\"},\"query-input\":{\"@type\":\"PropertyValueSpecification\",\"valueRequired\":true,\"valueName\":\"search_term_string\"}}],\"inLanguage\":\"es\"},{\"@type\":\"Organization\",\"@id\":\"https:\\\/\\\/luxuryhomefloripa.com.br\\\/#organization\",\"name\":\"Luxury Home Floripa - Imobili\u00e1ria com Im\u00f3veis de alto padr\u00e3o em Florian\u00f3polis\",\"alternateName\":\"Luxury Home Floripa\",\"url\":\"https:\\\/\\\/luxuryhomefloripa.com.br\\\/\",\"logo\":{\"@type\":\"ImageObject\",\"inLanguage\":\"es\",\"@id\":\"https:\\\/\\\/luxuryhomefloripa.com.br\\\/#\\\/schema\\\/logo\\\/image\\\/\",\"url\":\"https:\\\/\\\/luxuryhomefloripa.com.br\\\/wp-content\\\/uploads\\\/2025\\\/11\\\/luxury-home-floripa.png\",\"contentUrl\":\"https:\\\/\\\/luxuryhomefloripa.com.br\\\/wp-content\\\/uploads\\\/2025\\\/11\\\/luxury-home-floripa.png\",\"width\":1200,\"height\":675,\"caption\":\"Luxury Home Floripa - Imobili\u00e1ria com Im\u00f3veis de alto padr\u00e3o em Florian\u00f3polis\"},\"image\":\"https:\\\/\\\/luxuryhomefloripa.com.br\\\/wp-content\\\/uploads\\\/2025\\\/11\\\/luxury-home-floripa.png\",\"sameAs\":[\"https:\\\/\\\/www.facebook.com\\\/luxuryhomefloripa\",\"https:\\\/\\\/www.instagram.com\\\/luxuryhomefloripa\\\/\",\"https:\\\/\\\/pinterest.com\\\/luxuryhomefloripa\\\/\"],\"description\":\"Imobili\u00e1ria em Jurer\u00ea, focada em lan\u00e7amentos e im\u00f3veis de alto padr\u00e3o e luxo na cidade de Florian\u00f3polis e em toda a regi\u00e3o da grande Florian\u00f3polis. Equipe especializada no mercado de Florian\u00f3polis com mais de 20 anos de experi\u00eancia.\",\"email\":\"dayrocco@luxuryhomefloripa.com.br\",\"telephone\":\"+5548996606799\",\"legalName\":\"LUXURY HOME FLORIPA\",\"foundingDate\":\"2021-01-23\",\"vatID\":\"57.909.495\\\/0001-93\",\"numberOfEmployees\":{\"@type\":\"QuantitativeValue\",\"minValue\":\"11\",\"maxValue\":\"50\"},\"address\":{\"@type\":\"PostalAddress\",\"streetAddress\":\"R. Prof. Heinz Braunsperger, 88 - Loja 3 - Jurer\u00ea Internacional\",\"addressLocality\":\"Florian\u00f3polis\",\"addressRegion\":\"Santa Catarina\",\"postalCode\":\"88053-680\",\"addressCountry\":\"BR\"}}]}<\/script>\n<!-- \/ Yoast SEO Premium plugin. -->","yoast_head_json":{"title":"\u00bfQu\u00e9 son las materias primas y qu\u00e9 son?","description":"Descubra o mundo das commodities: o que s\u00e3o, tipos e sua import\u00e2ncia. Saiba como negoci\u00e1-las nos mercados financeiros.","robots":{"index":"index","follow":"follow","max-snippet":"max-snippet:-1","max-image-preview":"max-image-preview:large","max-video-preview":"max-video-preview:-1"},"canonical":"https:\/\/luxuryhomefloripa.com.br\/es\/o-que-sao-commodities-e-quais-sao\/","og_locale":"es_ES","og_type":"article","og_title":"O Que S\u00e3o Commodities e Quais S\u00e3o?","og_description":"Imobili\u00e1ria com Im\u00f3veis de alto padr\u00e3o \u00e0 venda em Florian\u00f3polis. Apartamentos, Casas, Coberturas, Terrenos e Lan\u00e7amentos de luxo.","og_url":"https:\/\/luxuryhomefloripa.com.br\/es\/o-que-sao-commodities-e-quais-sao\/","og_site_name":"Luxury Home Floripa","article_publisher":"https:\/\/www.facebook.com\/luxuryhomefloripa","article_modified_time":"2026-03-13T18:15:22+00:00","og_image":[{"width":1224,"height":816,"url":"https:\/\/luxuryhomefloripa.com.br\/wp-content\/uploads\/2024\/04\/Commodities-soja.webp","type":"image\/webp"}],"twitter_card":"summary_large_image","twitter_misc":{"Tiempo de lectura":"5 minutos"},"schema":{"@context":"https:\/\/schema.org","@graph":[{"@type":"WebPage","@id":"https:\/\/luxuryhomefloripa.com.br\/o-que-sao-commodities-e-quais-sao\/","url":"https:\/\/luxuryhomefloripa.com.br\/o-que-sao-commodities-e-quais-sao\/","name":"\u00bfQu\u00e9 son las materias primas y qu\u00e9 son?","isPartOf":{"@id":"https:\/\/luxuryhomefloripa.com.br\/#website"},"primaryImageOfPage":{"@id":"https:\/\/luxuryhomefloripa.com.br\/o-que-sao-commodities-e-quais-sao\/#primaryimage"},"image":{"@id":"https:\/\/luxuryhomefloripa.com.br\/o-que-sao-commodities-e-quais-sao\/#primaryimage"},"thumbnailUrl":"https:\/\/luxuryhomefloripa.com.br\/wp-content\/uploads\/2024\/04\/Commodities-soja.webp","datePublished":"2024-04-04T21:49:49+00:00","dateModified":"2026-03-13T18:15:22+00:00","description":"Descubra o mundo das commodities: o que s\u00e3o, tipos e sua import\u00e2ncia. Saiba como negoci\u00e1-las nos mercados financeiros.","breadcrumb":{"@id":"https:\/\/luxuryhomefloripa.com.br\/o-que-sao-commodities-e-quais-sao\/#breadcrumb"},"inLanguage":"es","potentialAction":[{"@type":"ReadAction","target":["https:\/\/luxuryhomefloripa.com.br\/o-que-sao-commodities-e-quais-sao\/"]}]},{"@type":"ImageObject","inLanguage":"es","@id":"https:\/\/luxuryhomefloripa.com.br\/o-que-sao-commodities-e-quais-sao\/#primaryimage","url":"https:\/\/luxuryhomefloripa.com.br\/wp-content\/uploads\/2024\/04\/Commodities-soja.webp","contentUrl":"https:\/\/luxuryhomefloripa.com.br\/wp-content\/uploads\/2024\/04\/Commodities-soja.webp","width":1224,"height":816,"caption":"O Que S\u00e3o Commodities e Quais S\u00e3o?"},{"@type":"BreadcrumbList","@id":"https:\/\/luxuryhomefloripa.com.br\/o-que-sao-commodities-e-quais-sao\/#breadcrumb","itemListElement":[{"@type":"ListItem","position":1,"name":"In\u00edcio","item":"https:\/\/luxuryhomefloripa.com.br\/"},{"@type":"ListItem","position":2,"name":"O Que S\u00e3o Commodities e Quais S\u00e3o?"}]},{"@type":"WebSite","@id":"https:\/\/luxuryhomefloripa.com.br\/#website","url":"https:\/\/luxuryhomefloripa.com.br\/","name":"Luxury Home Floripa - Agencia inmobiliaria con propiedades de alta gama en Florian\u00f3polis","description":"Imobili\u00e1ria em Jurer\u00ea - Florian\u00f3polis com Im\u00f3veis de alto padr\u00e3o \u00e0 venda em Florian\u00f3polis. Apartamentos, casas, coberturas, terrenos e lan\u00e7amentos de luxo.","publisher":{"@id":"https:\/\/luxuryhomefloripa.com.br\/#organization"},"alternateName":"Luxury Home Floripa","potentialAction":[{"@type":"SearchAction","target":{"@type":"EntryPoint","urlTemplate":"https:\/\/luxuryhomefloripa.com.br\/?s={search_term_string}"},"query-input":{"@type":"PropertyValueSpecification","valueRequired":true,"valueName":"search_term_string"}}],"inLanguage":"es"},{"@type":"Organization","@id":"https:\/\/luxuryhomefloripa.com.br\/#organization","name":"Luxury Home Floripa - Agencia inmobiliaria con propiedades de alta gama en Florian\u00f3polis","alternateName":"Luxury Home Floripa","url":"https:\/\/luxuryhomefloripa.com.br\/","logo":{"@type":"ImageObject","inLanguage":"es","@id":"https:\/\/luxuryhomefloripa.com.br\/#\/schema\/logo\/image\/","url":"https:\/\/luxuryhomefloripa.com.br\/wp-content\/uploads\/2025\/11\/luxury-home-floripa.png","contentUrl":"https:\/\/luxuryhomefloripa.com.br\/wp-content\/uploads\/2025\/11\/luxury-home-floripa.png","width":1200,"height":675,"caption":"Luxury Home Floripa - Imobili\u00e1ria com Im\u00f3veis de alto padr\u00e3o em Florian\u00f3polis"},"image":"https:\/\/luxuryhomefloripa.com.br\/wp-content\/uploads\/2025\/11\/luxury-home-floripa.png","sameAs":["https:\/\/www.facebook.com\/luxuryhomefloripa","https:\/\/www.instagram.com\/luxuryhomefloripa\/","https:\/\/pinterest.com\/luxuryhomefloripa\/"],"description":"Agencia inmobiliaria en Jurer\u00ea, especializada en promociones de obra nueva y propiedades de lujo de alta gama en la ciudad de Florian\u00f3polis y su \u00e1rea metropolitana. Nuestro equipo se ha especializado en el mercado florian\u00f3polis y cuenta con m\u00e1s de 20 a\u00f1os de experiencia.","email":"dayrocco@luxuryhomefloripa.com.br","telephone":"+5548996606799","legalName":"LUXURY HOME FLORIPA","foundingDate":"2021-01-23","vatID":"57.909.495\/0001-93","numberOfEmployees":{"@type":"QuantitativeValue","minValue":"11","maxValue":"50"},"address":{"@type":"PostalAddress","streetAddress":"R. Prof. Heinz Braunsperger, 88 - Loja 3 - Jurer\u00ea Internacional","addressLocality":"Florian\u00f3polis","addressRegion":"Santa Catarina","postalCode":"88053-680","addressCountry":"BR"}}]}},"_links":{"self":[{"href":"https:\/\/luxuryhomefloripa.com.br\/es\/wp-json\/wp\/v2\/pages\/59569","targetHints":{"allow":["GET"]}}],"collection":[{"href":"https:\/\/luxuryhomefloripa.com.br\/es\/wp-json\/wp\/v2\/pages"}],"about":[{"href":"https:\/\/luxuryhomefloripa.com.br\/es\/wp-json\/wp\/v2\/types\/page"}],"author":[{"embeddable":true,"href":"https:\/\/luxuryhomefloripa.com.br\/es\/wp-json\/wp\/v2\/users\/10"}],"replies":[{"embeddable":true,"href":"https:\/\/luxuryhomefloripa.com.br\/es\/wp-json\/wp\/v2\/comments?post=59569"}],"version-history":[{"count":1,"href":"https:\/\/luxuryhomefloripa.com.br\/es\/wp-json\/wp\/v2\/pages\/59569\/revisions"}],"predecessor-version":[{"id":78074,"href":"https:\/\/luxuryhomefloripa.com.br\/es\/wp-json\/wp\/v2\/pages\/59569\/revisions\/78074"}],"wp:featuredmedia":[{"embeddable":true,"href":"https:\/\/luxuryhomefloripa.com.br\/es\/wp-json\/wp\/v2\/media\/59573"}],"wp:attachment":[{"href":"https:\/\/luxuryhomefloripa.com.br\/es\/wp-json\/wp\/v2\/media?parent=59569"}],"wp:term":[{"taxonomy":"category","embeddable":true,"href":"https:\/\/luxuryhomefloripa.com.br\/es\/wp-json\/wp\/v2\/categories?post=59569"}],"curies":[{"name":"wp","href":"https:\/\/api.w.org\/{rel}","templated":true}]}}