{"id":73880,"date":"2025-09-26T12:04:07","date_gmt":"2025-09-26T15:04:07","guid":{"rendered":"https:\/\/luxuryhomefloripa.com.br\/?page_id=73880"},"modified":"2025-09-26T12:40:31","modified_gmt":"2025-09-26T15:40:31","slug":"bairros","status":"publish","type":"page","link":"https:\/\/luxuryhomefloripa.com.br\/en\/bairros\/","title":{"rendered":"Neighborhoods"},"content":{"rendered":"<div class=\"wpb-content-wrapper\"><div class=\"vc_row wpb_row vc_row-fluid pad wpestate_row vc_row\"><div class=\"wpb_column vc_column_container vc_col-sm-12 vc_column\"><div class=\"vc_column-inner\"><div class=\"wpb_wrapper\"><div class=\"vc_empty_space  vc_empty_space\"   style=\"height: 40px\"><span class=\"vc_empty_space_inner\"><\/span><\/div>\n\t<div class=\"wpb_text_column wpb_content_element perfect vc_column_text\" >\n\t\t<div class=\"wpb_wrapper\">\n\t\t\t<h1 style=\"text-align: left; font-size: 3.4rem;\">Neighborhoods<\/h1>\n\n\t\t<\/div>\n\t<\/div>\n\n\t<div class=\"wpb_raw_code wpb_raw_html wpb_content_element vc_raw_html\" >\n\t\t<div class=\"wpb_wrapper\">\n\t\t\t<ul id=\"lista-bairros\"><li><a href=\"https:\/\/luxuryhomefloripa.com.br\/en\/area\/agronomica\/\" aria-label=\"View properties in the Agron\u00f4mica neighborhood\">Agronomics<\/a><\/li><li><a href=\"https:\/\/luxuryhomefloripa.com.br\/en\/area\/armacao-da-piedade\/\" aria-label=\"Ver im\u00f3veis no bairro Arma\u00e7\u00e3o da Piedade\">Arma\u00e7\u00e3o da Piedade<\/a><\/li><li><a href=\"https:\/\/luxuryhomefloripa.com.br\/en\/area\/balneario-estreito\/\" aria-label=\"Ver im\u00f3veis no bairro Balne\u00e1rio Estreito\">Balne\u00e1rio Estreito<\/a><\/li><li><a href=\"https:\/\/luxuryhomefloripa.com.br\/en\/area\/cachoeira-do-bom-jesus\/\" aria-label=\"View properties in the Cachoeira do Bom Jesus neighborhood\">Bom Jesus Waterfall<\/a><\/li><li><a href=\"https:\/\/luxuryhomefloripa.com.br\/en\/area\/cacupe\/\" aria-label=\"View properties in the Cacup\u00e9 neighborhood\">Cacup\u00e9<\/a><\/li><li><a href=\"https:\/\/luxuryhomefloripa.com.br\/en\/area\/campeche\/\" aria-label=\"View properties in the Campeche neighborhood\">Campeche<\/a><\/li><li><a href=\"https:\/\/luxuryhomefloripa.com.br\/en\/area\/canasvieiras\/\" aria-label=\"View properties in the Canasvieiras neighborhood\">Canasvieiras<\/a><\/li><li><a href=\"https:\/\/luxuryhomefloripa.com.br\/en\/area\/canto-da-lagoa\/\" aria-label=\"View properties in the Canto da Lagoa neighborhood\">Canto da Lagoa<\/a><\/li><li><a href=\"https:\/\/luxuryhomefloripa.com.br\/en\/area\/centro\/\" aria-label=\"View properties in the Centro neighborhood\">center<\/a><\/li><li><a href=\"https:\/\/luxuryhomefloripa.com.br\/en\/area\/coqueiros\/\" aria-label=\"View properties in the Coqueiros neighborhood\">Coconut trees<\/a><\/li><li><a href=\"https:\/\/luxuryhomefloripa.com.br\/en\/area\/corrego-grande\/\" aria-label=\"View properties in the C\u00f3rrego Grande neighborhood\">Big Stream<\/a><\/li><li><a href=\"https:\/\/luxuryhomefloripa.com.br\/en\/area\/ingleses\/\" aria-label=\"View properties in the Ingleses neighborhood\">English<\/a><\/li><li><a href=\"https:\/\/luxuryhomefloripa.com.br\/en\/area\/itacorubi\/\" aria-label=\"View properties in the Itacorubi neighborhood\">Itacorubi<\/a><\/li><li><a href=\"https:\/\/luxuryhomefloripa.com.br\/en\/area\/joao-paulo\/\" aria-label=\"View properties in the Jo\u00e3o Paulo neighborhood\">John Paul<\/a><\/li><li><a href=\"https:\/\/luxuryhomefloripa.com.br\/en\/area\/jurere-internacional\/\" aria-label=\"View properties in the Jurer\u00ea Internacional neighborhood\">Jurer\u00ea Internacional<\/a><\/li><li><a href=\"https:\/\/luxuryhomefloripa.com.br\/en\/area\/lagoa-da-conceicao\/\" aria-label=\"View properties in the Lagoa da Concei\u00e7\u00e3o neighborhood\">Concei\u00e7\u00e3o Lagoon<\/a><\/li><li><a href=\"https:\/\/luxuryhomefloripa.com.br\/en\/area\/morro-das-pedras\/\" aria-label=\"View properties in the Morro das Pedras neighborhood\">Morro das Pedras<\/a><\/li><li><a href=\"https:\/\/luxuryhomefloripa.com.br\/en\/area\/novo-campeche\/\" aria-label=\"View properties in the Novo Campeche neighborhood\">New Campeche<\/a><\/li><li><a href=\"https:\/\/luxuryhomefloripa.com.br\/en\/area\/praia-brava\/\" aria-label=\"View properties in the Praia Brava neighborhood\">Brava Beach<\/a><\/li><li><a href=\"https:\/\/luxuryhomefloripa.com.br\/en\/area\/praia-mole\/\" aria-label=\"View properties in the Praia Mole neighborhood\">Mole Beach<\/a><\/li><li><a href=\"https:\/\/luxuryhomefloripa.com.br\/en\/area\/ratones\/\" aria-label=\"View properties in the Ratones neighborhood\">Rats<\/a><\/li><li><a href=\"https:\/\/luxuryhomefloripa.com.br\/en\/area\/rio-tavares\/\" aria-label=\"View properties in the Rio Tavares neighborhood\">Tavares River<\/a><\/li><li><a href=\"https:\/\/luxuryhomefloripa.com.br\/en\/area\/saco-grande\/\" aria-label=\"View properties in the Saco Grande neighborhood\">Big bag<\/a><\/li><li><a href=\"https:\/\/luxuryhomefloripa.com.br\/en\/area\/sambaqui\/\" aria-label=\"View properties in the Sambaqui neighborhood\">Sambaqui<\/a><\/li><li><a href=\"https:\/\/luxuryhomefloripa.com.br\/en\/area\/santa-monica\/\" aria-label=\"View properties in the Santa Monica neighborhood\">Santa Monica<\/a><\/li><\/ul>\n\t\t<\/div>\n\t<\/div>\n<\/div><\/div><\/div><\/div>\n<\/div>","protected":false},"excerpt":{"rendered":"Bairros Agron\u00f4micaArma\u00e7\u00e3o da PiedadeBalne\u00e1rio EstreitoCachoeira do Bom JesusCacup\u00e9CampecheCanasvieirasCanto da LagoaCentroCoqueirosC\u00f3rrego GrandeInglesesItacorubiJo\u00e3o PauloJurer\u00ea InternacionalLagoa da Concei\u00e7\u00e3oMorro das PedrasNovo CampechePraia BravaPraia MoleRatonesRio TavaresSaco GrandeSambaquiSanta M\u00f4nica","protected":false},"author":10,"featured_media":0,"parent":0,"menu_order":0,"comment_status":"closed","ping_status":"closed","template":"elementor_header_footer","meta":{"_daextam_enable_autolinks":"1","footnotes":""},"categories":[],"class_list":["post-73880","page","type-page","status-publish","hentry"],"yoast_head":"<!-- This site is optimized with the Yoast SEO Premium plugin v24.0 (Yoast SEO v27.3) - https:\/\/yoast.com\/product\/yoast-seo-premium-wordpress\/ -->\n<title>Bairros<\/title>\n<meta name=\"description\" content=\"Imobili\u00e1ria com Im\u00f3veis de alto padr\u00e3o \u00e0 venda em Florian\u00f3polis. Apartamentos, Casas, Coberturas, Terrenos e Lan\u00e7amentos de luxo.\" \/>\n<meta name=\"robots\" content=\"index, follow, max-snippet:-1, max-image-preview:large, max-video-preview:-1\" \/>\n<link rel=\"canonical\" href=\"https:\/\/luxuryhomefloripa.com.br\/en\/bairros\/\" \/>\n<meta property=\"og:locale\" content=\"en_US\" \/>\n<meta property=\"og:type\" content=\"article\" \/>\n<meta property=\"og:title\" content=\"Bairros\" \/>\n<meta property=\"og:description\" content=\"Imobili\u00e1ria com Im\u00f3veis de alto padr\u00e3o \u00e0 venda em Florian\u00f3polis. Apartamentos, Casas, Coberturas, Terrenos e Lan\u00e7amentos de luxo.\" \/>\n<meta property=\"og:url\" content=\"https:\/\/luxuryhomefloripa.com.br\/en\/bairros\/\" \/>\n<meta property=\"og:site_name\" content=\"Luxury Home Floripa\" \/>\n<meta property=\"article:publisher\" content=\"https:\/\/www.facebook.com\/luxuryhomefloripa\" \/>\n<meta property=\"article:modified_time\" content=\"2025-09-26T15:40:31+00:00\" \/>\n<meta property=\"og:image\" content=\"https:\/\/luxuryhomefloripa.com.br\/wp-content\/uploads\/2025\/11\/luxury-home-floripa.png\" \/>\n\t<meta property=\"og:image:width\" content=\"1200\" \/>\n\t<meta property=\"og:image:height\" content=\"675\" \/>\n\t<meta property=\"og:image:type\" content=\"image\/png\" \/>\n<meta name=\"twitter:card\" content=\"summary_large_image\" \/>\n<meta name=\"twitter:label1\" content=\"Est. reading time\" \/>\n\t<meta name=\"twitter:data1\" content=\"1 minute\" \/>\n<script type=\"application\/ld+json\" class=\"yoast-schema-graph\">{\"@context\":\"https:\\\/\\\/schema.org\",\"@graph\":[{\"@type\":\"WebPage\",\"@id\":\"https:\\\/\\\/luxuryhomefloripa.com.br\\\/bairros\\\/\",\"url\":\"https:\\\/\\\/luxuryhomefloripa.com.br\\\/bairros\\\/\",\"name\":\"Bairros\",\"isPartOf\":{\"@id\":\"https:\\\/\\\/luxuryhomefloripa.com.br\\\/#website\"},\"datePublished\":\"2025-09-26T15:04:07+00:00\",\"dateModified\":\"2025-09-26T15:40:31+00:00\",\"description\":\"Imobili\u00e1ria com Im\u00f3veis de alto padr\u00e3o \u00e0 venda em Florian\u00f3polis. Apartamentos, Casas, Coberturas, Terrenos e Lan\u00e7amentos de luxo.\",\"breadcrumb\":{\"@id\":\"https:\\\/\\\/luxuryhomefloripa.com.br\\\/bairros\\\/#breadcrumb\"},\"inLanguage\":\"en-US\",\"potentialAction\":[{\"@type\":\"ReadAction\",\"target\":[\"https:\\\/\\\/luxuryhomefloripa.com.br\\\/bairros\\\/\"]}]},{\"@type\":\"BreadcrumbList\",\"@id\":\"https:\\\/\\\/luxuryhomefloripa.com.br\\\/bairros\\\/#breadcrumb\",\"itemListElement\":[{\"@type\":\"ListItem\",\"position\":1,\"name\":\"In\u00edcio\",\"item\":\"https:\\\/\\\/luxuryhomefloripa.com.br\\\/\"},{\"@type\":\"ListItem\",\"position\":2,\"name\":\"Bairros\"}]},{\"@type\":\"WebSite\",\"@id\":\"https:\\\/\\\/luxuryhomefloripa.com.br\\\/#website\",\"url\":\"https:\\\/\\\/luxuryhomefloripa.com.br\\\/\",\"name\":\"Luxury Home Floripa - Imobili\u00e1ria com Im\u00f3veis de alto padr\u00e3o em Florian\u00f3polis\",\"description\":\"Imobili\u00e1ria em Jurer\u00ea - Florian\u00f3polis com Im\u00f3veis de alto padr\u00e3o \u00e0 venda em Florian\u00f3polis. Apartamentos, casas, coberturas, terrenos e lan\u00e7amentos de luxo.\",\"publisher\":{\"@id\":\"https:\\\/\\\/luxuryhomefloripa.com.br\\\/#organization\"},\"alternateName\":\"Luxury Home Floripa\",\"potentialAction\":[{\"@type\":\"SearchAction\",\"target\":{\"@type\":\"EntryPoint\",\"urlTemplate\":\"https:\\\/\\\/luxuryhomefloripa.com.br\\\/?s={search_term_string}\"},\"query-input\":{\"@type\":\"PropertyValueSpecification\",\"valueRequired\":true,\"valueName\":\"search_term_string\"}}],\"inLanguage\":\"en-US\"},{\"@type\":\"Organization\",\"@id\":\"https:\\\/\\\/luxuryhomefloripa.com.br\\\/#organization\",\"name\":\"Luxury Home Floripa - Imobili\u00e1ria com Im\u00f3veis de alto padr\u00e3o em Florian\u00f3polis\",\"alternateName\":\"Luxury Home Floripa\",\"url\":\"https:\\\/\\\/luxuryhomefloripa.com.br\\\/\",\"logo\":{\"@type\":\"ImageObject\",\"inLanguage\":\"en-US\",\"@id\":\"https:\\\/\\\/luxuryhomefloripa.com.br\\\/#\\\/schema\\\/logo\\\/image\\\/\",\"url\":\"https:\\\/\\\/luxuryhomefloripa.com.br\\\/wp-content\\\/uploads\\\/2025\\\/11\\\/luxury-home-floripa.png\",\"contentUrl\":\"https:\\\/\\\/luxuryhomefloripa.com.br\\\/wp-content\\\/uploads\\\/2025\\\/11\\\/luxury-home-floripa.png\",\"width\":1200,\"height\":675,\"caption\":\"Luxury Home Floripa - Imobili\u00e1ria com Im\u00f3veis de alto padr\u00e3o em Florian\u00f3polis\"},\"image\":\"https:\\\/\\\/luxuryhomefloripa.com.br\\\/wp-content\\\/uploads\\\/2025\\\/11\\\/luxury-home-floripa.png\",\"sameAs\":[\"https:\\\/\\\/www.facebook.com\\\/luxuryhomefloripa\",\"https:\\\/\\\/www.instagram.com\\\/luxuryhomefloripa\\\/\",\"https:\\\/\\\/pinterest.com\\\/luxuryhomefloripa\\\/\"],\"description\":\"Imobili\u00e1ria em Jurer\u00ea, focada em lan\u00e7amentos e im\u00f3veis de alto padr\u00e3o e luxo na cidade de Florian\u00f3polis e em toda a regi\u00e3o da grande Florian\u00f3polis. Equipe especializada no mercado de Florian\u00f3polis com mais de 20 anos de experi\u00eancia.\",\"email\":\"dayrocco@luxuryhomefloripa.com.br\",\"telephone\":\"+5548996606799\",\"legalName\":\"LUXURY HOME FLORIPA\",\"foundingDate\":\"2021-01-23\",\"vatID\":\"57.909.495\\\/0001-93\",\"numberOfEmployees\":{\"@type\":\"QuantitativeValue\",\"minValue\":\"11\",\"maxValue\":\"50\"},\"address\":{\"@type\":\"PostalAddress\",\"streetAddress\":\"R. Prof. Heinz Braunsperger, 88 - Loja 3 - Jurer\u00ea Internacional\",\"addressLocality\":\"Florian\u00f3polis\",\"addressRegion\":\"Santa Catarina\",\"postalCode\":\"88053-680\",\"addressCountry\":\"BR\"}}]}<\/script>\n<!-- \/ Yoast SEO Premium plugin. -->","yoast_head_json":{"title":"Neighborhoods","description":"Real estate agency with high-end properties for sale in Florian\u00f3polis. Apartments, Houses, Penthouses, Land and luxury new developments.","robots":{"index":"index","follow":"follow","max-snippet":"max-snippet:-1","max-image-preview":"max-image-preview:large","max-video-preview":"max-video-preview:-1"},"canonical":"https:\/\/luxuryhomefloripa.com.br\/en\/bairros\/","og_locale":"en_US","og_type":"article","og_title":"Bairros","og_description":"Imobili\u00e1ria com Im\u00f3veis de alto padr\u00e3o \u00e0 venda em Florian\u00f3polis. Apartamentos, Casas, Coberturas, Terrenos e Lan\u00e7amentos de luxo.","og_url":"https:\/\/luxuryhomefloripa.com.br\/en\/bairros\/","og_site_name":"Luxury Home Floripa","article_publisher":"https:\/\/www.facebook.com\/luxuryhomefloripa","article_modified_time":"2025-09-26T15:40:31+00:00","og_image":[{"width":1200,"height":675,"url":"https:\/\/luxuryhomefloripa.com.br\/wp-content\/uploads\/2025\/11\/luxury-home-floripa.png","type":"image\/png"}],"twitter_card":"summary_large_image","twitter_misc":{"Est. reading time":"1 minute"},"schema":{"@context":"https:\/\/schema.org","@graph":[{"@type":"WebPage","@id":"https:\/\/luxuryhomefloripa.com.br\/bairros\/","url":"https:\/\/luxuryhomefloripa.com.br\/bairros\/","name":"Neighborhoods","isPartOf":{"@id":"https:\/\/luxuryhomefloripa.com.br\/#website"},"datePublished":"2025-09-26T15:04:07+00:00","dateModified":"2025-09-26T15:40:31+00:00","description":"Real estate agency with high-end properties for sale in Florian\u00f3polis. Apartments, Houses, Penthouses, Land and luxury new developments.","breadcrumb":{"@id":"https:\/\/luxuryhomefloripa.com.br\/bairros\/#breadcrumb"},"inLanguage":"en-US","potentialAction":[{"@type":"ReadAction","target":["https:\/\/luxuryhomefloripa.com.br\/bairros\/"]}]},{"@type":"BreadcrumbList","@id":"https:\/\/luxuryhomefloripa.com.br\/bairros\/#breadcrumb","itemListElement":[{"@type":"ListItem","position":1,"name":"In\u00edcio","item":"https:\/\/luxuryhomefloripa.com.br\/"},{"@type":"ListItem","position":2,"name":"Bairros"}]},{"@type":"WebSite","@id":"https:\/\/luxuryhomefloripa.com.br\/#website","url":"https:\/\/luxuryhomefloripa.com.br\/","name":"Luxury Home Floripa - Real Estate Agency with high-end properties in Florian\u00f3polis","description":"Imobili\u00e1ria em Jurer\u00ea - Florian\u00f3polis com Im\u00f3veis de alto padr\u00e3o \u00e0 venda em Florian\u00f3polis. Apartamentos, casas, coberturas, terrenos e lan\u00e7amentos de luxo.","publisher":{"@id":"https:\/\/luxuryhomefloripa.com.br\/#organization"},"alternateName":"Luxury Home Floripa","potentialAction":[{"@type":"SearchAction","target":{"@type":"EntryPoint","urlTemplate":"https:\/\/luxuryhomefloripa.com.br\/?s={search_term_string}"},"query-input":{"@type":"PropertyValueSpecification","valueRequired":true,"valueName":"search_term_string"}}],"inLanguage":"en-US"},{"@type":"Organization","@id":"https:\/\/luxuryhomefloripa.com.br\/#organization","name":"Luxury Home Floripa - Real Estate Agency with high-end properties in Florian\u00f3polis","alternateName":"Luxury Home Floripa","url":"https:\/\/luxuryhomefloripa.com.br\/","logo":{"@type":"ImageObject","inLanguage":"en-US","@id":"https:\/\/luxuryhomefloripa.com.br\/#\/schema\/logo\/image\/","url":"https:\/\/luxuryhomefloripa.com.br\/wp-content\/uploads\/2025\/11\/luxury-home-floripa.png","contentUrl":"https:\/\/luxuryhomefloripa.com.br\/wp-content\/uploads\/2025\/11\/luxury-home-floripa.png","width":1200,"height":675,"caption":"Luxury Home Floripa - Imobili\u00e1ria com Im\u00f3veis de alto padr\u00e3o em Florian\u00f3polis"},"image":"https:\/\/luxuryhomefloripa.com.br\/wp-content\/uploads\/2025\/11\/luxury-home-floripa.png","sameAs":["https:\/\/www.facebook.com\/luxuryhomefloripa","https:\/\/www.instagram.com\/luxuryhomefloripa\/","https:\/\/pinterest.com\/luxuryhomefloripa\/"],"description":"Imobili\u00e1ria em Jurer\u00ea, focada em lan\u00e7amentos e im\u00f3veis de alto padr\u00e3o e luxo na cidade de Florian\u00f3polis e em toda a regi\u00e3o da grande Florian\u00f3polis. Equipe especializada no mercado de Florian\u00f3polis com mais de 20 anos de experi\u00eancia.","email":"dayrocco@luxuryhomefloripa.com.br","telephone":"+5548996606799","legalName":"LUXURY HOME FLORIPA","foundingDate":"2021-01-23","vatID":"57.909.495\/0001-93","numberOfEmployees":{"@type":"QuantitativeValue","minValue":"11","maxValue":"50"},"address":{"@type":"PostalAddress","streetAddress":"R. Prof. Heinz Braunsperger, 88 - Loja 3 - Jurer\u00ea Internacional","addressLocality":"Florian\u00f3polis","addressRegion":"Santa Catarina","postalCode":"88053-680","addressCountry":"BR"}}]}},"_links":{"self":[{"href":"https:\/\/luxuryhomefloripa.com.br\/en\/wp-json\/wp\/v2\/pages\/73880","targetHints":{"allow":["GET"]}}],"collection":[{"href":"https:\/\/luxuryhomefloripa.com.br\/en\/wp-json\/wp\/v2\/pages"}],"about":[{"href":"https:\/\/luxuryhomefloripa.com.br\/en\/wp-json\/wp\/v2\/types\/page"}],"author":[{"embeddable":true,"href":"https:\/\/luxuryhomefloripa.com.br\/en\/wp-json\/wp\/v2\/users\/10"}],"replies":[{"embeddable":true,"href":"https:\/\/luxuryhomefloripa.com.br\/en\/wp-json\/wp\/v2\/comments?post=73880"}],"version-history":[{"count":16,"href":"https:\/\/luxuryhomefloripa.com.br\/en\/wp-json\/wp\/v2\/pages\/73880\/revisions"}],"predecessor-version":[{"id":73927,"href":"https:\/\/luxuryhomefloripa.com.br\/en\/wp-json\/wp\/v2\/pages\/73880\/revisions\/73927"}],"wp:attachment":[{"href":"https:\/\/luxuryhomefloripa.com.br\/en\/wp-json\/wp\/v2\/media?parent=73880"}],"wp:term":[{"taxonomy":"category","embeddable":true,"href":"https:\/\/luxuryhomefloripa.com.br\/en\/wp-json\/wp\/v2\/categories?post=73880"}],"curies":[{"name":"wp","href":"https:\/\/api.w.org\/{rel}","templated":true}]}}