{"id":64012,"date":"2024-10-02T13:00:58","date_gmt":"2024-10-02T16:00:58","guid":{"rendered":"https:\/\/luxuryhomefloripa.com\/?page_id=64012"},"modified":"2025-05-15T20:45:02","modified_gmt":"2025-05-15T23:45:02","slug":"o-que-fazer-em-florianopolis-dicas-imperdiveis-para-sua-primeira-visita","status":"publish","type":"page","link":"https:\/\/luxuryhomefloripa.com.br\/en\/o-que-fazer-em-florianopolis-dicas-imperdiveis-para-sua-primeira-visita\/","title":{"rendered":"What to do in Florian\u00f3polis: Unmissable tips for your first visit"},"content":{"rendered":"<p>Florian\u00f3polis, the capital of Santa Catarina, is a vast destination full of natural, historical, and cultural charm. Therefore, for first-time visitors, organizing an itinerary can be challenging due to the island&#039;s diverse array of attractions. Therefore, we&#039;ve prepared a list of 30 suggestions for what to do in Florian\u00f3polis, organized by region, so you can make the most of your stay on the island.<\/p>\n\n\n\n<h2 class=\"wp-block-heading\" id=\"h-o-que-fazer-em-florianopolis-regiao-central\">What to do in Florian\u00f3polis: Central Region<\/h2>\n\n\n\n<h3 class=\"wp-block-heading\" id=\"h-1-conhecer-a-ponte-hercilio-luz\">1. Get to know the Herc\u00edlio Luz Bridge<\/h3>\n\n\n\n<p>The Herc\u00edlio Luz Bridge is one of Florian\u00f3polis&#039;s most iconic landmarks and a landmark in the city&#039;s history. Built in 1926, it connects the mainland to the island, and the crossing offers stunning views of the bay.<\/p>\n\n\n\n<h3 class=\"wp-block-heading\" id=\"h-2-passear-pelo-parque-da-luz\">2. Stroll through Parque da Luz<\/h3>\n\n\n\n<p>Walking across the bridge, you&#039;ll find Parque da Luz. This green space is ideal for leisure time surrounded by nature. It also features a bike path and a lookout point with a privileged view of the Herc\u00edlio Luz Bridge.<\/p>\n\n\n\n<h3 class=\"wp-block-heading\" id=\"h-3-visitar-o-mercado-publico\">3. Visit the Public Market<\/h3>\n\n\n\n<p>The Florian\u00f3polis Public Market is a must-see for those interested in local cuisine, especially seafood. The place is also packed with history, culture, and excitement, especially on weekends.<\/p>\n\n\n\n<h3 class=\"wp-block-heading\" id=\"h-4-museu-historico-de-santa-catarina\">4. Historical Museum of Santa Catarina<\/h3>\n\n\n\n<p>Housed in the imposing Cruz e Sousa Palace, the museum offers an immersion into Santa Catarina&#039;s history, with exhibitions of furniture, documents, and works of art from the 19th and 20th centuries.<\/p>\n\n\n\n<h3 class=\"wp-block-heading\" id=\"h-5-caminhar-pela-avenida-beira-mar-norte\">5. Walk along Beira-Mar Norte Avenue<\/h3>\n\n\n\n<p>Beira-Mar Norte is one of the city&#039;s main meeting points. It&#039;s ideal for strolling along its extensive bike path, with the sea on one side and views of the city&#039;s modern buildings on the other.<\/p>\n\n\n\n<h2 class=\"wp-block-heading\" id=\"h-o-que-fazer-em-florianopolis-regiao-leste\">What to do in Florian\u00f3polis: East Region<\/h2>\n\n\n\n<h3 class=\"wp-block-heading\" id=\"h-6-passar-uma-tarde-na-lagoa-da-conceicao\">6. Spend an afternoon at Lagoa da Concei\u00e7\u00e3o<\/h3>\n\n\n\n<p>Lagoa da Concei\u00e7\u00e3o is one of Florian\u00f3polis&#039; most iconic landmarks. Ideal for a relaxing stroll, the location offers everything from picnics to trendy bars and restaurants on the famous Avenida das Rendeiras.<\/p>\n\n\n\n<h3 class=\"wp-block-heading\" id=\"h-7-praticar-sandboard-nas-dunas-da-praia-da-joaquina\">7. Sandboarding on the dunes of Joaquina Beach<\/h3>\n\n\n\n<p>For the adventurous, sandboarding on the Joaquina dunes is a unique experience. The beach, famous for its big waves, is also a surfing hotspot and a perfect backdrop for beautiful photos.<\/p>\n\n\n\n<h3 class=\"wp-block-heading\" id=\"h-8-andar-de-barco-pela-barra-da-lagoa\">8. Boat ride around Barra da Lagoa<\/h3>\n\n\n\n<p>Explore the Barra da Lagoa canal on a boat or Hawaiian outrigger canoe tour, enjoying the calm waters and beautiful scenery. Tours include stops for swimming in the natural pools formed between the rocks.<\/p>\n\n\n\n<h3 class=\"wp-block-heading\" id=\"h-9-visitar-o-projeto-tamar\">9. Visit the Tamar Project<\/h3>\n\n\n\n<p>In Barra da Lagoa, you&#039;ll also find the Tamar Project, dedicated to preserving sea turtles. The visit is educational, especially for children, who can watch the animals being fed and learn more about the biologists&#039; work.<\/p>\n\n\n\n<h3 class=\"wp-block-heading\" id=\"h-10-almocar-na-costa-da-lagoa\">10. Lunch on the Lagoon Coast<\/h3>\n\n\n\n<p>Reach Costa da Lagoa by boat or trail and enjoy an authentic seafood meal at one of the family-run restaurants. The journey is also an attraction in itself, with incredible views and contact with nature.<\/p>\n\n\n\n<h2 class=\"wp-block-heading\" id=\"h-o-que-fazer-em-florianopolis-regiao-sul\">What to do in Florian\u00f3polis: South Region<\/h2>\n\n\n\n<h3 class=\"wp-block-heading\" id=\"h-11-explorar-a-ilha-do-campeche\">11. Explore Campeche Island<\/h3>\n\n\n\n<p>Known as the &quot;Caribbean of Santa Catarina,&quot; Campeche Island is one of Florian\u00f3polis&#039; most idyllic attractions, with its crystal-clear waters and white sand. It&#039;s ideal for diving, hiking, and relaxing.<\/p>\n\n\n\n<h3 class=\"wp-block-heading\" id=\"h-12-banho-na-lagoa-do-peri\">12. Bathing in Lagoa do Peri<\/h3>\n\n\n\n<p>Lagoa do Peri is a great destination for those seeking contact with nature. It&#039;s ideal for picnics, hiking, and water sports, as well as being a haven of tranquility.<\/p>\n\n\n\n<h3 class=\"wp-block-heading\" id=\"h-13-conhecer-a-praia-do-matadeiro\">13. Visit Matadeiro Beach<\/h3>\n\n\n\n<p>If you&#039;re looking for a more secluded beach surrounded by lush nature, Matadeiro Beach is the perfect choice. Access is via a trail that offers stunning views.<\/p>\n\n\n\n<h3 class=\"wp-block-heading\" id=\"h-14-comer-ostras-no-ribeirao-da-ilha\">14. Eating oysters in Ribeir\u00e3o da Ilha<\/h3>\n\n\n\n<p>Ribeir\u00e3o da Ilha is famous for its oyster farming, a typical Florian\u00f3polis dish. So, be sure to try this local delicacy, served raw, steamed, or au gratin.<\/p>\n\n\n\n<h2 class=\"wp-block-heading\" id=\"h-o-que-fazer-em-florianopolis-regiao-norte\">What to do in Florian\u00f3polis: North Region<\/h2>\n\n\n\n<h3 class=\"wp-block-heading\" id=\"h-15-assistir-ao-por-do-sol-em-santo-antonio-de-lisboa\">15. Watch the sunset at Santo Ant\u00f4nio de Lisboa<\/h3>\n\n\n\n<p>Santo Ant\u00f4nio de Lisboa is one of the most charming locations in Floripa, with its preserved Azorean architecture and spectacular sunset views. This makes it the perfect spot for those looking to relax and enjoy the city&#039;s beauty.<\/p>\n\n\n\n<h3 class=\"wp-block-heading\" id=\"h-16-visitar-jurere-internacional\">16. Visit Jurer\u00ea Internacional<\/h3>\n\n\n\n<p>Known as the &quot;Brazilian Miami,&quot; Jurer\u00ea Internacional is synonymous with sophistication. The beach, with its calm, warm waters, is ideal for a relaxing day, as well as offering a selection of trendy bars and beach clubs.<\/p>\n\n\n\n<h3 class=\"wp-block-heading\" id=\"h-17-fortaleza-de-sao-jose-da-ponta-grossa\">17. Fortress of Saint Joseph of Ponta Grossa<\/h3>\n\n\n\n<p>Near Jurer\u00ea, the S\u00e3o Jos\u00e9 da Ponta Grossa Fortress offers a combination of history and incredible views from atop its walls. It&#039;s a great place to visit for those interested in learning more about Floripa&#039;s defenses in the 18th century.<\/p>\n\n\n\n<h3 class=\"wp-block-heading\" id=\"h-18-passear-pela-praia-dos-ingleses\">18. Stroll along Ingleses Beach<\/h3>\n\n\n\n<p>Praia dos Ingleses is one of the best-known beaches in Florian\u00f3polis, with its waters perfect for both surfers and swimmers. The dunes and stone workshops, remnants of indigenous peoples, also add a touch of history to the area.<\/p>\n\n\n\n<h2 class=\"wp-block-heading\" id=\"h-o-que-fazer-em-florianopolis\">What to do in Florian\u00f3polis?<\/h2>\n\n\n\n<p>Florian\u00f3polis is a destination that goes far beyond beaches. From history to ecotourism, the capital of Santa Catarina offers attractions for all tastes and traveler profiles. So, take advantage of this list of 30 tips and plan an unforgettable itinerary for your first visit to this enchanting island!<\/p>","protected":false},"excerpt":{"rendered":"<p>Florian\u00f3polis, the capital of Santa Catarina, is a vast destination full of natural, historical, and cultural charms. Therefore, for those visiting the city for the first time, planning an itinerary can be challenging due to the diversity of attractions the island offers. For this reason, we have prepared a list with 30 suggestions of what to do\u2026<\/p>","protected":false},"author":10,"featured_media":60693,"parent":0,"menu_order":0,"comment_status":"closed","ping_status":"closed","template":"","meta":{"_daextam_enable_autolinks":"1","footnotes":""},"categories":[312],"class_list":["post-64012","page","type-page","status-publish","has-post-thumbnail","hentry","category-landings"],"yoast_head":"<!-- This site is optimized with the Yoast SEO Premium plugin v27.5 (Yoast SEO v27.6) - https:\/\/yoast.com\/product\/yoast-seo-premium-wordpress\/ -->\n<title>O que fazer em Florian\u00f3polis: Dicas imperd\u00edveis para sua visita<\/title>\n<meta name=\"description\" content=\"O que fazer em Florian\u00f3polis: De hist\u00f3ria ao ecoturismo, a capital catarinense oferece atra\u00e7\u00f5es para todos os gostos e perfis de viajantes.\" \/>\n<meta name=\"robots\" content=\"index, follow, max-snippet:-1, max-image-preview:large, max-video-preview:-1\" \/>\n<link rel=\"canonical\" href=\"https:\/\/luxuryhomefloripa.com.br\/en\/o-que-fazer-em-florianopolis-dicas-imperdiveis-para-sua-primeira-visita\/\" \/>\n<meta property=\"og:locale\" content=\"en_US\" \/>\n<meta property=\"og:type\" content=\"article\" \/>\n<meta property=\"og:title\" content=\"O que fazer em Florian\u00f3polis: Dicas imperd\u00edveis para sua primeira visita\" \/>\n<meta property=\"og:description\" content=\"Imobili\u00e1ria com Im\u00f3veis de alto padr\u00e3o \u00e0 venda em Florian\u00f3polis. Apartamentos, Casas, Coberturas, Terrenos e Lan\u00e7amentos de luxo.\" \/>\n<meta property=\"og:url\" content=\"https:\/\/luxuryhomefloripa.com.br\/en\/o-que-fazer-em-florianopolis-dicas-imperdiveis-para-sua-primeira-visita\/\" \/>\n<meta property=\"og:site_name\" content=\"Luxury Home Floripa\" \/>\n<meta property=\"article:publisher\" content=\"https:\/\/www.facebook.com\/luxuryhomefloripa\" \/>\n<meta property=\"article:modified_time\" content=\"2025-05-15T23:45:02+00:00\" \/>\n<meta property=\"og:image\" content=\"https:\/\/luxuryhomefloripa.com.br\/wp-content\/uploads\/2024\/06\/Ponte-Hercilio-Luz-1.webp\" \/>\n\t<meta property=\"og:image:width\" content=\"1600\" \/>\n\t<meta property=\"og:image:height\" content=\"960\" \/>\n\t<meta property=\"og:image:type\" content=\"image\/webp\" \/>\n<meta name=\"twitter:card\" content=\"summary_large_image\" \/>\n<meta name=\"twitter:label1\" content=\"Est. reading time\" \/>\n\t<meta name=\"twitter:data1\" content=\"6 minutes\" \/>\n<script type=\"application\/ld+json\" class=\"yoast-schema-graph\">{\"@context\":\"https:\\\/\\\/schema.org\",\"@graph\":[{\"@type\":\"WebPage\",\"@id\":\"https:\\\/\\\/luxuryhomefloripa.com.br\\\/o-que-fazer-em-florianopolis-dicas-imperdiveis-para-sua-primeira-visita\\\/\",\"url\":\"https:\\\/\\\/luxuryhomefloripa.com.br\\\/o-que-fazer-em-florianopolis-dicas-imperdiveis-para-sua-primeira-visita\\\/\",\"name\":\"O que fazer em Florian\u00f3polis: Dicas imperd\u00edveis para sua visita\",\"isPartOf\":{\"@id\":\"https:\\\/\\\/luxuryhomefloripa.com.br\\\/#website\"},\"primaryImageOfPage\":{\"@id\":\"https:\\\/\\\/luxuryhomefloripa.com.br\\\/o-que-fazer-em-florianopolis-dicas-imperdiveis-para-sua-primeira-visita\\\/#primaryimage\"},\"image\":{\"@id\":\"https:\\\/\\\/luxuryhomefloripa.com.br\\\/o-que-fazer-em-florianopolis-dicas-imperdiveis-para-sua-primeira-visita\\\/#primaryimage\"},\"thumbnailUrl\":\"https:\\\/\\\/luxuryhomefloripa.com.br\\\/wp-content\\\/uploads\\\/2024\\\/06\\\/Ponte-Hercilio-Luz-1.webp\",\"datePublished\":\"2024-10-02T16:00:58+00:00\",\"dateModified\":\"2025-05-15T23:45:02+00:00\",\"description\":\"O que fazer em Florian\u00f3polis: De hist\u00f3ria ao ecoturismo, a capital catarinense oferece atra\u00e7\u00f5es para todos os gostos e perfis de viajantes.\",\"breadcrumb\":{\"@id\":\"https:\\\/\\\/luxuryhomefloripa.com.br\\\/o-que-fazer-em-florianopolis-dicas-imperdiveis-para-sua-primeira-visita\\\/#breadcrumb\"},\"inLanguage\":\"en-US\",\"potentialAction\":[{\"@type\":\"ReadAction\",\"target\":[\"https:\\\/\\\/luxuryhomefloripa.com.br\\\/o-que-fazer-em-florianopolis-dicas-imperdiveis-para-sua-primeira-visita\\\/\"]}]},{\"@type\":\"ImageObject\",\"inLanguage\":\"en-US\",\"@id\":\"https:\\\/\\\/luxuryhomefloripa.com.br\\\/o-que-fazer-em-florianopolis-dicas-imperdiveis-para-sua-primeira-visita\\\/#primaryimage\",\"url\":\"https:\\\/\\\/luxuryhomefloripa.com.br\\\/wp-content\\\/uploads\\\/2024\\\/06\\\/Ponte-Hercilio-Luz-1.webp\",\"contentUrl\":\"https:\\\/\\\/luxuryhomefloripa.com.br\\\/wp-content\\\/uploads\\\/2024\\\/06\\\/Ponte-Hercilio-Luz-1.webp\",\"width\":1600,\"height\":960,\"caption\":\"Centro de Florian\u00f3polis: Estilo de Vida Pulsante e Dicas de Passeios na Ponte Herc\u00edlio Luz\"},{\"@type\":\"BreadcrumbList\",\"@id\":\"https:\\\/\\\/luxuryhomefloripa.com.br\\\/o-que-fazer-em-florianopolis-dicas-imperdiveis-para-sua-primeira-visita\\\/#breadcrumb\",\"itemListElement\":[{\"@type\":\"ListItem\",\"position\":1,\"name\":\"In\u00edcio\",\"item\":\"https:\\\/\\\/luxuryhomefloripa.com.br\\\/\"},{\"@type\":\"ListItem\",\"position\":2,\"name\":\"O que fazer em Florian\u00f3polis: Dicas imperd\u00edveis para sua primeira visita\"}]},{\"@type\":\"WebSite\",\"@id\":\"https:\\\/\\\/luxuryhomefloripa.com.br\\\/#website\",\"url\":\"https:\\\/\\\/luxuryhomefloripa.com.br\\\/\",\"name\":\"Luxury Home Floripa - Imobili\u00e1ria com Im\u00f3veis de alto padr\u00e3o em Florian\u00f3polis\",\"description\":\"Imobili\u00e1ria em Jurer\u00ea - Florian\u00f3polis com Im\u00f3veis de alto padr\u00e3o \u00e0 venda em Florian\u00f3polis. Apartamentos, casas, coberturas, terrenos e lan\u00e7amentos de luxo.\",\"publisher\":{\"@id\":\"https:\\\/\\\/luxuryhomefloripa.com.br\\\/#organization\"},\"alternateName\":\"Luxury Home Floripa\",\"potentialAction\":[{\"@type\":\"SearchAction\",\"target\":{\"@type\":\"EntryPoint\",\"urlTemplate\":\"https:\\\/\\\/luxuryhomefloripa.com.br\\\/?s={search_term_string}\"},\"query-input\":{\"@type\":\"PropertyValueSpecification\",\"valueRequired\":true,\"valueName\":\"search_term_string\"}}],\"inLanguage\":\"en-US\"},{\"@type\":\"Organization\",\"@id\":\"https:\\\/\\\/luxuryhomefloripa.com.br\\\/#organization\",\"name\":\"Luxury Home Floripa - Imobili\u00e1ria com Im\u00f3veis de alto padr\u00e3o em Florian\u00f3polis\",\"alternateName\":\"Luxury Home Floripa\",\"url\":\"https:\\\/\\\/luxuryhomefloripa.com.br\\\/\",\"logo\":{\"@type\":\"ImageObject\",\"inLanguage\":\"en-US\",\"@id\":\"https:\\\/\\\/luxuryhomefloripa.com.br\\\/#\\\/schema\\\/logo\\\/image\\\/\",\"url\":\"https:\\\/\\\/luxuryhomefloripa.com.br\\\/wp-content\\\/uploads\\\/2025\\\/11\\\/luxury-home-floripa.png\",\"contentUrl\":\"https:\\\/\\\/luxuryhomefloripa.com.br\\\/wp-content\\\/uploads\\\/2025\\\/11\\\/luxury-home-floripa.png\",\"width\":1200,\"height\":675,\"caption\":\"Luxury Home Floripa - Imobili\u00e1ria com Im\u00f3veis de alto padr\u00e3o em Florian\u00f3polis\"},\"image\":\"https:\\\/\\\/luxuryhomefloripa.com.br\\\/wp-content\\\/uploads\\\/2025\\\/11\\\/luxury-home-floripa.png\",\"sameAs\":[\"https:\\\/\\\/www.facebook.com\\\/luxuryhomefloripa\",\"https:\\\/\\\/www.instagram.com\\\/luxuryhomefloripa\\\/\",\"https:\\\/\\\/pinterest.com\\\/luxuryhomefloripa\\\/\"],\"description\":\"Imobili\u00e1ria em Jurer\u00ea, focada em lan\u00e7amentos e im\u00f3veis de alto padr\u00e3o e luxo na cidade de Florian\u00f3polis e em toda a regi\u00e3o da grande Florian\u00f3polis. Equipe especializada no mercado de Florian\u00f3polis com mais de 20 anos de experi\u00eancia.\",\"email\":\"dayrocco@luxuryhomefloripa.com.br\",\"telephone\":\"+5548996606799\",\"legalName\":\"LUXURY HOME FLORIPA\",\"foundingDate\":\"2021-01-23\",\"vatID\":\"57.909.495\\\/0001-93\",\"numberOfEmployees\":{\"@type\":\"QuantitativeValue\",\"minValue\":\"11\",\"maxValue\":\"50\"},\"address\":{\"@type\":\"PostalAddress\",\"streetAddress\":\"R. Prof. Heinz Braunsperger, 88 - Loja 3 - Jurer\u00ea Internacional\",\"addressLocality\":\"Florian\u00f3polis\",\"addressRegion\":\"Santa Catarina\",\"postalCode\":\"88053-680\",\"addressCountry\":\"BR\"}}]}<\/script>\n<!-- \/ Yoast SEO Premium plugin. -->","yoast_head_json":{"title":"What to do in Florian\u00f3polis: Unmissable tips for your visit","description":"What to do in Florian\u00f3polis: From history to ecotourism, the capital of Santa Catarina offers attractions for all tastes and types of travelers.","robots":{"index":"index","follow":"follow","max-snippet":"max-snippet:-1","max-image-preview":"max-image-preview:large","max-video-preview":"max-video-preview:-1"},"canonical":"https:\/\/luxuryhomefloripa.com.br\/en\/o-que-fazer-em-florianopolis-dicas-imperdiveis-para-sua-primeira-visita\/","og_locale":"en_US","og_type":"article","og_title":"O que fazer em Florian\u00f3polis: Dicas imperd\u00edveis para sua primeira visita","og_description":"Imobili\u00e1ria com Im\u00f3veis de alto padr\u00e3o \u00e0 venda em Florian\u00f3polis. Apartamentos, Casas, Coberturas, Terrenos e Lan\u00e7amentos de luxo.","og_url":"https:\/\/luxuryhomefloripa.com.br\/en\/o-que-fazer-em-florianopolis-dicas-imperdiveis-para-sua-primeira-visita\/","og_site_name":"Luxury Home Floripa","article_publisher":"https:\/\/www.facebook.com\/luxuryhomefloripa","article_modified_time":"2025-05-15T23:45:02+00:00","og_image":[{"width":1600,"height":960,"url":"https:\/\/luxuryhomefloripa.com.br\/wp-content\/uploads\/2024\/06\/Ponte-Hercilio-Luz-1.webp","type":"image\/webp"}],"twitter_card":"summary_large_image","twitter_misc":{"Est. reading time":"6 minutes"},"schema":{"@context":"https:\/\/schema.org","@graph":[{"@type":"WebPage","@id":"https:\/\/luxuryhomefloripa.com.br\/o-que-fazer-em-florianopolis-dicas-imperdiveis-para-sua-primeira-visita\/","url":"https:\/\/luxuryhomefloripa.com.br\/o-que-fazer-em-florianopolis-dicas-imperdiveis-para-sua-primeira-visita\/","name":"What to do in Florian\u00f3polis: Unmissable tips for your visit","isPartOf":{"@id":"https:\/\/luxuryhomefloripa.com.br\/#website"},"primaryImageOfPage":{"@id":"https:\/\/luxuryhomefloripa.com.br\/o-que-fazer-em-florianopolis-dicas-imperdiveis-para-sua-primeira-visita\/#primaryimage"},"image":{"@id":"https:\/\/luxuryhomefloripa.com.br\/o-que-fazer-em-florianopolis-dicas-imperdiveis-para-sua-primeira-visita\/#primaryimage"},"thumbnailUrl":"https:\/\/luxuryhomefloripa.com.br\/wp-content\/uploads\/2024\/06\/Ponte-Hercilio-Luz-1.webp","datePublished":"2024-10-02T16:00:58+00:00","dateModified":"2025-05-15T23:45:02+00:00","description":"What to do in Florian\u00f3polis: From history to ecotourism, the capital of Santa Catarina offers attractions for all tastes and types of travelers.","breadcrumb":{"@id":"https:\/\/luxuryhomefloripa.com.br\/o-que-fazer-em-florianopolis-dicas-imperdiveis-para-sua-primeira-visita\/#breadcrumb"},"inLanguage":"en-US","potentialAction":[{"@type":"ReadAction","target":["https:\/\/luxuryhomefloripa.com.br\/o-que-fazer-em-florianopolis-dicas-imperdiveis-para-sua-primeira-visita\/"]}]},{"@type":"ImageObject","inLanguage":"en-US","@id":"https:\/\/luxuryhomefloripa.com.br\/o-que-fazer-em-florianopolis-dicas-imperdiveis-para-sua-primeira-visita\/#primaryimage","url":"https:\/\/luxuryhomefloripa.com.br\/wp-content\/uploads\/2024\/06\/Ponte-Hercilio-Luz-1.webp","contentUrl":"https:\/\/luxuryhomefloripa.com.br\/wp-content\/uploads\/2024\/06\/Ponte-Hercilio-Luz-1.webp","width":1600,"height":960,"caption":"Centro de Florian\u00f3polis: Estilo de Vida Pulsante e Dicas de Passeios na Ponte Herc\u00edlio Luz"},{"@type":"BreadcrumbList","@id":"https:\/\/luxuryhomefloripa.com.br\/o-que-fazer-em-florianopolis-dicas-imperdiveis-para-sua-primeira-visita\/#breadcrumb","itemListElement":[{"@type":"ListItem","position":1,"name":"In\u00edcio","item":"https:\/\/luxuryhomefloripa.com.br\/"},{"@type":"ListItem","position":2,"name":"O que fazer em Florian\u00f3polis: Dicas imperd\u00edveis para sua primeira visita"}]},{"@type":"WebSite","@id":"https:\/\/luxuryhomefloripa.com.br\/#website","url":"https:\/\/luxuryhomefloripa.com.br\/","name":"Luxury Home Floripa - Real Estate Agency with high-end properties in Florian\u00f3polis","description":"Real estate agency in Jurer\u00ea - Florian\u00f3polis with high-end properties for sale in Florian\u00f3polis. Apartments, houses, penthouses, land, and luxury new developments.","publisher":{"@id":"https:\/\/luxuryhomefloripa.com.br\/#organization"},"alternateName":"Luxury Home Floripa","potentialAction":[{"@type":"SearchAction","target":{"@type":"EntryPoint","urlTemplate":"https:\/\/luxuryhomefloripa.com.br\/?s={search_term_string}"},"query-input":{"@type":"PropertyValueSpecification","valueRequired":true,"valueName":"search_term_string"}}],"inLanguage":"en-US"},{"@type":"Organization","@id":"https:\/\/luxuryhomefloripa.com.br\/#organization","name":"Luxury Home Floripa - Real Estate Agency with high-end properties in Florian\u00f3polis","alternateName":"Luxury Home Floripa","url":"https:\/\/luxuryhomefloripa.com.br\/","logo":{"@type":"ImageObject","inLanguage":"en-US","@id":"https:\/\/luxuryhomefloripa.com.br\/#\/schema\/logo\/image\/","url":"https:\/\/luxuryhomefloripa.com.br\/wp-content\/uploads\/2025\/11\/luxury-home-floripa.png","contentUrl":"https:\/\/luxuryhomefloripa.com.br\/wp-content\/uploads\/2025\/11\/luxury-home-floripa.png","width":1200,"height":675,"caption":"Luxury Home Floripa - Imobili\u00e1ria com Im\u00f3veis de alto padr\u00e3o em Florian\u00f3polis"},"image":"https:\/\/luxuryhomefloripa.com.br\/wp-content\/uploads\/2025\/11\/luxury-home-floripa.png","sameAs":["https:\/\/www.facebook.com\/luxuryhomefloripa","https:\/\/www.instagram.com\/luxuryhomefloripa\/","https:\/\/pinterest.com\/luxuryhomefloripa\/"],"description":"Real estate agency in Jurer\u00ea, focused on new developments and high-end luxury properties in the city of Florian\u00f3polis and throughout the greater Florian\u00f3polis region. Our team has specialized in the Florian\u00f3polis market and has over 20 years of experience.","email":"dayrocco@luxuryhomefloripa.com.br","telephone":"+5548996606799","legalName":"LUXURY HOME FLORIPA","foundingDate":"2021-01-23","vatID":"57.909.495\/0001-93","numberOfEmployees":{"@type":"QuantitativeValue","minValue":"11","maxValue":"50"},"address":{"@type":"PostalAddress","streetAddress":"R. Prof. Heinz Braunsperger, 88 - Loja 3 - Jurer\u00ea Internacional","addressLocality":"Florian\u00f3polis","addressRegion":"Santa Catarina","postalCode":"88053-680","addressCountry":"BR"}}]}},"_links":{"self":[{"href":"https:\/\/luxuryhomefloripa.com.br\/en\/wp-json\/wp\/v2\/pages\/64012","targetHints":{"allow":["GET"]}}],"collection":[{"href":"https:\/\/luxuryhomefloripa.com.br\/en\/wp-json\/wp\/v2\/pages"}],"about":[{"href":"https:\/\/luxuryhomefloripa.com.br\/en\/wp-json\/wp\/v2\/types\/page"}],"author":[{"embeddable":true,"href":"https:\/\/luxuryhomefloripa.com.br\/en\/wp-json\/wp\/v2\/users\/10"}],"replies":[{"embeddable":true,"href":"https:\/\/luxuryhomefloripa.com.br\/en\/wp-json\/wp\/v2\/comments?post=64012"}],"version-history":[{"count":0,"href":"https:\/\/luxuryhomefloripa.com.br\/en\/wp-json\/wp\/v2\/pages\/64012\/revisions"}],"wp:featuredmedia":[{"embeddable":true,"href":"https:\/\/luxuryhomefloripa.com.br\/en\/wp-json\/wp\/v2\/media\/60693"}],"wp:attachment":[{"href":"https:\/\/luxuryhomefloripa.com.br\/en\/wp-json\/wp\/v2\/media?parent=64012"}],"wp:term":[{"taxonomy":"category","embeddable":true,"href":"https:\/\/luxuryhomefloripa.com.br\/en\/wp-json\/wp\/v2\/categories?post=64012"}],"curies":[{"name":"wp","href":"https:\/\/api.w.org\/{rel}","templated":true}]}}